{"id":11603,"date":"2024-02-09T16:02:57","date_gmt":"2024-02-09T15:02:57","guid":{"rendered":"https:\/\/inksanepiercing.com\/?post_type=product&#038;p=11603"},"modified":"2024-09-08T14:59:47","modified_gmt":"2024-09-08T12:59:47","slug":"eclipse-titanium-ring","status":"publish","type":"product","link":"http:\/\/inksanepiercing.com\/fr\/shop\/oorlelpiercings\/eclipse-titanium-ring\/","title":{"rendered":"Eclipse - Titane - Bague"},"content":{"rendered":"<p>Bague en titane<\/p>\n<p>&nbsp;<\/p>\n<p>D\u00e9lai de livraison de 2 \u00e0 3 semaines<\/p>\n<p>D\u00e9tails :<\/p>\n<ul>\n<li>Taille totale : 1,2 mm d'\u00e9paisseur, 8 mm de diam\u00e8tre<\/li>\n<li>Titane de qualit\u00e9 implantaire ASTM F136<\/li>\n<li>Possibilit\u00e9 de d\u00e9coloration. Le blanc, le noir et le rouge ne sont pas des options<\/li>\n<\/ul>","protected":false},"excerpt":{"rendered":"<p>Bague en titane D\u00e9lai de livraison 2-3 semaines D\u00e9tails : Taille totale : 1,2 mm d'\u00e9paisseur, 8 mm de diam\u00e8tre Titane ASTM F136 de qualit\u00e9 implantable Possibilit\u00e9 de d\u00e9coloration. Le blanc, le noir et le rouge ne sont pas des options.<\/p>","protected":false},"featured_media":11604,"template":"","meta":{"site-sidebar-layout":"default","site-content-layout":"","ast-site-content-layout":"default","site-content-style":"default","site-sidebar-style":"default","ast-global-header-display":"","ast-banner-title-visibility":"","ast-main-header-display":"","ast-hfb-above-header-display":"","ast-hfb-below-header-display":"","ast-hfb-mobile-header-display":"","site-post-title":"","ast-breadcrumbs-content":"","ast-featured-img":"","footer-sml-layout":"","theme-transparent-header-meta":"default","adv-header-id-meta":"","stick-header-meta":"","header-above-stick-meta":"","header-main-stick-meta":"","header-below-stick-meta":"","astra-migrate-meta-layouts":"set","ast-page-background-enabled":"default","ast-page-background-meta":{"desktop":{"background-color":"","background-image":"","background-repeat":"repeat","background-position":"center center","background-size":"auto","background-attachment":"scroll","background-type":"","background-media":"","overlay-type":"","overlay-color":"","overlay-opacity":"","overlay-gradient":""},"tablet":{"background-color":"","background-image":"","background-repeat":"repeat","background-position":"center center","background-size":"auto","background-attachment":"scroll","background-type":"","background-media":"","overlay-type":"","overlay-color":"","overlay-opacity":"","overlay-gradient":""},"mobile":{"background-color":"","background-image":"","background-repeat":"repeat","background-position":"center center","background-size":"auto","background-attachment":"scroll","background-type":"","background-media":"","overlay-type":"","overlay-color":"","overlay-opacity":"","overlay-gradient":""}},"ast-content-background-meta":{"desktop":{"background-color":"var(--ast-global-color-5)","background-image":"","background-repeat":"repeat","background-position":"center center","background-size":"auto","background-attachment":"scroll","background-type":"","background-media":"","overlay-type":"","overlay-color":"","overlay-opacity":"","overlay-gradient":""},"tablet":{"background-color":"var(--ast-global-color-5)","background-image":"","background-repeat":"repeat","background-position":"center center","background-size":"auto","background-attachment":"scroll","background-type":"","background-media":"","overlay-type":"","overlay-color":"","overlay-opacity":"","overlay-gradient":""},"mobile":{"background-color":"var(--ast-global-color-5)","background-image":"","background-repeat":"repeat","background-position":"center center","background-size":"auto","background-attachment":"scroll","background-type":"","background-media":"","overlay-type":"","overlay-color":"","overlay-opacity":"","overlay-gradient":""}}},"product_brand":[],"product_cat":[543,947,65],"product_tag":[],"class_list":{"0":"post-11603","1":"product","2":"type-product","3":"status-publish","4":"has-post-thumbnail","6":"product_cat-helixpiercing","7":"product_cat-oorlelpiercings","8":"product_cat-ring","9":"desktop-align-center","10":"tablet-align-center","11":"mobile-align-center","12":"ast-product-gallery-layout-horizontal","13":"ast-product-gallery-with-no-image","14":"ast-product-tabs-layout-horizontal","15":"ast-qv-on-image","17":"first","18":"instock","19":"shipping-taxable","20":"product-type-simple"},"yoast_head":"<!-- This site is optimized with the Yoast SEO Premium plugin v21.9 (Yoast SEO v27.4) - https:\/\/yoast.com\/product\/yoast-seo-premium-wordpress\/ -->\n<title>Eclipse - Titanium - Ring - inksanepiercing.com<\/title>\n<meta name=\"robots\" content=\"index, follow, max-snippet:-1, max-image-preview:large, max-video-preview:-1\" \/>\n<link rel=\"canonical\" href=\"https:\/\/inksanepiercing.com\/fr\/shop\/oorlelpiercings\/eclipse-titanium-ring\/\" \/>\n<meta property=\"og:locale\" content=\"fr_FR\" \/>\n<meta property=\"og:type\" content=\"article\" \/>\n<meta property=\"og:title\" content=\"Eclipse - Titanium - Ring - inksanepiercing.com\" \/>\n<meta property=\"og:description\" content=\"Titanium ring &nbsp; 2-3 weken leveringstermijn Details: Algehele grootte: 1,2mm dik, 8mm diameter ASTM F136 implant grade titanium Mogelijkheid tot verkleuren. Wit, zwart en rood zijn geen opties\" \/>\n<meta property=\"og:url\" content=\"https:\/\/inksanepiercing.com\/fr\/shop\/oorlelpiercings\/eclipse-titanium-ring\/\" \/>\n<meta property=\"og:site_name\" content=\"inksanepiercing.com\" \/>\n<meta property=\"article:publisher\" content=\"https:\/\/www.facebook.com\/InksanePiercing\" \/>\n<meta property=\"article:modified_time\" content=\"2024-09-08T12:59:47+00:00\" \/>\n<meta property=\"og:image\" content=\"https:\/\/inksanepiercing.com\/wp-content\/uploads\/2024\/02\/Screenshot-2024-02-09-154421.png\" \/>\n\t<meta property=\"og:image:width\" content=\"421\" \/>\n\t<meta property=\"og:image:height\" content=\"417\" \/>\n\t<meta property=\"og:image:type\" content=\"image\/png\" \/>\n<meta name=\"twitter:card\" content=\"summary_large_image\" \/>\n<meta name=\"twitter:label1\" content=\"Price\" \/>\n\t<meta name=\"twitter:data1\" content=\"\" \/>\n\t<meta name=\"twitter:label2\" content=\"Availability\" \/>\n\t<meta name=\"twitter:data2\" content=\"In stock\" \/>\n<script type=\"application\/ld+json\" class=\"yoast-schema-graph\">{\"@context\":\"https:\\\/\\\/schema.org\",\"@graph\":[{\"@type\":\"WebPage\",\"@id\":\"https:\\\/\\\/inksanepiercing.com\\\/shop\\\/oorlelpiercings\\\/eclipse-titanium-ring\\\/\",\"url\":\"https:\\\/\\\/inksanepiercing.com\\\/shop\\\/oorlelpiercings\\\/eclipse-titanium-ring\\\/\",\"name\":\"Eclipse - Titanium - Ring - inksanepiercing.com\",\"isPartOf\":{\"@id\":\"https:\\\/\\\/inksanepiercing.com\\\/#website\"},\"primaryImageOfPage\":{\"@id\":\"https:\\\/\\\/inksanepiercing.com\\\/shop\\\/oorlelpiercings\\\/eclipse-titanium-ring\\\/#primaryimage\"},\"image\":{\"@id\":\"https:\\\/\\\/inksanepiercing.com\\\/shop\\\/oorlelpiercings\\\/eclipse-titanium-ring\\\/#primaryimage\"},\"thumbnailUrl\":\"https:\\\/\\\/inksanepiercing.com\\\/wp-content\\\/uploads\\\/2024\\\/02\\\/Screenshot-2024-02-09-154421.png\",\"datePublished\":\"2024-02-09T15:02:57+00:00\",\"dateModified\":\"2024-09-08T12:59:47+00:00\",\"breadcrumb\":{\"@id\":\"https:\\\/\\\/inksanepiercing.com\\\/shop\\\/oorlelpiercings\\\/eclipse-titanium-ring\\\/#breadcrumb\"},\"inLanguage\":\"fr-BE\",\"potentialAction\":[{\"@type\":\"ReadAction\",\"target\":[\"https:\\\/\\\/inksanepiercing.com\\\/shop\\\/oorlelpiercings\\\/eclipse-titanium-ring\\\/\"]}]},{\"@type\":\"ImageObject\",\"inLanguage\":\"fr-BE\",\"@id\":\"https:\\\/\\\/inksanepiercing.com\\\/shop\\\/oorlelpiercings\\\/eclipse-titanium-ring\\\/#primaryimage\",\"url\":\"https:\\\/\\\/inksanepiercing.com\\\/wp-content\\\/uploads\\\/2024\\\/02\\\/Screenshot-2024-02-09-154421.png\",\"contentUrl\":\"https:\\\/\\\/inksanepiercing.com\\\/wp-content\\\/uploads\\\/2024\\\/02\\\/Screenshot-2024-02-09-154421.png\",\"width\":421,\"height\":417},{\"@type\":\"BreadcrumbList\",\"@id\":\"https:\\\/\\\/inksanepiercing.com\\\/shop\\\/oorlelpiercings\\\/eclipse-titanium-ring\\\/#breadcrumb\",\"itemListElement\":[{\"@type\":\"ListItem\",\"position\":1,\"name\":\"Shop\",\"item\":\"http:\\\/\\\/inksanepiercing.com\\\/en\\\/shop\\\/\"},{\"@type\":\"ListItem\",\"position\":2,\"name\":\"Eclipse &#8211; Titanium &#8211; Ring\"}]},{\"@type\":\"WebSite\",\"@id\":\"https:\\\/\\\/inksanepiercing.com\\\/#website\",\"url\":\"https:\\\/\\\/inksanepiercing.com\\\/\",\"name\":\"inksanepiercing.com\",\"description\":\"Inksane piercing en webshop\",\"publisher\":{\"@id\":\"https:\\\/\\\/inksanepiercing.com\\\/#organization\"},\"potentialAction\":[{\"@type\":\"SearchAction\",\"target\":{\"@type\":\"EntryPoint\",\"urlTemplate\":\"https:\\\/\\\/inksanepiercing.com\\\/?s={search_term_string}\"},\"query-input\":{\"@type\":\"PropertyValueSpecification\",\"valueRequired\":true,\"valueName\":\"search_term_string\"}}],\"inLanguage\":\"fr-BE\"},{\"@type\":\"Organization\",\"@id\":\"https:\\\/\\\/inksanepiercing.com\\\/#organization\",\"name\":\"inksanepiercing.com\",\"url\":\"https:\\\/\\\/inksanepiercing.com\\\/\",\"logo\":{\"@type\":\"ImageObject\",\"inLanguage\":\"fr-BE\",\"@id\":\"https:\\\/\\\/inksanepiercing.com\\\/#\\\/schema\\\/logo\\\/image\\\/\",\"url\":\"https:\\\/\\\/inksanepiercing.com\\\/wp-content\\\/uploads\\\/2023\\\/12\\\/cropped-cropped-logo-grijs-rozer.png\",\"contentUrl\":\"https:\\\/\\\/inksanepiercing.com\\\/wp-content\\\/uploads\\\/2023\\\/12\\\/cropped-cropped-logo-grijs-rozer.png\",\"width\":2131,\"height\":1067,\"caption\":\"inksanepiercing.com\"},\"image\":{\"@id\":\"https:\\\/\\\/inksanepiercing.com\\\/#\\\/schema\\\/logo\\\/image\\\/\"},\"sameAs\":[\"https:\\\/\\\/www.facebook.com\\\/InksanePiercing\",\"https:\\\/\\\/www.instagram.com\\\/inksane_piercing\\\/\"]}]}<\/script>\n<meta property=\"product:price:currency\" content=\"EUR\" \/>\n<meta property=\"og:availability\" content=\"instock\" \/>\n<meta property=\"product:availability\" content=\"instock\" \/>\n<meta property=\"product:condition\" content=\"new\" \/>\n<!-- \/ Yoast SEO Premium plugin. -->","yoast_head_json":{"title":"Eclipse - Titane - Bague - inksanepiercing.com","robots":{"index":"index","follow":"follow","max-snippet":"max-snippet:-1","max-image-preview":"max-image-preview:large","max-video-preview":"max-video-preview:-1"},"canonical":"https:\/\/inksanepiercing.com\/fr\/shop\/oorlelpiercings\/eclipse-titanium-ring\/","og_locale":"fr_FR","og_type":"article","og_title":"Eclipse - Titanium - Ring - inksanepiercing.com","og_description":"Titanium ring &nbsp; 2-3 weken leveringstermijn Details: Algehele grootte: 1,2mm dik, 8mm diameter ASTM F136 implant grade titanium Mogelijkheid tot verkleuren. Wit, zwart en rood zijn geen opties","og_url":"https:\/\/inksanepiercing.com\/fr\/shop\/oorlelpiercings\/eclipse-titanium-ring\/","og_site_name":"inksanepiercing.com","article_publisher":"https:\/\/www.facebook.com\/InksanePiercing","article_modified_time":"2024-09-08T12:59:47+00:00","og_image":[{"width":421,"height":417,"url":"https:\/\/inksanepiercing.com\/wp-content\/uploads\/2024\/02\/Screenshot-2024-02-09-154421.png","type":"image\/png"}],"twitter_card":"summary_large_image","twitter_misc":{"Price":"","Availability":"In stock"},"schema":{"@context":"https:\/\/schema.org","@graph":[{"@type":"WebPage","@id":"https:\/\/inksanepiercing.com\/shop\/oorlelpiercings\/eclipse-titanium-ring\/","url":"https:\/\/inksanepiercing.com\/shop\/oorlelpiercings\/eclipse-titanium-ring\/","name":"Eclipse - Titane - Bague - inksanepiercing.com","isPartOf":{"@id":"https:\/\/inksanepiercing.com\/#website"},"primaryImageOfPage":{"@id":"https:\/\/inksanepiercing.com\/shop\/oorlelpiercings\/eclipse-titanium-ring\/#primaryimage"},"image":{"@id":"https:\/\/inksanepiercing.com\/shop\/oorlelpiercings\/eclipse-titanium-ring\/#primaryimage"},"thumbnailUrl":"https:\/\/inksanepiercing.com\/wp-content\/uploads\/2024\/02\/Screenshot-2024-02-09-154421.png","datePublished":"2024-02-09T15:02:57+00:00","dateModified":"2024-09-08T12:59:47+00:00","breadcrumb":{"@id":"https:\/\/inksanepiercing.com\/shop\/oorlelpiercings\/eclipse-titanium-ring\/#breadcrumb"},"inLanguage":"fr-BE","potentialAction":[{"@type":"ReadAction","target":["https:\/\/inksanepiercing.com\/shop\/oorlelpiercings\/eclipse-titanium-ring\/"]}]},{"@type":"ImageObject","inLanguage":"fr-BE","@id":"https:\/\/inksanepiercing.com\/shop\/oorlelpiercings\/eclipse-titanium-ring\/#primaryimage","url":"https:\/\/inksanepiercing.com\/wp-content\/uploads\/2024\/02\/Screenshot-2024-02-09-154421.png","contentUrl":"https:\/\/inksanepiercing.com\/wp-content\/uploads\/2024\/02\/Screenshot-2024-02-09-154421.png","width":421,"height":417},{"@type":"BreadcrumbList","@id":"https:\/\/inksanepiercing.com\/shop\/oorlelpiercings\/eclipse-titanium-ring\/#breadcrumb","itemListElement":[{"@type":"ListItem","position":1,"name":"Shop","item":"http:\/\/inksanepiercing.com\/en\/shop\/"},{"@type":"ListItem","position":2,"name":"Eclipse &#8211; Titanium &#8211; Ring"}]},{"@type":"WebSite","@id":"https:\/\/inksanepiercing.com\/#website","url":"https:\/\/inksanepiercing.com\/","name":"inksanepiercing.com","description":"Inksane piercing et boutique en ligne","publisher":{"@id":"https:\/\/inksanepiercing.com\/#organization"},"potentialAction":[{"@type":"SearchAction","target":{"@type":"EntryPoint","urlTemplate":"https:\/\/inksanepiercing.com\/?s={search_term_string}"},"query-input":{"@type":"PropertyValueSpecification","valueRequired":true,"valueName":"search_term_string"}}],"inLanguage":"fr-BE"},{"@type":"Organization","@id":"https:\/\/inksanepiercing.com\/#organization","name":"inksanepiercing.com","url":"https:\/\/inksanepiercing.com\/","logo":{"@type":"ImageObject","inLanguage":"fr-BE","@id":"https:\/\/inksanepiercing.com\/#\/schema\/logo\/image\/","url":"https:\/\/inksanepiercing.com\/wp-content\/uploads\/2023\/12\/cropped-cropped-logo-grijs-rozer.png","contentUrl":"https:\/\/inksanepiercing.com\/wp-content\/uploads\/2023\/12\/cropped-cropped-logo-grijs-rozer.png","width":2131,"height":1067,"caption":"inksanepiercing.com"},"image":{"@id":"https:\/\/inksanepiercing.com\/#\/schema\/logo\/image\/"},"sameAs":["https:\/\/www.facebook.com\/InksanePiercing","https:\/\/www.instagram.com\/inksane_piercing\/"]}]},"product_price_currency":"EUR","og_availability":"instock","product_availability":"instock","product_condition":"new"},"_links":{"self":[{"href":"http:\/\/inksanepiercing.com\/fr\/wp-json\/wp\/v2\/product\/11603","targetHints":{"allow":["GET"]}}],"collection":[{"href":"http:\/\/inksanepiercing.com\/fr\/wp-json\/wp\/v2\/product"}],"about":[{"href":"http:\/\/inksanepiercing.com\/fr\/wp-json\/wp\/v2\/types\/product"}],"wp:featuredmedia":[{"embeddable":true,"href":"http:\/\/inksanepiercing.com\/fr\/wp-json\/wp\/v2\/media\/11604"}],"wp:attachment":[{"href":"http:\/\/inksanepiercing.com\/fr\/wp-json\/wp\/v2\/media?parent=11603"}],"wp:term":[{"taxonomy":"product_brand","embeddable":true,"href":"http:\/\/inksanepiercing.com\/fr\/wp-json\/wp\/v2\/product_brand?post=11603"},{"taxonomy":"product_cat","embeddable":true,"href":"http:\/\/inksanepiercing.com\/fr\/wp-json\/wp\/v2\/product_cat?post=11603"},{"taxonomy":"product_tag","embeddable":true,"href":"http:\/\/inksanepiercing.com\/fr\/wp-json\/wp\/v2\/product_tag?post=11603"}],"curies":[{"name":"wp","href":"https:\/\/api.w.org\/{rel}","templated":true}]}}