{"id":7174,"date":"2023-04-18T15:09:03","date_gmt":"2023-04-18T13:09:03","guid":{"rendered":"https:\/\/inksanepiercing.com\/?post_type=product&#038;p=7174"},"modified":"2024-09-08T15:03:16","modified_gmt":"2024-09-08T13:03:16","slug":"boog-met-6-steentjes","status":"publish","type":"product","link":"http:\/\/inksanepiercing.com\/fr\/shop\/conchpiercing\/boog-met-6-steentjes\/","title":{"rendered":"Arche avec 5 pierres"},"content":{"rendered":"<h1><strong>Magnifique top avec pierre de 5 zircons pour les piercings d'oreilles<br \/>\n<\/strong><\/h1>\n<p>Un choix subtil et \u00e9l\u00e9gant, ce top(par).<\/p>\n<p>Un piercing avec 5 pierres en grappe pour un look \u00e9l\u00e9gant.<\/p>\n<p>La partie sup\u00e9rieure est sans vis et peut \u00eatre utilis\u00e9e pour une vari\u00e9t\u00e9 de piercings :<\/p>\n<ul>\n<li>\n<h2>Conque,<\/h2>\n<\/li>\n<li>\n<h2>Helix,<\/h2>\n<\/li>\n<li>\n<h2>Lobe d'oreille,<\/h2>\n<\/li>\n<li>\n<h2>Plat.<\/h2>\n<\/li>\n<\/ul>\n<h3><strong>Bijoux sans nickel et sans plomb<br \/>\n<\/strong><\/h3>\n<ul>\n<li>Fermeture : sans vis<\/li>\n<li>M\u00e9tal : titane de qualit\u00e9 implantaire (ASTM F-136)<\/li>\n<li>Zircone<\/li>\n<\/ul>\n<p><strong>Extra : <\/strong><\/p>\n<ul>\n<li>Ces hauts ne s'adaptent qu'aux <a href=\"https:\/\/inksanepiercing.com\/fr\/shop\/neuspiercing\/labret-schroefloos\/\">tige sans vis<\/a> (vendu s\u00e9par\u00e9ment)<\/li>\n<li>Le titane peut \u00eatre d\u00e9color\u00e9. Le blanc, le noir et le rouge ne sont pas des options. Si vous le souhaitez, vous pouvez le mentionner lors de la commande.<\/li>\n<\/ul>","protected":false},"excerpt":{"rendered":"<p>Mooie top met 5 zirkonia&#8217;s steentje voor oorpiercings Een subtiele en klasse volle keuze, deze top(per). Een piercing met 5 steentjes in een cluster voor een stijlvolle uitstraling. De top is schroefloos en kan voor verschillende piercings worden gebruikt: Conch, Helix, Oorlel, Flat. Nikkelvrije en loodvrije juwelen Sluiting: schroefloos Metaal: Implant grade titanium (ASTM F-136) [&hellip;]<\/p>\n","protected":false},"featured_media":12358,"template":"","meta":{"site-sidebar-layout":"default","site-content-layout":"default","ast-site-content-layout":"default","site-content-style":"default","site-sidebar-style":"default","ast-global-header-display":"","ast-banner-title-visibility":"","ast-main-header-display":"","ast-hfb-above-header-display":"","ast-hfb-below-header-display":"","ast-hfb-mobile-header-display":"","site-post-title":"","ast-breadcrumbs-content":"","ast-featured-img":"","footer-sml-layout":"","theme-transparent-header-meta":"default","adv-header-id-meta":"","stick-header-meta":"","header-above-stick-meta":"","header-main-stick-meta":"","header-below-stick-meta":"","astra-migrate-meta-layouts":"set","ast-page-background-enabled":"default","ast-page-background-meta":{"desktop":{"background-color":"","background-image":"","background-repeat":"repeat","background-position":"center center","background-size":"auto","background-attachment":"scroll","background-type":"","background-media":"","overlay-type":"","overlay-color":"","overlay-opacity":"","overlay-gradient":""},"tablet":{"background-color":"","background-image":"","background-repeat":"repeat","background-position":"center center","background-size":"auto","background-attachment":"scroll","background-type":"","background-media":"","overlay-type":"","overlay-color":"","overlay-opacity":"","overlay-gradient":""},"mobile":{"background-color":"","background-image":"","background-repeat":"repeat","background-position":"center center","background-size":"auto","background-attachment":"scroll","background-type":"","background-media":"","overlay-type":"","overlay-color":"","overlay-opacity":"","overlay-gradient":""}},"ast-content-background-meta":{"desktop":{"background-color":"var(--ast-global-color-5)","background-image":"","background-repeat":"repeat","background-position":"center center","background-size":"auto","background-attachment":"scroll","background-type":"","background-media":"","overlay-type":"","overlay-color":"","overlay-opacity":"","overlay-gradient":""},"tablet":{"background-color":"var(--ast-global-color-5)","background-image":"","background-repeat":"repeat","background-position":"center center","background-size":"auto","background-attachment":"scroll","background-type":"","background-media":"","overlay-type":"","overlay-color":"","overlay-opacity":"","overlay-gradient":""},"mobile":{"background-color":"var(--ast-global-color-5)","background-image":"","background-repeat":"repeat","background-position":"center center","background-size":"auto","background-attachment":"scroll","background-type":"","background-media":"","overlay-type":"","overlay-color":"","overlay-opacity":"","overlay-gradient":""}}},"product_brand":[],"product_cat":[541,543,947],"product_tag":[],"class_list":{"0":"post-7174","1":"product","2":"type-product","3":"status-publish","4":"has-post-thumbnail","6":"product_cat-conchpiercing","7":"product_cat-helixpiercing","8":"product_cat-oorlelpiercings","9":"desktop-align-center","10":"tablet-align-center","11":"mobile-align-center","12":"ast-product-gallery-layout-horizontal","13":"ast-product-tabs-layout-horizontal","14":"ast-qv-on-image","16":"first","17":"outofstock","18":"shipping-taxable","19":"product-type-simple"},"yoast_head":"<!-- This site is optimized with the Yoast SEO Premium plugin v21.9 (Yoast SEO v27.5) - https:\/\/yoast.com\/product\/yoast-seo-premium-wordpress\/ -->\n<title>Boog met 5 steentjes - inksanepiercing.com<\/title>\n<meta name=\"robots\" content=\"index, follow, max-snippet:-1, max-image-preview:large, max-video-preview:-1\" \/>\n<link rel=\"canonical\" href=\"https:\/\/inksanepiercing.com\/fr\/shop\/conchpiercing\/boog-met-6-steentjes\/\" \/>\n<meta property=\"og:locale\" content=\"fr_FR\" \/>\n<meta property=\"og:type\" content=\"article\" \/>\n<meta property=\"og:title\" content=\"Boog met 5 steentjes - inksanepiercing.com\" \/>\n<meta property=\"og:description\" content=\"Mooie top met 5 zirkonia&#8217;s steentje voor oorpiercings Een subtiele en klasse volle keuze, deze top(per). Een piercing met 5 steentjes in een cluster voor een stijlvolle uitstraling. De top is schroefloos en kan voor verschillende piercings worden gebruikt: Conch, Helix, Oorlel, Flat. Nikkelvrije en loodvrije juwelen Sluiting: schroefloos Metaal: Implant grade titanium (ASTM F-136) [&hellip;]\" \/>\n<meta property=\"og:url\" content=\"https:\/\/inksanepiercing.com\/fr\/shop\/conchpiercing\/boog-met-6-steentjes\/\" \/>\n<meta property=\"og:site_name\" content=\"inksanepiercing.com\" \/>\n<meta property=\"article:publisher\" content=\"https:\/\/www.facebook.com\/InksanePiercing\" \/>\n<meta property=\"article:modified_time\" content=\"2024-09-08T13:03:16+00:00\" \/>\n<meta property=\"og:image\" content=\"https:\/\/inksanepiercing.com\/wp-content\/uploads\/2023\/04\/titls800.webp\" \/>\n\t<meta property=\"og:image:width\" content=\"700\" \/>\n\t<meta property=\"og:image:height\" content=\"700\" \/>\n\t<meta property=\"og:image:type\" content=\"image\/webp\" \/>\n<meta name=\"twitter:card\" content=\"summary_large_image\" \/>\n<meta name=\"twitter:label1\" content=\"Price\" \/>\n\t<meta name=\"twitter:data1\" content=\"\" \/>\n\t<meta name=\"twitter:label2\" content=\"Availability\" \/>\n\t<meta name=\"twitter:data2\" content=\"Out of stock\" \/>\n<script type=\"application\/ld+json\" class=\"yoast-schema-graph\">{\"@context\":\"https:\\\/\\\/schema.org\",\"@graph\":[{\"@type\":\"WebPage\",\"@id\":\"https:\\\/\\\/inksanepiercing.com\\\/shop\\\/conchpiercing\\\/boog-met-6-steentjes\\\/\",\"url\":\"https:\\\/\\\/inksanepiercing.com\\\/shop\\\/conchpiercing\\\/boog-met-6-steentjes\\\/\",\"name\":\"Boog met 5 steentjes - inksanepiercing.com\",\"isPartOf\":{\"@id\":\"https:\\\/\\\/inksanepiercing.com\\\/#website\"},\"primaryImageOfPage\":{\"@id\":\"https:\\\/\\\/inksanepiercing.com\\\/shop\\\/conchpiercing\\\/boog-met-6-steentjes\\\/#primaryimage\"},\"image\":{\"@id\":\"https:\\\/\\\/inksanepiercing.com\\\/shop\\\/conchpiercing\\\/boog-met-6-steentjes\\\/#primaryimage\"},\"thumbnailUrl\":\"https:\\\/\\\/inksanepiercing.com\\\/wp-content\\\/uploads\\\/2023\\\/04\\\/titls800.webp\",\"datePublished\":\"2023-04-18T13:09:03+00:00\",\"dateModified\":\"2024-09-08T13:03:16+00:00\",\"breadcrumb\":{\"@id\":\"https:\\\/\\\/inksanepiercing.com\\\/shop\\\/conchpiercing\\\/boog-met-6-steentjes\\\/#breadcrumb\"},\"inLanguage\":\"fr-BE\",\"potentialAction\":[{\"@type\":\"ReadAction\",\"target\":[\"https:\\\/\\\/inksanepiercing.com\\\/shop\\\/conchpiercing\\\/boog-met-6-steentjes\\\/\"]}]},{\"@type\":\"ImageObject\",\"inLanguage\":\"fr-BE\",\"@id\":\"https:\\\/\\\/inksanepiercing.com\\\/shop\\\/conchpiercing\\\/boog-met-6-steentjes\\\/#primaryimage\",\"url\":\"https:\\\/\\\/inksanepiercing.com\\\/wp-content\\\/uploads\\\/2023\\\/04\\\/titls800.webp\",\"contentUrl\":\"https:\\\/\\\/inksanepiercing.com\\\/wp-content\\\/uploads\\\/2023\\\/04\\\/titls800.webp\",\"width\":700,\"height\":700},{\"@type\":\"BreadcrumbList\",\"@id\":\"https:\\\/\\\/inksanepiercing.com\\\/shop\\\/conchpiercing\\\/boog-met-6-steentjes\\\/#breadcrumb\",\"itemListElement\":[{\"@type\":\"ListItem\",\"position\":1,\"name\":\"Shop\",\"item\":\"http:\\\/\\\/inksanepiercing.com\\\/en\\\/shop\\\/\"},{\"@type\":\"ListItem\",\"position\":2,\"name\":\"Boog met 5 steentjes\"}]},{\"@type\":\"WebSite\",\"@id\":\"https:\\\/\\\/inksanepiercing.com\\\/#website\",\"url\":\"https:\\\/\\\/inksanepiercing.com\\\/\",\"name\":\"inksanepiercing.com\",\"description\":\"Inksane piercing en webshop\",\"publisher\":{\"@id\":\"https:\\\/\\\/inksanepiercing.com\\\/#organization\"},\"potentialAction\":[{\"@type\":\"SearchAction\",\"target\":{\"@type\":\"EntryPoint\",\"urlTemplate\":\"https:\\\/\\\/inksanepiercing.com\\\/?s={search_term_string}\"},\"query-input\":{\"@type\":\"PropertyValueSpecification\",\"valueRequired\":true,\"valueName\":\"search_term_string\"}}],\"inLanguage\":\"fr-BE\"},{\"@type\":\"Organization\",\"@id\":\"https:\\\/\\\/inksanepiercing.com\\\/#organization\",\"name\":\"inksanepiercing.com\",\"url\":\"https:\\\/\\\/inksanepiercing.com\\\/\",\"logo\":{\"@type\":\"ImageObject\",\"inLanguage\":\"fr-BE\",\"@id\":\"https:\\\/\\\/inksanepiercing.com\\\/#\\\/schema\\\/logo\\\/image\\\/\",\"url\":\"https:\\\/\\\/inksanepiercing.com\\\/wp-content\\\/uploads\\\/2023\\\/12\\\/cropped-cropped-logo-grijs-rozer.png\",\"contentUrl\":\"https:\\\/\\\/inksanepiercing.com\\\/wp-content\\\/uploads\\\/2023\\\/12\\\/cropped-cropped-logo-grijs-rozer.png\",\"width\":2131,\"height\":1067,\"caption\":\"inksanepiercing.com\"},\"image\":{\"@id\":\"https:\\\/\\\/inksanepiercing.com\\\/#\\\/schema\\\/logo\\\/image\\\/\"},\"sameAs\":[\"https:\\\/\\\/www.facebook.com\\\/InksanePiercing\",\"https:\\\/\\\/www.instagram.com\\\/inksane_piercing\\\/\"]}]}<\/script>\n<meta property=\"product:price:currency\" content=\"EUR\" \/>\n<meta property=\"og:availability\" content=\"out of stock\" \/>\n<meta property=\"product:availability\" content=\"out of stock\" \/>\n<meta property=\"product:condition\" content=\"new\" \/>\n<!-- \/ Yoast SEO Premium plugin. -->","yoast_head_json":{"title":"Arche avec 5 pierres - inksanepiercing.com","robots":{"index":"index","follow":"follow","max-snippet":"max-snippet:-1","max-image-preview":"max-image-preview:large","max-video-preview":"max-video-preview:-1"},"canonical":"https:\/\/inksanepiercing.com\/fr\/shop\/conchpiercing\/boog-met-6-steentjes\/","og_locale":"fr_FR","og_type":"article","og_title":"Boog met 5 steentjes - inksanepiercing.com","og_description":"Mooie top met 5 zirkonia&#8217;s steentje voor oorpiercings Een subtiele en klasse volle keuze, deze top(per). Een piercing met 5 steentjes in een cluster voor een stijlvolle uitstraling. De top is schroefloos en kan voor verschillende piercings worden gebruikt: Conch, Helix, Oorlel, Flat. Nikkelvrije en loodvrije juwelen Sluiting: schroefloos Metaal: Implant grade titanium (ASTM F-136) [&hellip;]","og_url":"https:\/\/inksanepiercing.com\/fr\/shop\/conchpiercing\/boog-met-6-steentjes\/","og_site_name":"inksanepiercing.com","article_publisher":"https:\/\/www.facebook.com\/InksanePiercing","article_modified_time":"2024-09-08T13:03:16+00:00","og_image":[{"width":700,"height":700,"url":"https:\/\/inksanepiercing.com\/wp-content\/uploads\/2023\/04\/titls800.webp","type":"image\/webp"}],"twitter_card":"summary_large_image","twitter_misc":{"Price":"","Availability":"Out of stock"},"schema":{"@context":"https:\/\/schema.org","@graph":[{"@type":"WebPage","@id":"https:\/\/inksanepiercing.com\/shop\/conchpiercing\/boog-met-6-steentjes\/","url":"https:\/\/inksanepiercing.com\/shop\/conchpiercing\/boog-met-6-steentjes\/","name":"Arche avec 5 pierres - inksanepiercing.com","isPartOf":{"@id":"https:\/\/inksanepiercing.com\/#website"},"primaryImageOfPage":{"@id":"https:\/\/inksanepiercing.com\/shop\/conchpiercing\/boog-met-6-steentjes\/#primaryimage"},"image":{"@id":"https:\/\/inksanepiercing.com\/shop\/conchpiercing\/boog-met-6-steentjes\/#primaryimage"},"thumbnailUrl":"https:\/\/inksanepiercing.com\/wp-content\/uploads\/2023\/04\/titls800.webp","datePublished":"2023-04-18T13:09:03+00:00","dateModified":"2024-09-08T13:03:16+00:00","breadcrumb":{"@id":"https:\/\/inksanepiercing.com\/shop\/conchpiercing\/boog-met-6-steentjes\/#breadcrumb"},"inLanguage":"fr-BE","potentialAction":[{"@type":"ReadAction","target":["https:\/\/inksanepiercing.com\/shop\/conchpiercing\/boog-met-6-steentjes\/"]}]},{"@type":"ImageObject","inLanguage":"fr-BE","@id":"https:\/\/inksanepiercing.com\/shop\/conchpiercing\/boog-met-6-steentjes\/#primaryimage","url":"https:\/\/inksanepiercing.com\/wp-content\/uploads\/2023\/04\/titls800.webp","contentUrl":"https:\/\/inksanepiercing.com\/wp-content\/uploads\/2023\/04\/titls800.webp","width":700,"height":700},{"@type":"BreadcrumbList","@id":"https:\/\/inksanepiercing.com\/shop\/conchpiercing\/boog-met-6-steentjes\/#breadcrumb","itemListElement":[{"@type":"ListItem","position":1,"name":"Shop","item":"http:\/\/inksanepiercing.com\/en\/shop\/"},{"@type":"ListItem","position":2,"name":"Boog met 5 steentjes"}]},{"@type":"WebSite","@id":"https:\/\/inksanepiercing.com\/#website","url":"https:\/\/inksanepiercing.com\/","name":"inksanepiercing.com","description":"Inksane piercing et boutique en ligne","publisher":{"@id":"https:\/\/inksanepiercing.com\/#organization"},"potentialAction":[{"@type":"SearchAction","target":{"@type":"EntryPoint","urlTemplate":"https:\/\/inksanepiercing.com\/?s={search_term_string}"},"query-input":{"@type":"PropertyValueSpecification","valueRequired":true,"valueName":"search_term_string"}}],"inLanguage":"fr-BE"},{"@type":"Organization","@id":"https:\/\/inksanepiercing.com\/#organization","name":"inksanepiercing.com","url":"https:\/\/inksanepiercing.com\/","logo":{"@type":"ImageObject","inLanguage":"fr-BE","@id":"https:\/\/inksanepiercing.com\/#\/schema\/logo\/image\/","url":"https:\/\/inksanepiercing.com\/wp-content\/uploads\/2023\/12\/cropped-cropped-logo-grijs-rozer.png","contentUrl":"https:\/\/inksanepiercing.com\/wp-content\/uploads\/2023\/12\/cropped-cropped-logo-grijs-rozer.png","width":2131,"height":1067,"caption":"inksanepiercing.com"},"image":{"@id":"https:\/\/inksanepiercing.com\/#\/schema\/logo\/image\/"},"sameAs":["https:\/\/www.facebook.com\/InksanePiercing","https:\/\/www.instagram.com\/inksane_piercing\/"]}]},"product_price_currency":"EUR","og_availability":"out of stock","product_availability":"out of stock","product_condition":"new"},"_links":{"self":[{"href":"http:\/\/inksanepiercing.com\/fr\/wp-json\/wp\/v2\/product\/7174","targetHints":{"allow":["GET"]}}],"collection":[{"href":"http:\/\/inksanepiercing.com\/fr\/wp-json\/wp\/v2\/product"}],"about":[{"href":"http:\/\/inksanepiercing.com\/fr\/wp-json\/wp\/v2\/types\/product"}],"wp:featuredmedia":[{"embeddable":true,"href":"http:\/\/inksanepiercing.com\/fr\/wp-json\/wp\/v2\/media\/12358"}],"wp:attachment":[{"href":"http:\/\/inksanepiercing.com\/fr\/wp-json\/wp\/v2\/media?parent=7174"}],"wp:term":[{"taxonomy":"product_brand","embeddable":true,"href":"http:\/\/inksanepiercing.com\/fr\/wp-json\/wp\/v2\/product_brand?post=7174"},{"taxonomy":"product_cat","embeddable":true,"href":"http:\/\/inksanepiercing.com\/fr\/wp-json\/wp\/v2\/product_cat?post=7174"},{"taxonomy":"product_tag","embeddable":true,"href":"http:\/\/inksanepiercing.com\/fr\/wp-json\/wp\/v2\/product_tag?post=7174"}],"curies":[{"name":"wp","href":"https:\/\/api.w.org\/{rel}","templated":true}]}}