{"id":9741,"date":"2023-12-16T14:26:12","date_gmt":"2023-12-16T13:26:12","guid":{"rendered":"https:\/\/inksanepiercing.com\/?post_type=product&#038;p=9741"},"modified":"2024-09-08T13:01:17","modified_gmt":"2024-09-08T11:01:17","slug":"aquarius-14k-goud-piercing-top","status":"publish","type":"product","link":"http:\/\/inksanepiercing.com\/fr\/shop\/oorlelpiercings\/aquarius-14k-goud-piercing-top\/","title":{"rendered":"Aquarius - Or 14K - Dessus de piercing"},"content":{"rendered":"<div class=\"markdown prose w-full break-words dark:prose-invert light\">\n<p>Nous sommes ce que nous sommes. C'est \u00e9crit dans les \u00e9toiles \u2b50\ufe0f Soyez plus vous-m\u00eame avec le pouvoir du zodiaque.<\/p>\n<\/div>\n<p>D\u00e9lai de livraison de 2 \u00e0 3 semaines<\/p>\n<p>D\u00e9tails :<\/p>\n<ul>\n<li>Taille totale : 4,9 mm x 2,4 mm<\/li>\n<li>Or massif 14 carats - Disponible en or jaune, rose ou blanc<\/li>\n<li>Couvercles universels sans vis<\/li>\n<li>Les plateaux sans vis sont garantis \u00e0 vie contre les d\u00e9fauts de fabrication.<\/li>\n<li>Couverture arri\u00e8re disponible s\u00e9par\u00e9ment<\/li>\n<\/ul>","protected":false},"excerpt":{"rendered":"<p>We zijn wie we zijn. Het staat geschreven in de sterren \u2b50\ufe0f Wees meer zoals jij met de kracht van de dierenriem. 2-3 weken leveringstermijn Details: Algehele grootte: 4,9mm x 2,4mm Massief 14-karaats goud &#8211; Verkrijgbaar in geel, roze of wit goud Universele schroefloze tops Schroefloze tops hebben een levenslange garantie tegen fabricagefouten Achterkant apart [&hellip;]<\/p>\n","protected":false},"featured_media":9746,"template":"","meta":{"site-sidebar-layout":"default","site-content-layout":"default","ast-site-content-layout":"default","site-content-style":"default","site-sidebar-style":"default","ast-global-header-display":"","ast-banner-title-visibility":"","ast-main-header-display":"","ast-hfb-above-header-display":"","ast-hfb-below-header-display":"","ast-hfb-mobile-header-display":"","site-post-title":"","ast-breadcrumbs-content":"","ast-featured-img":"","footer-sml-layout":"","theme-transparent-header-meta":"default","adv-header-id-meta":"","stick-header-meta":"","header-above-stick-meta":"","header-main-stick-meta":"","header-below-stick-meta":"","astra-migrate-meta-layouts":"set","ast-page-background-enabled":"default","ast-page-background-meta":{"desktop":{"background-color":"","background-image":"","background-repeat":"repeat","background-position":"center center","background-size":"auto","background-attachment":"scroll","background-type":"","background-media":"","overlay-type":"","overlay-color":"","overlay-opacity":"","overlay-gradient":""},"tablet":{"background-color":"","background-image":"","background-repeat":"repeat","background-position":"center center","background-size":"auto","background-attachment":"scroll","background-type":"","background-media":"","overlay-type":"","overlay-color":"","overlay-opacity":"","overlay-gradient":""},"mobile":{"background-color":"","background-image":"","background-repeat":"repeat","background-position":"center center","background-size":"auto","background-attachment":"scroll","background-type":"","background-media":"","overlay-type":"","overlay-color":"","overlay-opacity":"","overlay-gradient":""}},"ast-content-background-meta":{"desktop":{"background-color":"var(--ast-global-color-5)","background-image":"","background-repeat":"repeat","background-position":"center center","background-size":"auto","background-attachment":"scroll","background-type":"","background-media":"","overlay-type":"","overlay-color":"","overlay-opacity":"","overlay-gradient":""},"tablet":{"background-color":"var(--ast-global-color-5)","background-image":"","background-repeat":"repeat","background-position":"center center","background-size":"auto","background-attachment":"scroll","background-type":"","background-media":"","overlay-type":"","overlay-color":"","overlay-opacity":"","overlay-gradient":""},"mobile":{"background-color":"var(--ast-global-color-5)","background-image":"","background-repeat":"repeat","background-position":"center center","background-size":"auto","background-attachment":"scroll","background-type":"","background-media":"","overlay-type":"","overlay-color":"","overlay-opacity":"","overlay-gradient":""}}},"product_brand":[],"product_cat":[541,951,543,947,943],"product_tag":[],"class_list":{"0":"post-9741","1":"product","2":"type-product","3":"status-publish","4":"has-post-thumbnail","6":"product_cat-conchpiercing","7":"product_cat-curation-thema-natuur","8":"product_cat-helixpiercing","9":"product_cat-oorlelpiercings","10":"product_cat-traguspiercing","11":"desktop-align-center","12":"tablet-align-center","13":"mobile-align-center","14":"ast-product-gallery-layout-horizontal","15":"ast-product-tabs-layout-horizontal","16":"ast-qv-on-image","18":"first","19":"onbackorder","20":"shipping-taxable","21":"product-type-simple"},"yoast_head":"<!-- This site is optimized with the Yoast SEO Premium plugin v21.9 (Yoast SEO v27.5) - https:\/\/yoast.com\/product\/yoast-seo-premium-wordpress\/ -->\n<title>Aquarius - 14K Goud - Piercing top - inksanepiercing.com<\/title>\n<meta name=\"robots\" content=\"index, follow, max-snippet:-1, max-image-preview:large, max-video-preview:-1\" \/>\n<link rel=\"canonical\" href=\"https:\/\/inksanepiercing.com\/fr\/shop\/oorlelpiercings\/aquarius-14k-goud-piercing-top\/\" \/>\n<meta property=\"og:locale\" content=\"fr_FR\" \/>\n<meta property=\"og:type\" content=\"article\" \/>\n<meta property=\"og:title\" content=\"Aquarius - 14K Goud - Piercing top - inksanepiercing.com\" \/>\n<meta property=\"og:description\" content=\"We zijn wie we zijn. Het staat geschreven in de sterren \u2b50\ufe0f Wees meer zoals jij met de kracht van de dierenriem. 2-3 weken leveringstermijn Details: Algehele grootte: 4,9mm x 2,4mm Massief 14-karaats goud &#8211; Verkrijgbaar in geel, roze of wit goud Universele schroefloze tops Schroefloze tops hebben een levenslange garantie tegen fabricagefouten Achterkant apart [&hellip;]\" \/>\n<meta property=\"og:url\" content=\"https:\/\/inksanepiercing.com\/fr\/shop\/oorlelpiercings\/aquarius-14k-goud-piercing-top\/\" \/>\n<meta property=\"og:site_name\" content=\"inksanepiercing.com\" \/>\n<meta property=\"article:publisher\" content=\"https:\/\/www.facebook.com\/InksanePiercing\" \/>\n<meta property=\"article:modified_time\" content=\"2024-09-08T11:01:17+00:00\" \/>\n<meta property=\"og:image\" content=\"https:\/\/inksanepiercing.com\/wp-content\/uploads\/2023\/12\/junipurr_14k-yellow-gold_Aquarius_decorative-end_JJ0752-YG_0_540x.webp\" \/>\n\t<meta property=\"og:image:width\" content=\"540\" \/>\n\t<meta property=\"og:image:height\" content=\"540\" \/>\n\t<meta property=\"og:image:type\" content=\"image\/webp\" \/>\n<meta name=\"twitter:card\" content=\"summary_large_image\" \/>\n<meta name=\"twitter:label1\" content=\"Price\" \/>\n\t<meta name=\"twitter:data1\" content=\"\" \/>\n\t<meta name=\"twitter:label2\" content=\"Availability\" \/>\n\t<meta name=\"twitter:data2\" content=\"On backorder\" \/>\n<script type=\"application\/ld+json\" class=\"yoast-schema-graph\">{\"@context\":\"https:\\\/\\\/schema.org\",\"@graph\":[{\"@type\":\"WebPage\",\"@id\":\"https:\\\/\\\/inksanepiercing.com\\\/shop\\\/oorlelpiercings\\\/aquarius-14k-goud-piercing-top\\\/\",\"url\":\"https:\\\/\\\/inksanepiercing.com\\\/shop\\\/oorlelpiercings\\\/aquarius-14k-goud-piercing-top\\\/\",\"name\":\"Aquarius - 14K Goud - Piercing top - inksanepiercing.com\",\"isPartOf\":{\"@id\":\"https:\\\/\\\/inksanepiercing.com\\\/#website\"},\"primaryImageOfPage\":{\"@id\":\"https:\\\/\\\/inksanepiercing.com\\\/shop\\\/oorlelpiercings\\\/aquarius-14k-goud-piercing-top\\\/#primaryimage\"},\"image\":{\"@id\":\"https:\\\/\\\/inksanepiercing.com\\\/shop\\\/oorlelpiercings\\\/aquarius-14k-goud-piercing-top\\\/#primaryimage\"},\"thumbnailUrl\":\"https:\\\/\\\/inksanepiercing.com\\\/wp-content\\\/uploads\\\/2023\\\/12\\\/junipurr_14k-yellow-gold_Aquarius_decorative-end_JJ0752-YG_0_540x.webp\",\"datePublished\":\"2023-12-16T13:26:12+00:00\",\"dateModified\":\"2024-09-08T11:01:17+00:00\",\"breadcrumb\":{\"@id\":\"https:\\\/\\\/inksanepiercing.com\\\/shop\\\/oorlelpiercings\\\/aquarius-14k-goud-piercing-top\\\/#breadcrumb\"},\"inLanguage\":\"fr-BE\",\"potentialAction\":[{\"@type\":\"ReadAction\",\"target\":[\"https:\\\/\\\/inksanepiercing.com\\\/shop\\\/oorlelpiercings\\\/aquarius-14k-goud-piercing-top\\\/\"]}]},{\"@type\":\"ImageObject\",\"inLanguage\":\"fr-BE\",\"@id\":\"https:\\\/\\\/inksanepiercing.com\\\/shop\\\/oorlelpiercings\\\/aquarius-14k-goud-piercing-top\\\/#primaryimage\",\"url\":\"https:\\\/\\\/inksanepiercing.com\\\/wp-content\\\/uploads\\\/2023\\\/12\\\/junipurr_14k-yellow-gold_Aquarius_decorative-end_JJ0752-YG_0_540x.webp\",\"contentUrl\":\"https:\\\/\\\/inksanepiercing.com\\\/wp-content\\\/uploads\\\/2023\\\/12\\\/junipurr_14k-yellow-gold_Aquarius_decorative-end_JJ0752-YG_0_540x.webp\",\"width\":540,\"height\":540},{\"@type\":\"BreadcrumbList\",\"@id\":\"https:\\\/\\\/inksanepiercing.com\\\/shop\\\/oorlelpiercings\\\/aquarius-14k-goud-piercing-top\\\/#breadcrumb\",\"itemListElement\":[{\"@type\":\"ListItem\",\"position\":1,\"name\":\"Shop\",\"item\":\"http:\\\/\\\/inksanepiercing.com\\\/en\\\/shop\\\/\"},{\"@type\":\"ListItem\",\"position\":2,\"name\":\"Aquarius &#8211; 14K Goud &#8211; Piercing top\"}]},{\"@type\":\"WebSite\",\"@id\":\"https:\\\/\\\/inksanepiercing.com\\\/#website\",\"url\":\"https:\\\/\\\/inksanepiercing.com\\\/\",\"name\":\"inksanepiercing.com\",\"description\":\"Inksane piercing en webshop\",\"publisher\":{\"@id\":\"https:\\\/\\\/inksanepiercing.com\\\/#organization\"},\"potentialAction\":[{\"@type\":\"SearchAction\",\"target\":{\"@type\":\"EntryPoint\",\"urlTemplate\":\"https:\\\/\\\/inksanepiercing.com\\\/?s={search_term_string}\"},\"query-input\":{\"@type\":\"PropertyValueSpecification\",\"valueRequired\":true,\"valueName\":\"search_term_string\"}}],\"inLanguage\":\"fr-BE\"},{\"@type\":\"Organization\",\"@id\":\"https:\\\/\\\/inksanepiercing.com\\\/#organization\",\"name\":\"inksanepiercing.com\",\"url\":\"https:\\\/\\\/inksanepiercing.com\\\/\",\"logo\":{\"@type\":\"ImageObject\",\"inLanguage\":\"fr-BE\",\"@id\":\"https:\\\/\\\/inksanepiercing.com\\\/#\\\/schema\\\/logo\\\/image\\\/\",\"url\":\"https:\\\/\\\/inksanepiercing.com\\\/wp-content\\\/uploads\\\/2023\\\/12\\\/cropped-cropped-logo-grijs-rozer.png\",\"contentUrl\":\"https:\\\/\\\/inksanepiercing.com\\\/wp-content\\\/uploads\\\/2023\\\/12\\\/cropped-cropped-logo-grijs-rozer.png\",\"width\":2131,\"height\":1067,\"caption\":\"inksanepiercing.com\"},\"image\":{\"@id\":\"https:\\\/\\\/inksanepiercing.com\\\/#\\\/schema\\\/logo\\\/image\\\/\"},\"sameAs\":[\"https:\\\/\\\/www.facebook.com\\\/InksanePiercing\",\"https:\\\/\\\/www.instagram.com\\\/inksane_piercing\\\/\"]}]}<\/script>\n<meta property=\"product:price:currency\" content=\"EUR\" \/>\n<meta property=\"og:availability\" content=\"backorder\" \/>\n<meta property=\"product:availability\" content=\"available for order\" \/>\n<meta property=\"product:condition\" content=\"new\" \/>\n<!-- \/ Yoast SEO Premium plugin. -->","yoast_head_json":{"title":"Verseau - Or 14K - Dessus de piercing - inksanepiercing.com","robots":{"index":"index","follow":"follow","max-snippet":"max-snippet:-1","max-image-preview":"max-image-preview:large","max-video-preview":"max-video-preview:-1"},"canonical":"https:\/\/inksanepiercing.com\/fr\/shop\/oorlelpiercings\/aquarius-14k-goud-piercing-top\/","og_locale":"fr_FR","og_type":"article","og_title":"Aquarius - 14K Goud - Piercing top - inksanepiercing.com","og_description":"We zijn wie we zijn. Het staat geschreven in de sterren \u2b50\ufe0f Wees meer zoals jij met de kracht van de dierenriem. 2-3 weken leveringstermijn Details: Algehele grootte: 4,9mm x 2,4mm Massief 14-karaats goud &#8211; Verkrijgbaar in geel, roze of wit goud Universele schroefloze tops Schroefloze tops hebben een levenslange garantie tegen fabricagefouten Achterkant apart [&hellip;]","og_url":"https:\/\/inksanepiercing.com\/fr\/shop\/oorlelpiercings\/aquarius-14k-goud-piercing-top\/","og_site_name":"inksanepiercing.com","article_publisher":"https:\/\/www.facebook.com\/InksanePiercing","article_modified_time":"2024-09-08T11:01:17+00:00","og_image":[{"width":540,"height":540,"url":"https:\/\/inksanepiercing.com\/wp-content\/uploads\/2023\/12\/junipurr_14k-yellow-gold_Aquarius_decorative-end_JJ0752-YG_0_540x.webp","type":"image\/webp"}],"twitter_card":"summary_large_image","twitter_misc":{"Price":"","Availability":"On backorder"},"schema":{"@context":"https:\/\/schema.org","@graph":[{"@type":"WebPage","@id":"https:\/\/inksanepiercing.com\/shop\/oorlelpiercings\/aquarius-14k-goud-piercing-top\/","url":"https:\/\/inksanepiercing.com\/shop\/oorlelpiercings\/aquarius-14k-goud-piercing-top\/","name":"Verseau - Or 14K - Dessus de piercing - inksanepiercing.com","isPartOf":{"@id":"https:\/\/inksanepiercing.com\/#website"},"primaryImageOfPage":{"@id":"https:\/\/inksanepiercing.com\/shop\/oorlelpiercings\/aquarius-14k-goud-piercing-top\/#primaryimage"},"image":{"@id":"https:\/\/inksanepiercing.com\/shop\/oorlelpiercings\/aquarius-14k-goud-piercing-top\/#primaryimage"},"thumbnailUrl":"https:\/\/inksanepiercing.com\/wp-content\/uploads\/2023\/12\/junipurr_14k-yellow-gold_Aquarius_decorative-end_JJ0752-YG_0_540x.webp","datePublished":"2023-12-16T13:26:12+00:00","dateModified":"2024-09-08T11:01:17+00:00","breadcrumb":{"@id":"https:\/\/inksanepiercing.com\/shop\/oorlelpiercings\/aquarius-14k-goud-piercing-top\/#breadcrumb"},"inLanguage":"fr-BE","potentialAction":[{"@type":"ReadAction","target":["https:\/\/inksanepiercing.com\/shop\/oorlelpiercings\/aquarius-14k-goud-piercing-top\/"]}]},{"@type":"ImageObject","inLanguage":"fr-BE","@id":"https:\/\/inksanepiercing.com\/shop\/oorlelpiercings\/aquarius-14k-goud-piercing-top\/#primaryimage","url":"https:\/\/inksanepiercing.com\/wp-content\/uploads\/2023\/12\/junipurr_14k-yellow-gold_Aquarius_decorative-end_JJ0752-YG_0_540x.webp","contentUrl":"https:\/\/inksanepiercing.com\/wp-content\/uploads\/2023\/12\/junipurr_14k-yellow-gold_Aquarius_decorative-end_JJ0752-YG_0_540x.webp","width":540,"height":540},{"@type":"BreadcrumbList","@id":"https:\/\/inksanepiercing.com\/shop\/oorlelpiercings\/aquarius-14k-goud-piercing-top\/#breadcrumb","itemListElement":[{"@type":"ListItem","position":1,"name":"Shop","item":"http:\/\/inksanepiercing.com\/en\/shop\/"},{"@type":"ListItem","position":2,"name":"Aquarius &#8211; 14K Goud &#8211; Piercing top"}]},{"@type":"WebSite","@id":"https:\/\/inksanepiercing.com\/#website","url":"https:\/\/inksanepiercing.com\/","name":"inksanepiercing.com","description":"Inksane piercing et boutique en ligne","publisher":{"@id":"https:\/\/inksanepiercing.com\/#organization"},"potentialAction":[{"@type":"SearchAction","target":{"@type":"EntryPoint","urlTemplate":"https:\/\/inksanepiercing.com\/?s={search_term_string}"},"query-input":{"@type":"PropertyValueSpecification","valueRequired":true,"valueName":"search_term_string"}}],"inLanguage":"fr-BE"},{"@type":"Organization","@id":"https:\/\/inksanepiercing.com\/#organization","name":"inksanepiercing.com","url":"https:\/\/inksanepiercing.com\/","logo":{"@type":"ImageObject","inLanguage":"fr-BE","@id":"https:\/\/inksanepiercing.com\/#\/schema\/logo\/image\/","url":"https:\/\/inksanepiercing.com\/wp-content\/uploads\/2023\/12\/cropped-cropped-logo-grijs-rozer.png","contentUrl":"https:\/\/inksanepiercing.com\/wp-content\/uploads\/2023\/12\/cropped-cropped-logo-grijs-rozer.png","width":2131,"height":1067,"caption":"inksanepiercing.com"},"image":{"@id":"https:\/\/inksanepiercing.com\/#\/schema\/logo\/image\/"},"sameAs":["https:\/\/www.facebook.com\/InksanePiercing","https:\/\/www.instagram.com\/inksane_piercing\/"]}]},"product_price_currency":"EUR","og_availability":"backorder","product_availability":"available for order","product_condition":"new"},"_links":{"self":[{"href":"http:\/\/inksanepiercing.com\/fr\/wp-json\/wp\/v2\/product\/9741","targetHints":{"allow":["GET"]}}],"collection":[{"href":"http:\/\/inksanepiercing.com\/fr\/wp-json\/wp\/v2\/product"}],"about":[{"href":"http:\/\/inksanepiercing.com\/fr\/wp-json\/wp\/v2\/types\/product"}],"wp:featuredmedia":[{"embeddable":true,"href":"http:\/\/inksanepiercing.com\/fr\/wp-json\/wp\/v2\/media\/9746"}],"wp:attachment":[{"href":"http:\/\/inksanepiercing.com\/fr\/wp-json\/wp\/v2\/media?parent=9741"}],"wp:term":[{"taxonomy":"product_brand","embeddable":true,"href":"http:\/\/inksanepiercing.com\/fr\/wp-json\/wp\/v2\/product_brand?post=9741"},{"taxonomy":"product_cat","embeddable":true,"href":"http:\/\/inksanepiercing.com\/fr\/wp-json\/wp\/v2\/product_cat?post=9741"},{"taxonomy":"product_tag","embeddable":true,"href":"http:\/\/inksanepiercing.com\/fr\/wp-json\/wp\/v2\/product_tag?post=9741"}],"curies":[{"name":"wp","href":"https:\/\/api.w.org\/{rel}","templated":true}]}}