{"id":9963,"date":"2023-12-23T12:54:02","date_gmt":"2023-12-23T11:54:02","guid":{"rendered":"https:\/\/inksanepiercing.com\/?post_type=product&#038;p=9963"},"modified":"2024-09-08T12:56:41","modified_gmt":"2024-09-08T10:56:41","slug":"stella-14k-goud-piercing-top","status":"publish","type":"product","link":"http:\/\/inksanepiercing.com\/fr\/shop\/oorlelpiercings\/stella-14k-goud-piercing-top\/","title":{"rendered":"Stella - Or 14K - Dessus de piercing"},"content":{"rendered":"<p>Stella est con\u00e7ue par Jess Sellars.<br \/>\nStella est le mot latin pour \u00e9toile ! Jess : \"J'adore les \u00e9toiles et j'ai con\u00e7u ces pi\u00e8ces parce que tout le monde a besoin d'un peu d'\u00e9clat dans sa vie ! J'ai pens\u00e9 que les deux tailles diff\u00e9rentes feraient d'excellentes combinaisons !\"<\/p>\n<p>D\u00e9lai de livraison de 2 \u00e0 3 semaines<\/p>\n<p>D\u00e9tails :<\/p>\n<ul>\n<li>Taille totale : Grande : 8 mm x 6,5 mm avec un CZ de 1,5 mm | Petite : 5 mm x 5 mm avec un CZ de 1 mm<\/li>\n<li>Or massif 14 carats - Disponible en or jaune, rose ou blanc<\/li>\n<li>Couvercles universels sans vis<\/li>\n<li>Les plateaux sans vis sont garantis \u00e0 vie contre les d\u00e9fauts de fabrication.<\/li>\n<li>Couverture arri\u00e8re disponible s\u00e9par\u00e9ment<\/li>\n<\/ul>\n<p>&nbsp;<\/p>","protected":false},"excerpt":{"rendered":"<p>Stella is ontworpen door Jess Sellars. Stella is het Latijnse woord voor ster! Jess: &#8220;Ik hou van de sterren en ik heb deze stukken ontworpen omdat iedereen een beetje twinkel in hun leven nodig heeft! Ik dacht dat de twee verschillende maten uitstekende combinaties zouden maken!&#8221; 2-3 weken leveringstermijn Details: Algehele grootte: Large: 8 mm [&hellip;]<\/p>\n","protected":false},"featured_media":9976,"template":"","meta":{"site-sidebar-layout":"default","site-content-layout":"default","ast-site-content-layout":"default","site-content-style":"default","site-sidebar-style":"default","ast-global-header-display":"","ast-banner-title-visibility":"","ast-main-header-display":"","ast-hfb-above-header-display":"","ast-hfb-below-header-display":"","ast-hfb-mobile-header-display":"","site-post-title":"","ast-breadcrumbs-content":"","ast-featured-img":"","footer-sml-layout":"","theme-transparent-header-meta":"default","adv-header-id-meta":"","stick-header-meta":"","header-above-stick-meta":"","header-main-stick-meta":"","header-below-stick-meta":"","astra-migrate-meta-layouts":"set","ast-page-background-enabled":"default","ast-page-background-meta":{"desktop":{"background-color":"","background-image":"","background-repeat":"repeat","background-position":"center center","background-size":"auto","background-attachment":"scroll","background-type":"","background-media":"","overlay-type":"","overlay-color":"","overlay-opacity":"","overlay-gradient":""},"tablet":{"background-color":"","background-image":"","background-repeat":"repeat","background-position":"center center","background-size":"auto","background-attachment":"scroll","background-type":"","background-media":"","overlay-type":"","overlay-color":"","overlay-opacity":"","overlay-gradient":""},"mobile":{"background-color":"","background-image":"","background-repeat":"repeat","background-position":"center center","background-size":"auto","background-attachment":"scroll","background-type":"","background-media":"","overlay-type":"","overlay-color":"","overlay-opacity":"","overlay-gradient":""}},"ast-content-background-meta":{"desktop":{"background-color":"var(--ast-global-color-5)","background-image":"","background-repeat":"repeat","background-position":"center center","background-size":"auto","background-attachment":"scroll","background-type":"","background-media":"","overlay-type":"","overlay-color":"","overlay-opacity":"","overlay-gradient":""},"tablet":{"background-color":"var(--ast-global-color-5)","background-image":"","background-repeat":"repeat","background-position":"center center","background-size":"auto","background-attachment":"scroll","background-type":"","background-media":"","overlay-type":"","overlay-color":"","overlay-opacity":"","overlay-gradient":""},"mobile":{"background-color":"var(--ast-global-color-5)","background-image":"","background-repeat":"repeat","background-position":"center center","background-size":"auto","background-attachment":"scroll","background-type":"","background-media":"","overlay-type":"","overlay-color":"","overlay-opacity":"","overlay-gradient":""}}},"product_brand":[],"product_cat":[541,950,951,543,544,947,943],"product_tag":[],"class_list":{"0":"post-9963","1":"product","2":"type-product","3":"status-publish","4":"has-post-thumbnail","6":"product_cat-conchpiercing","7":"product_cat-curation","8":"product_cat-curation-thema-natuur","9":"product_cat-helixpiercing","10":"product_cat-neuspiercing","11":"product_cat-oorlelpiercings","12":"product_cat-traguspiercing","13":"desktop-align-center","14":"tablet-align-center","15":"mobile-align-center","16":"ast-product-gallery-layout-horizontal","17":"ast-product-tabs-layout-horizontal","18":"ast-qv-on-image","20":"first","21":"onbackorder","22":"shipping-taxable","23":"product-type-simple"},"yoast_head":"<!-- This site is optimized with the Yoast SEO Premium plugin v21.9 (Yoast SEO v27.5) - https:\/\/yoast.com\/product\/yoast-seo-premium-wordpress\/ -->\n<title>Stella - 14K Goud - Piercing top - inksanepiercing.com<\/title>\n<meta name=\"robots\" content=\"index, follow, max-snippet:-1, max-image-preview:large, max-video-preview:-1\" \/>\n<link rel=\"canonical\" href=\"https:\/\/inksanepiercing.com\/fr\/shop\/oorlelpiercings\/stella-14k-goud-piercing-top\/\" \/>\n<meta property=\"og:locale\" content=\"fr_FR\" \/>\n<meta property=\"og:type\" content=\"article\" \/>\n<meta property=\"og:title\" content=\"Stella - 14K Goud - Piercing top - inksanepiercing.com\" \/>\n<meta property=\"og:description\" content=\"Stella is ontworpen door Jess Sellars. Stella is het Latijnse woord voor ster! Jess: &#8220;Ik hou van de sterren en ik heb deze stukken ontworpen omdat iedereen een beetje twinkel in hun leven nodig heeft! Ik dacht dat de twee verschillende maten uitstekende combinaties zouden maken!&#8221; 2-3 weken leveringstermijn Details: Algehele grootte: Large: 8 mm [&hellip;]\" \/>\n<meta property=\"og:url\" content=\"https:\/\/inksanepiercing.com\/fr\/shop\/oorlelpiercings\/stella-14k-goud-piercing-top\/\" \/>\n<meta property=\"og:site_name\" content=\"inksanepiercing.com\" \/>\n<meta property=\"article:publisher\" content=\"https:\/\/www.facebook.com\/InksanePiercing\" \/>\n<meta property=\"article:modified_time\" content=\"2024-09-08T10:56:41+00:00\" \/>\n<meta property=\"og:image\" content=\"https:\/\/inksanepiercing.com\/wp-content\/uploads\/2023\/12\/junipurr_14k-yellow-gold_Stella-_Large__decorative-end_JJ0436-YG-8mm_0_540x.webp\" \/>\n\t<meta property=\"og:image:width\" content=\"540\" \/>\n\t<meta property=\"og:image:height\" content=\"540\" \/>\n\t<meta property=\"og:image:type\" content=\"image\/webp\" \/>\n<meta name=\"twitter:card\" content=\"summary_large_image\" \/>\n<meta name=\"twitter:label1\" content=\"Price\" \/>\n\t<meta name=\"twitter:data1\" content=\"\" \/>\n\t<meta name=\"twitter:label2\" content=\"Availability\" \/>\n\t<meta name=\"twitter:data2\" content=\"On backorder\" \/>\n<script type=\"application\/ld+json\" class=\"yoast-schema-graph\">{\"@context\":\"https:\\\/\\\/schema.org\",\"@graph\":[{\"@type\":\"WebPage\",\"@id\":\"https:\\\/\\\/inksanepiercing.com\\\/shop\\\/oorlelpiercings\\\/stella-14k-goud-piercing-top\\\/\",\"url\":\"https:\\\/\\\/inksanepiercing.com\\\/shop\\\/oorlelpiercings\\\/stella-14k-goud-piercing-top\\\/\",\"name\":\"Stella - 14K Goud - Piercing top - inksanepiercing.com\",\"isPartOf\":{\"@id\":\"https:\\\/\\\/inksanepiercing.com\\\/#website\"},\"primaryImageOfPage\":{\"@id\":\"https:\\\/\\\/inksanepiercing.com\\\/shop\\\/oorlelpiercings\\\/stella-14k-goud-piercing-top\\\/#primaryimage\"},\"image\":{\"@id\":\"https:\\\/\\\/inksanepiercing.com\\\/shop\\\/oorlelpiercings\\\/stella-14k-goud-piercing-top\\\/#primaryimage\"},\"thumbnailUrl\":\"https:\\\/\\\/inksanepiercing.com\\\/wp-content\\\/uploads\\\/2023\\\/12\\\/junipurr_14k-yellow-gold_Stella-_Large__decorative-end_JJ0436-YG-8mm_0_540x.webp\",\"datePublished\":\"2023-12-23T11:54:02+00:00\",\"dateModified\":\"2024-09-08T10:56:41+00:00\",\"breadcrumb\":{\"@id\":\"https:\\\/\\\/inksanepiercing.com\\\/shop\\\/oorlelpiercings\\\/stella-14k-goud-piercing-top\\\/#breadcrumb\"},\"inLanguage\":\"fr-BE\",\"potentialAction\":[{\"@type\":\"ReadAction\",\"target\":[\"https:\\\/\\\/inksanepiercing.com\\\/shop\\\/oorlelpiercings\\\/stella-14k-goud-piercing-top\\\/\"]}]},{\"@type\":\"ImageObject\",\"inLanguage\":\"fr-BE\",\"@id\":\"https:\\\/\\\/inksanepiercing.com\\\/shop\\\/oorlelpiercings\\\/stella-14k-goud-piercing-top\\\/#primaryimage\",\"url\":\"https:\\\/\\\/inksanepiercing.com\\\/wp-content\\\/uploads\\\/2023\\\/12\\\/junipurr_14k-yellow-gold_Stella-_Large__decorative-end_JJ0436-YG-8mm_0_540x.webp\",\"contentUrl\":\"https:\\\/\\\/inksanepiercing.com\\\/wp-content\\\/uploads\\\/2023\\\/12\\\/junipurr_14k-yellow-gold_Stella-_Large__decorative-end_JJ0436-YG-8mm_0_540x.webp\",\"width\":540,\"height\":540},{\"@type\":\"BreadcrumbList\",\"@id\":\"https:\\\/\\\/inksanepiercing.com\\\/shop\\\/oorlelpiercings\\\/stella-14k-goud-piercing-top\\\/#breadcrumb\",\"itemListElement\":[{\"@type\":\"ListItem\",\"position\":1,\"name\":\"Shop\",\"item\":\"http:\\\/\\\/inksanepiercing.com\\\/en\\\/shop\\\/\"},{\"@type\":\"ListItem\",\"position\":2,\"name\":\"Stella &#8211; 14K Goud &#8211; Piercing top\"}]},{\"@type\":\"WebSite\",\"@id\":\"https:\\\/\\\/inksanepiercing.com\\\/#website\",\"url\":\"https:\\\/\\\/inksanepiercing.com\\\/\",\"name\":\"inksanepiercing.com\",\"description\":\"Inksane piercing en webshop\",\"publisher\":{\"@id\":\"https:\\\/\\\/inksanepiercing.com\\\/#organization\"},\"potentialAction\":[{\"@type\":\"SearchAction\",\"target\":{\"@type\":\"EntryPoint\",\"urlTemplate\":\"https:\\\/\\\/inksanepiercing.com\\\/?s={search_term_string}\"},\"query-input\":{\"@type\":\"PropertyValueSpecification\",\"valueRequired\":true,\"valueName\":\"search_term_string\"}}],\"inLanguage\":\"fr-BE\"},{\"@type\":\"Organization\",\"@id\":\"https:\\\/\\\/inksanepiercing.com\\\/#organization\",\"name\":\"inksanepiercing.com\",\"url\":\"https:\\\/\\\/inksanepiercing.com\\\/\",\"logo\":{\"@type\":\"ImageObject\",\"inLanguage\":\"fr-BE\",\"@id\":\"https:\\\/\\\/inksanepiercing.com\\\/#\\\/schema\\\/logo\\\/image\\\/\",\"url\":\"https:\\\/\\\/inksanepiercing.com\\\/wp-content\\\/uploads\\\/2023\\\/12\\\/cropped-cropped-logo-grijs-rozer.png\",\"contentUrl\":\"https:\\\/\\\/inksanepiercing.com\\\/wp-content\\\/uploads\\\/2023\\\/12\\\/cropped-cropped-logo-grijs-rozer.png\",\"width\":2131,\"height\":1067,\"caption\":\"inksanepiercing.com\"},\"image\":{\"@id\":\"https:\\\/\\\/inksanepiercing.com\\\/#\\\/schema\\\/logo\\\/image\\\/\"},\"sameAs\":[\"https:\\\/\\\/www.facebook.com\\\/InksanePiercing\",\"https:\\\/\\\/www.instagram.com\\\/inksane_piercing\\\/\"]}]}<\/script>\n<meta property=\"product:price:currency\" content=\"EUR\" \/>\n<meta property=\"og:availability\" content=\"backorder\" \/>\n<meta property=\"product:availability\" content=\"available for order\" \/>\n<meta property=\"product:condition\" content=\"new\" \/>\n<!-- \/ Yoast SEO Premium plugin. -->","yoast_head_json":{"title":"Stella - Or 14K - Dessus de piercing - inksanepiercing.com","robots":{"index":"index","follow":"follow","max-snippet":"max-snippet:-1","max-image-preview":"max-image-preview:large","max-video-preview":"max-video-preview:-1"},"canonical":"https:\/\/inksanepiercing.com\/fr\/shop\/oorlelpiercings\/stella-14k-goud-piercing-top\/","og_locale":"fr_FR","og_type":"article","og_title":"Stella - 14K Goud - Piercing top - inksanepiercing.com","og_description":"Stella is ontworpen door Jess Sellars. Stella is het Latijnse woord voor ster! Jess: &#8220;Ik hou van de sterren en ik heb deze stukken ontworpen omdat iedereen een beetje twinkel in hun leven nodig heeft! Ik dacht dat de twee verschillende maten uitstekende combinaties zouden maken!&#8221; 2-3 weken leveringstermijn Details: Algehele grootte: Large: 8 mm [&hellip;]","og_url":"https:\/\/inksanepiercing.com\/fr\/shop\/oorlelpiercings\/stella-14k-goud-piercing-top\/","og_site_name":"inksanepiercing.com","article_publisher":"https:\/\/www.facebook.com\/InksanePiercing","article_modified_time":"2024-09-08T10:56:41+00:00","og_image":[{"width":540,"height":540,"url":"https:\/\/inksanepiercing.com\/wp-content\/uploads\/2023\/12\/junipurr_14k-yellow-gold_Stella-_Large__decorative-end_JJ0436-YG-8mm_0_540x.webp","type":"image\/webp"}],"twitter_card":"summary_large_image","twitter_misc":{"Price":"","Availability":"On backorder"},"schema":{"@context":"https:\/\/schema.org","@graph":[{"@type":"WebPage","@id":"https:\/\/inksanepiercing.com\/shop\/oorlelpiercings\/stella-14k-goud-piercing-top\/","url":"https:\/\/inksanepiercing.com\/shop\/oorlelpiercings\/stella-14k-goud-piercing-top\/","name":"Stella - Or 14K - Dessus de piercing - inksanepiercing.com","isPartOf":{"@id":"https:\/\/inksanepiercing.com\/#website"},"primaryImageOfPage":{"@id":"https:\/\/inksanepiercing.com\/shop\/oorlelpiercings\/stella-14k-goud-piercing-top\/#primaryimage"},"image":{"@id":"https:\/\/inksanepiercing.com\/shop\/oorlelpiercings\/stella-14k-goud-piercing-top\/#primaryimage"},"thumbnailUrl":"https:\/\/inksanepiercing.com\/wp-content\/uploads\/2023\/12\/junipurr_14k-yellow-gold_Stella-_Large__decorative-end_JJ0436-YG-8mm_0_540x.webp","datePublished":"2023-12-23T11:54:02+00:00","dateModified":"2024-09-08T10:56:41+00:00","breadcrumb":{"@id":"https:\/\/inksanepiercing.com\/shop\/oorlelpiercings\/stella-14k-goud-piercing-top\/#breadcrumb"},"inLanguage":"fr-BE","potentialAction":[{"@type":"ReadAction","target":["https:\/\/inksanepiercing.com\/shop\/oorlelpiercings\/stella-14k-goud-piercing-top\/"]}]},{"@type":"ImageObject","inLanguage":"fr-BE","@id":"https:\/\/inksanepiercing.com\/shop\/oorlelpiercings\/stella-14k-goud-piercing-top\/#primaryimage","url":"https:\/\/inksanepiercing.com\/wp-content\/uploads\/2023\/12\/junipurr_14k-yellow-gold_Stella-_Large__decorative-end_JJ0436-YG-8mm_0_540x.webp","contentUrl":"https:\/\/inksanepiercing.com\/wp-content\/uploads\/2023\/12\/junipurr_14k-yellow-gold_Stella-_Large__decorative-end_JJ0436-YG-8mm_0_540x.webp","width":540,"height":540},{"@type":"BreadcrumbList","@id":"https:\/\/inksanepiercing.com\/shop\/oorlelpiercings\/stella-14k-goud-piercing-top\/#breadcrumb","itemListElement":[{"@type":"ListItem","position":1,"name":"Shop","item":"http:\/\/inksanepiercing.com\/en\/shop\/"},{"@type":"ListItem","position":2,"name":"Stella &#8211; 14K Goud &#8211; Piercing top"}]},{"@type":"WebSite","@id":"https:\/\/inksanepiercing.com\/#website","url":"https:\/\/inksanepiercing.com\/","name":"inksanepiercing.com","description":"Inksane piercing et boutique en ligne","publisher":{"@id":"https:\/\/inksanepiercing.com\/#organization"},"potentialAction":[{"@type":"SearchAction","target":{"@type":"EntryPoint","urlTemplate":"https:\/\/inksanepiercing.com\/?s={search_term_string}"},"query-input":{"@type":"PropertyValueSpecification","valueRequired":true,"valueName":"search_term_string"}}],"inLanguage":"fr-BE"},{"@type":"Organization","@id":"https:\/\/inksanepiercing.com\/#organization","name":"inksanepiercing.com","url":"https:\/\/inksanepiercing.com\/","logo":{"@type":"ImageObject","inLanguage":"fr-BE","@id":"https:\/\/inksanepiercing.com\/#\/schema\/logo\/image\/","url":"https:\/\/inksanepiercing.com\/wp-content\/uploads\/2023\/12\/cropped-cropped-logo-grijs-rozer.png","contentUrl":"https:\/\/inksanepiercing.com\/wp-content\/uploads\/2023\/12\/cropped-cropped-logo-grijs-rozer.png","width":2131,"height":1067,"caption":"inksanepiercing.com"},"image":{"@id":"https:\/\/inksanepiercing.com\/#\/schema\/logo\/image\/"},"sameAs":["https:\/\/www.facebook.com\/InksanePiercing","https:\/\/www.instagram.com\/inksane_piercing\/"]}]},"product_price_currency":"EUR","og_availability":"backorder","product_availability":"available for order","product_condition":"new"},"_links":{"self":[{"href":"http:\/\/inksanepiercing.com\/fr\/wp-json\/wp\/v2\/product\/9963","targetHints":{"allow":["GET"]}}],"collection":[{"href":"http:\/\/inksanepiercing.com\/fr\/wp-json\/wp\/v2\/product"}],"about":[{"href":"http:\/\/inksanepiercing.com\/fr\/wp-json\/wp\/v2\/types\/product"}],"wp:featuredmedia":[{"embeddable":true,"href":"http:\/\/inksanepiercing.com\/fr\/wp-json\/wp\/v2\/media\/9976"}],"wp:attachment":[{"href":"http:\/\/inksanepiercing.com\/fr\/wp-json\/wp\/v2\/media?parent=9963"}],"wp:term":[{"taxonomy":"product_brand","embeddable":true,"href":"http:\/\/inksanepiercing.com\/fr\/wp-json\/wp\/v2\/product_brand?post=9963"},{"taxonomy":"product_cat","embeddable":true,"href":"http:\/\/inksanepiercing.com\/fr\/wp-json\/wp\/v2\/product_cat?post=9963"},{"taxonomy":"product_tag","embeddable":true,"href":"http:\/\/inksanepiercing.com\/fr\/wp-json\/wp\/v2\/product_tag?post=9963"}],"curies":[{"name":"wp","href":"https:\/\/api.w.org\/{rel}","templated":true}]}}