{"id":12405,"date":"2024-02-23T12:16:42","date_gmt":"2024-02-23T11:16:42","guid":{"rendered":"https:\/\/inksanepiercing.com\/?post_type=product&#038;p=12405"},"modified":"2024-09-05T14:32:01","modified_gmt":"2024-09-05T12:32:01","slug":"cz-and-pyramid-stud-titanium-ring","status":"publish","type":"product","link":"https:\/\/inksanepiercing.com\/fr\/shop\/oorlelpiercings\/cz-and-pyramid-stud-titanium-ring\/","title":{"rendered":"Clou CZ et pyramide - Titane - Bague"},"content":{"rendered":"<h1><strong>Anneau en titane pour divers piercings<br \/>\n<\/strong><\/h1>\n<p>Ces bagues en titane sont dot\u00e9es d'un syst\u00e8me d'encliquetage avec charni\u00e8re, ce qui permet de les ouvrir facilement.<\/p>\n<p>L'anneau peut \u00eatre utilis\u00e9 pour une vari\u00e9t\u00e9 de piercings :<\/p>\n<ul>\n<li>\n<h2>Helix,<\/h2>\n<\/li>\n<li>\n<h2>Tragus,<\/h2>\n<\/li>\n<li>\n<h2>Lobe d'oreille,<\/h2>\n<\/li>\n<li>\n<h2>Lip,<\/h2>\n<\/li>\n<li>\n<h2>septum,<\/h2>\n<\/li>\n<li>\n<h2>narine,<\/h2>\n<\/li>\n<li>\n<h2>conque,<\/h2>\n<\/li>\n<li>\n<h2>Sourcils<\/h2>\n<\/li>\n<\/ul>\n<h3><strong>Bijoux sans nickel et sans plomb<br \/>\n<\/strong><\/h3>\n<ul>\n<li>Fermeture : syst\u00e8me d'encliquetage avec charni\u00e8re<\/li>\n<li>M\u00e9tal : titane de qualit\u00e9 implantaire (ASTM F-136)<\/li>\n<li>dimensions : 1,2 mm ; diff\u00e9rents diam\u00e8tres<\/li>\n<\/ul>\n<p><strong>Extra : <\/strong><\/p>\n<ul>\n<li>Nous ne recommandons pas d'ins\u00e9rer une bague dans un piercing r\u00e9cent, car si la charni\u00e8re ou les pierres tournent dans la plaie, cela peut causer un traumatisme et une irritation suppl\u00e9mentaires. Cela peut g\u00e9n\u00e9ralement \u00eatre fait apr\u00e8s environ 10 semaines, nous serons heureux de vous conseiller \u00e0 ce sujet.<\/li>\n<li>Le titane peut \u00eatre d\u00e9color\u00e9. Le blanc, le noir et le rouge ne sont pas des options. Si vous le souhaitez, vous pouvez le mentionner lors de la commande.<\/li>\n<\/ul>","protected":false},"excerpt":{"rendered":"<p>Titanium ring voor verschillende piercings Deze titanium ringen hebben een kliksysteem met scharnier, waardoor ze makkelijk open te klikken zijn. De ring kan voor verschillende piercings worden gebruikt: Helix, Tragus, Oorlel, Lip, septum, neusvleugel, conch, Wenkbrauw Nikkelvrije en loodvrije juwelen Sluiting: kliksysteem met scharnier Metaal: Implant grade titanium (ASTM F-136) afmetingen: 1,2 mm; verschillende diamters [&hellip;]<\/p>\n","protected":false},"featured_media":12410,"template":"","meta":{"site-sidebar-layout":"default","site-content-layout":"","ast-site-content-layout":"default","site-content-style":"default","site-sidebar-style":"default","ast-global-header-display":"","ast-banner-title-visibility":"","ast-main-header-display":"","ast-hfb-above-header-display":"","ast-hfb-below-header-display":"","ast-hfb-mobile-header-display":"","site-post-title":"","ast-breadcrumbs-content":"","ast-featured-img":"","footer-sml-layout":"","theme-transparent-header-meta":"default","adv-header-id-meta":"","stick-header-meta":"","header-above-stick-meta":"","header-main-stick-meta":"","header-below-stick-meta":"","astra-migrate-meta-layouts":"set","ast-page-background-enabled":"default","ast-page-background-meta":{"desktop":{"background-color":"","background-image":"","background-repeat":"repeat","background-position":"center center","background-size":"auto","background-attachment":"scroll","background-type":"","background-media":"","overlay-type":"","overlay-color":"","overlay-opacity":"","overlay-gradient":""},"tablet":{"background-color":"","background-image":"","background-repeat":"repeat","background-position":"center center","background-size":"auto","background-attachment":"scroll","background-type":"","background-media":"","overlay-type":"","overlay-color":"","overlay-opacity":"","overlay-gradient":""},"mobile":{"background-color":"","background-image":"","background-repeat":"repeat","background-position":"center center","background-size":"auto","background-attachment":"scroll","background-type":"","background-media":"","overlay-type":"","overlay-color":"","overlay-opacity":"","overlay-gradient":""}},"ast-content-background-meta":{"desktop":{"background-color":"var(--ast-global-color-5)","background-image":"","background-repeat":"repeat","background-position":"center center","background-size":"auto","background-attachment":"scroll","background-type":"","background-media":"","overlay-type":"","overlay-color":"","overlay-opacity":"","overlay-gradient":""},"tablet":{"background-color":"var(--ast-global-color-5)","background-image":"","background-repeat":"repeat","background-position":"center center","background-size":"auto","background-attachment":"scroll","background-type":"","background-media":"","overlay-type":"","overlay-color":"","overlay-opacity":"","overlay-gradient":""},"mobile":{"background-color":"var(--ast-global-color-5)","background-image":"","background-repeat":"repeat","background-position":"center center","background-size":"auto","background-attachment":"scroll","background-type":"","background-media":"","overlay-type":"","overlay-color":"","overlay-opacity":"","overlay-gradient":""}}},"product_brand":[],"product_cat":[541,543,947,65],"product_tag":[],"class_list":{"0":"post-12405","1":"product","2":"type-product","3":"status-publish","4":"has-post-thumbnail","6":"product_cat-conchpiercing","7":"product_cat-helixpiercing","8":"product_cat-oorlelpiercings","9":"product_cat-ring","10":"desktop-align-center","11":"tablet-align-center","12":"mobile-align-center","13":"ast-product-gallery-layout-horizontal","14":"ast-product-tabs-layout-horizontal","15":"ast-qv-on-image","17":"first","18":"instock","19":"shipping-taxable","20":"product-type-simple"},"yoast_head":"<!-- This site is optimized with the Yoast SEO Premium plugin v21.9 (Yoast SEO v27.4) - https:\/\/yoast.com\/product\/yoast-seo-premium-wordpress\/ -->\n<title>CZ and pyramid stud - Titanium - Ring - inksanepiercing.com<\/title>\n<meta name=\"robots\" content=\"index, follow, max-snippet:-1, max-image-preview:large, max-video-preview:-1\" \/>\n<link rel=\"canonical\" href=\"https:\/\/inksanepiercing.com\/fr\/shop\/oorlelpiercings\/cz-and-pyramid-stud-titanium-ring\/\" \/>\n<meta property=\"og:locale\" content=\"fr_FR\" \/>\n<meta property=\"og:type\" content=\"article\" \/>\n<meta property=\"og:title\" content=\"CZ and pyramid stud - Titanium - Ring - inksanepiercing.com\" \/>\n<meta property=\"og:description\" content=\"Titanium ring voor verschillende piercings Deze titanium ringen hebben een kliksysteem met scharnier, waardoor ze makkelijk open te klikken zijn. De ring kan voor verschillende piercings worden gebruikt: Helix, Tragus, Oorlel, Lip, septum, neusvleugel, conch, Wenkbrauw Nikkelvrije en loodvrije juwelen Sluiting: kliksysteem met scharnier Metaal: Implant grade titanium (ASTM F-136) afmetingen: 1,2 mm; verschillende diamters [&hellip;]\" \/>\n<meta property=\"og:url\" content=\"https:\/\/inksanepiercing.com\/fr\/shop\/oorlelpiercings\/cz-and-pyramid-stud-titanium-ring\/\" \/>\n<meta property=\"og:site_name\" content=\"inksanepiercing.com\" \/>\n<meta property=\"article:publisher\" content=\"https:\/\/www.facebook.com\/InksanePiercing\" \/>\n<meta property=\"article:modified_time\" content=\"2024-09-05T12:32:01+00:00\" \/>\n<meta property=\"og:image\" content=\"https:\/\/inksanepiercing.com\/wp-content\/uploads\/2024\/02\/tisgrhc7261c.webp\" \/>\n\t<meta property=\"og:image:width\" content=\"700\" \/>\n\t<meta property=\"og:image:height\" content=\"700\" \/>\n\t<meta property=\"og:image:type\" content=\"image\/webp\" \/>\n<meta name=\"twitter:card\" content=\"summary_large_image\" \/>\n<meta name=\"twitter:label1\" content=\"Price\" \/>\n\t<meta name=\"twitter:data1\" content=\"\" \/>\n\t<meta name=\"twitter:label2\" content=\"Availability\" \/>\n\t<meta name=\"twitter:data2\" content=\"In stock\" \/>\n<script type=\"application\/ld+json\" class=\"yoast-schema-graph\">{\"@context\":\"https:\\\/\\\/schema.org\",\"@graph\":[{\"@type\":\"WebPage\",\"@id\":\"https:\\\/\\\/inksanepiercing.com\\\/shop\\\/oorlelpiercings\\\/cz-and-pyramid-stud-titanium-ring\\\/\",\"url\":\"https:\\\/\\\/inksanepiercing.com\\\/shop\\\/oorlelpiercings\\\/cz-and-pyramid-stud-titanium-ring\\\/\",\"name\":\"CZ and pyramid stud - Titanium - Ring - inksanepiercing.com\",\"isPartOf\":{\"@id\":\"https:\\\/\\\/inksanepiercing.com\\\/#website\"},\"primaryImageOfPage\":{\"@id\":\"https:\\\/\\\/inksanepiercing.com\\\/shop\\\/oorlelpiercings\\\/cz-and-pyramid-stud-titanium-ring\\\/#primaryimage\"},\"image\":{\"@id\":\"https:\\\/\\\/inksanepiercing.com\\\/shop\\\/oorlelpiercings\\\/cz-and-pyramid-stud-titanium-ring\\\/#primaryimage\"},\"thumbnailUrl\":\"https:\\\/\\\/inksanepiercing.com\\\/wp-content\\\/uploads\\\/2024\\\/02\\\/tisgrhc7261c.webp\",\"datePublished\":\"2024-02-23T11:16:42+00:00\",\"dateModified\":\"2024-09-05T12:32:01+00:00\",\"breadcrumb\":{\"@id\":\"https:\\\/\\\/inksanepiercing.com\\\/shop\\\/oorlelpiercings\\\/cz-and-pyramid-stud-titanium-ring\\\/#breadcrumb\"},\"inLanguage\":\"fr-BE\",\"potentialAction\":[{\"@type\":\"ReadAction\",\"target\":[\"https:\\\/\\\/inksanepiercing.com\\\/shop\\\/oorlelpiercings\\\/cz-and-pyramid-stud-titanium-ring\\\/\"]}]},{\"@type\":\"ImageObject\",\"inLanguage\":\"fr-BE\",\"@id\":\"https:\\\/\\\/inksanepiercing.com\\\/shop\\\/oorlelpiercings\\\/cz-and-pyramid-stud-titanium-ring\\\/#primaryimage\",\"url\":\"https:\\\/\\\/inksanepiercing.com\\\/wp-content\\\/uploads\\\/2024\\\/02\\\/tisgrhc7261c.webp\",\"contentUrl\":\"https:\\\/\\\/inksanepiercing.com\\\/wp-content\\\/uploads\\\/2024\\\/02\\\/tisgrhc7261c.webp\",\"width\":700,\"height\":700},{\"@type\":\"BreadcrumbList\",\"@id\":\"https:\\\/\\\/inksanepiercing.com\\\/shop\\\/oorlelpiercings\\\/cz-and-pyramid-stud-titanium-ring\\\/#breadcrumb\",\"itemListElement\":[{\"@type\":\"ListItem\",\"position\":1,\"name\":\"Shop\",\"item\":\"http:\\\/\\\/inksanepiercing.com\\\/en\\\/shop\\\/\"},{\"@type\":\"ListItem\",\"position\":2,\"name\":\"CZ and pyramid stud &#8211; Titanium &#8211; Ring\"}]},{\"@type\":\"WebSite\",\"@id\":\"https:\\\/\\\/inksanepiercing.com\\\/#website\",\"url\":\"https:\\\/\\\/inksanepiercing.com\\\/\",\"name\":\"inksanepiercing.com\",\"description\":\"Inksane piercing en webshop\",\"publisher\":{\"@id\":\"https:\\\/\\\/inksanepiercing.com\\\/#organization\"},\"potentialAction\":[{\"@type\":\"SearchAction\",\"target\":{\"@type\":\"EntryPoint\",\"urlTemplate\":\"https:\\\/\\\/inksanepiercing.com\\\/?s={search_term_string}\"},\"query-input\":{\"@type\":\"PropertyValueSpecification\",\"valueRequired\":true,\"valueName\":\"search_term_string\"}}],\"inLanguage\":\"fr-BE\"},{\"@type\":\"Organization\",\"@id\":\"https:\\\/\\\/inksanepiercing.com\\\/#organization\",\"name\":\"inksanepiercing.com\",\"url\":\"https:\\\/\\\/inksanepiercing.com\\\/\",\"logo\":{\"@type\":\"ImageObject\",\"inLanguage\":\"fr-BE\",\"@id\":\"https:\\\/\\\/inksanepiercing.com\\\/#\\\/schema\\\/logo\\\/image\\\/\",\"url\":\"https:\\\/\\\/inksanepiercing.com\\\/wp-content\\\/uploads\\\/2023\\\/12\\\/cropped-cropped-logo-grijs-rozer.png\",\"contentUrl\":\"https:\\\/\\\/inksanepiercing.com\\\/wp-content\\\/uploads\\\/2023\\\/12\\\/cropped-cropped-logo-grijs-rozer.png\",\"width\":2131,\"height\":1067,\"caption\":\"inksanepiercing.com\"},\"image\":{\"@id\":\"https:\\\/\\\/inksanepiercing.com\\\/#\\\/schema\\\/logo\\\/image\\\/\"},\"sameAs\":[\"https:\\\/\\\/www.facebook.com\\\/InksanePiercing\",\"https:\\\/\\\/www.instagram.com\\\/inksane_piercing\\\/\"]}]}<\/script>\n<meta property=\"product:price:currency\" content=\"EUR\" \/>\n<meta property=\"og:availability\" content=\"instock\" \/>\n<meta property=\"product:availability\" content=\"instock\" \/>\n<meta property=\"product:condition\" content=\"new\" \/>\n<!-- \/ Yoast SEO Premium plugin. -->","yoast_head_json":{"title":"CZ et pyramide - Titane - Bague - inksanepiercing.com","robots":{"index":"index","follow":"follow","max-snippet":"max-snippet:-1","max-image-preview":"max-image-preview:large","max-video-preview":"max-video-preview:-1"},"canonical":"https:\/\/inksanepiercing.com\/fr\/shop\/oorlelpiercings\/cz-and-pyramid-stud-titanium-ring\/","og_locale":"fr_FR","og_type":"article","og_title":"CZ and pyramid stud - Titanium - Ring - inksanepiercing.com","og_description":"Titanium ring voor verschillende piercings Deze titanium ringen hebben een kliksysteem met scharnier, waardoor ze makkelijk open te klikken zijn. De ring kan voor verschillende piercings worden gebruikt: Helix, Tragus, Oorlel, Lip, septum, neusvleugel, conch, Wenkbrauw Nikkelvrije en loodvrije juwelen Sluiting: kliksysteem met scharnier Metaal: Implant grade titanium (ASTM F-136) afmetingen: 1,2 mm; verschillende diamters [&hellip;]","og_url":"https:\/\/inksanepiercing.com\/fr\/shop\/oorlelpiercings\/cz-and-pyramid-stud-titanium-ring\/","og_site_name":"inksanepiercing.com","article_publisher":"https:\/\/www.facebook.com\/InksanePiercing","article_modified_time":"2024-09-05T12:32:01+00:00","og_image":[{"width":700,"height":700,"url":"https:\/\/inksanepiercing.com\/wp-content\/uploads\/2024\/02\/tisgrhc7261c.webp","type":"image\/webp"}],"twitter_card":"summary_large_image","twitter_misc":{"Price":"","Availability":"In stock"},"schema":{"@context":"https:\/\/schema.org","@graph":[{"@type":"WebPage","@id":"https:\/\/inksanepiercing.com\/shop\/oorlelpiercings\/cz-and-pyramid-stud-titanium-ring\/","url":"https:\/\/inksanepiercing.com\/shop\/oorlelpiercings\/cz-and-pyramid-stud-titanium-ring\/","name":"CZ et pyramide - Titane - Bague - inksanepiercing.com","isPartOf":{"@id":"https:\/\/inksanepiercing.com\/#website"},"primaryImageOfPage":{"@id":"https:\/\/inksanepiercing.com\/shop\/oorlelpiercings\/cz-and-pyramid-stud-titanium-ring\/#primaryimage"},"image":{"@id":"https:\/\/inksanepiercing.com\/shop\/oorlelpiercings\/cz-and-pyramid-stud-titanium-ring\/#primaryimage"},"thumbnailUrl":"https:\/\/inksanepiercing.com\/wp-content\/uploads\/2024\/02\/tisgrhc7261c.webp","datePublished":"2024-02-23T11:16:42+00:00","dateModified":"2024-09-05T12:32:01+00:00","breadcrumb":{"@id":"https:\/\/inksanepiercing.com\/shop\/oorlelpiercings\/cz-and-pyramid-stud-titanium-ring\/#breadcrumb"},"inLanguage":"fr-BE","potentialAction":[{"@type":"ReadAction","target":["https:\/\/inksanepiercing.com\/shop\/oorlelpiercings\/cz-and-pyramid-stud-titanium-ring\/"]}]},{"@type":"ImageObject","inLanguage":"fr-BE","@id":"https:\/\/inksanepiercing.com\/shop\/oorlelpiercings\/cz-and-pyramid-stud-titanium-ring\/#primaryimage","url":"https:\/\/inksanepiercing.com\/wp-content\/uploads\/2024\/02\/tisgrhc7261c.webp","contentUrl":"https:\/\/inksanepiercing.com\/wp-content\/uploads\/2024\/02\/tisgrhc7261c.webp","width":700,"height":700},{"@type":"BreadcrumbList","@id":"https:\/\/inksanepiercing.com\/shop\/oorlelpiercings\/cz-and-pyramid-stud-titanium-ring\/#breadcrumb","itemListElement":[{"@type":"ListItem","position":1,"name":"Shop","item":"http:\/\/inksanepiercing.com\/en\/shop\/"},{"@type":"ListItem","position":2,"name":"CZ and pyramid stud &#8211; Titanium &#8211; Ring"}]},{"@type":"WebSite","@id":"https:\/\/inksanepiercing.com\/#website","url":"https:\/\/inksanepiercing.com\/","name":"inksanepiercing.com","description":"Inksane piercing et boutique en ligne","publisher":{"@id":"https:\/\/inksanepiercing.com\/#organization"},"potentialAction":[{"@type":"SearchAction","target":{"@type":"EntryPoint","urlTemplate":"https:\/\/inksanepiercing.com\/?s={search_term_string}"},"query-input":{"@type":"PropertyValueSpecification","valueRequired":true,"valueName":"search_term_string"}}],"inLanguage":"fr-BE"},{"@type":"Organization","@id":"https:\/\/inksanepiercing.com\/#organization","name":"inksanepiercing.com","url":"https:\/\/inksanepiercing.com\/","logo":{"@type":"ImageObject","inLanguage":"fr-BE","@id":"https:\/\/inksanepiercing.com\/#\/schema\/logo\/image\/","url":"https:\/\/inksanepiercing.com\/wp-content\/uploads\/2023\/12\/cropped-cropped-logo-grijs-rozer.png","contentUrl":"https:\/\/inksanepiercing.com\/wp-content\/uploads\/2023\/12\/cropped-cropped-logo-grijs-rozer.png","width":2131,"height":1067,"caption":"inksanepiercing.com"},"image":{"@id":"https:\/\/inksanepiercing.com\/#\/schema\/logo\/image\/"},"sameAs":["https:\/\/www.facebook.com\/InksanePiercing","https:\/\/www.instagram.com\/inksane_piercing\/"]}]},"product_price_currency":"EUR","og_availability":"instock","product_availability":"instock","product_condition":"new"},"_links":{"self":[{"href":"https:\/\/inksanepiercing.com\/fr\/wp-json\/wp\/v2\/product\/12405","targetHints":{"allow":["GET"]}}],"collection":[{"href":"https:\/\/inksanepiercing.com\/fr\/wp-json\/wp\/v2\/product"}],"about":[{"href":"https:\/\/inksanepiercing.com\/fr\/wp-json\/wp\/v2\/types\/product"}],"wp:featuredmedia":[{"embeddable":true,"href":"https:\/\/inksanepiercing.com\/fr\/wp-json\/wp\/v2\/media\/12410"}],"wp:attachment":[{"href":"https:\/\/inksanepiercing.com\/fr\/wp-json\/wp\/v2\/media?parent=12405"}],"wp:term":[{"taxonomy":"product_brand","embeddable":true,"href":"https:\/\/inksanepiercing.com\/fr\/wp-json\/wp\/v2\/product_brand?post=12405"},{"taxonomy":"product_cat","embeddable":true,"href":"https:\/\/inksanepiercing.com\/fr\/wp-json\/wp\/v2\/product_cat?post=12405"},{"taxonomy":"product_tag","embeddable":true,"href":"https:\/\/inksanepiercing.com\/fr\/wp-json\/wp\/v2\/product_tag?post=12405"}],"curies":[{"name":"wp","href":"https:\/\/api.w.org\/{rel}","templated":true}]}}