{"id":12860,"date":"2024-04-11T14:22:04","date_gmt":"2024-04-11T12:22:04","guid":{"rendered":"https:\/\/inksanepiercing.com\/?post_type=product&#038;p=12860"},"modified":"2024-08-26T18:19:16","modified_gmt":"2024-08-26T16:19:16","slug":"marquise-flower-14k-goud-volledige-piercing","status":"publish","type":"product","link":"https:\/\/inksanepiercing.com\/fr\/shop\/15\/marquise-flower-14k-goud-volledige-piercing\/","title":{"rendered":"Fleur Marquise - Or 14K - Per\u00e7age complet"},"content":{"rendered":"<p>Barrette courb\u00e9e en or 14K avec une boule de 3mm et une fleur marquise avec agate mousse.<\/p>\n<p>L'agate mousse est une pierre semi-pr\u00e9cieuse appartenant \u00e0 la famille des agates. Elle est connue pour sa couleur verd\u00e2tre et la pr\u00e9sence de motifs moussus ou v\u00e9g\u00e9taux \u00e0 l'int\u00e9rieur de la pierre, qui ressemblent souvent \u00e0 des foug\u00e8res ou \u00e0 d'autres formes v\u00e9g\u00e9tales. Ces motifs sont g\u00e9n\u00e9ralement constitu\u00e9s de min\u00e9raux tels que la chlorite, la hornblende ou d'autres min\u00e9raux verts ou noirs. L'agate mousse est appr\u00e9ci\u00e9e pour son aspect unique et naturel, et elle est souvent utilis\u00e9e dans les bijoux et les objets d\u00e9coratifs. On dit que l'agate mousse favorise l'\u00e9quilibre, la croissance et la connexion avec la nature.<\/p>\n<p>Ce piercing est viss\u00e9 \u00e0 l'ext\u00e9rieur et ne convient donc qu'aux piercings de fum\u00e9e ou de sourcils cicatris\u00e9s.<\/p>","protected":false},"excerpt":{"rendered":"<p>14K goud gebogen barbell met een 3mm balletje en een marquise flower met mosagaat. Mosagaat is een halfedelsteen die behoort tot de agaatfamilie. Het staat bekend om zijn groenachtige kleur en de aanwezigheid van mos- of plantachtige patronen binnenin de steen, die vaak lijken op varens of andere plantvormen. Deze patronen bestaan doorgaans uit mineralen [&hellip;]<\/p>\n","protected":false},"featured_media":12927,"template":"","meta":{"site-sidebar-layout":"default","site-content-layout":"","ast-site-content-layout":"default","site-content-style":"default","site-sidebar-style":"default","ast-global-header-display":"","ast-banner-title-visibility":"","ast-main-header-display":"","ast-hfb-above-header-display":"","ast-hfb-below-header-display":"","ast-hfb-mobile-header-display":"","site-post-title":"","ast-breadcrumbs-content":"","ast-featured-img":"","footer-sml-layout":"","theme-transparent-header-meta":"default","adv-header-id-meta":"","stick-header-meta":"","header-above-stick-meta":"","header-main-stick-meta":"","header-below-stick-meta":"","astra-migrate-meta-layouts":"set","ast-page-background-enabled":"default","ast-page-background-meta":{"desktop":{"background-color":"","background-image":"","background-repeat":"repeat","background-position":"center center","background-size":"auto","background-attachment":"scroll","background-type":"","background-media":"","overlay-type":"","overlay-color":"","overlay-opacity":"","overlay-gradient":""},"tablet":{"background-color":"","background-image":"","background-repeat":"repeat","background-position":"center center","background-size":"auto","background-attachment":"scroll","background-type":"","background-media":"","overlay-type":"","overlay-color":"","overlay-opacity":"","overlay-gradient":""},"mobile":{"background-color":"","background-image":"","background-repeat":"repeat","background-position":"center center","background-size":"auto","background-attachment":"scroll","background-type":"","background-media":"","overlay-type":"","overlay-color":"","overlay-opacity":"","overlay-gradient":""}},"ast-content-background-meta":{"desktop":{"background-color":"var(--ast-global-color-5)","background-image":"","background-repeat":"repeat","background-position":"center center","background-size":"auto","background-attachment":"scroll","background-type":"","background-media":"","overlay-type":"","overlay-color":"","overlay-opacity":"","overlay-gradient":""},"tablet":{"background-color":"var(--ast-global-color-5)","background-image":"","background-repeat":"repeat","background-position":"center center","background-size":"auto","background-attachment":"scroll","background-type":"","background-media":"","overlay-type":"","overlay-color":"","overlay-opacity":"","overlay-gradient":""},"mobile":{"background-color":"var(--ast-global-color-5)","background-image":"","background-repeat":"repeat","background-position":"center center","background-size":"auto","background-attachment":"scroll","background-type":"","background-media":"","overlay-type":"","overlay-color":"","overlay-opacity":"","overlay-gradient":""}}},"product_brand":[],"product_cat":[15],"product_tag":[],"class_list":{"0":"post-12860","1":"product","2":"type-product","3":"status-publish","4":"has-post-thumbnail","6":"product_cat-15","7":"desktop-align-center","8":"tablet-align-center","9":"mobile-align-center","10":"ast-product-gallery-layout-horizontal","11":"ast-product-gallery-with-no-image","12":"ast-product-tabs-layout-horizontal","13":"ast-qv-on-image","15":"first","16":"instock","17":"shipping-taxable","18":"product-type-simple"},"yoast_head":"<!-- This site is optimized with the Yoast SEO Premium plugin v21.9 (Yoast SEO v27.4) - https:\/\/yoast.com\/product\/yoast-seo-premium-wordpress\/ -->\n<title>Marquise Flower - 14K Goud - Volledige piercing - inksanepiercing.com<\/title>\n<meta name=\"robots\" content=\"index, follow, max-snippet:-1, max-image-preview:large, max-video-preview:-1\" \/>\n<link rel=\"canonical\" href=\"https:\/\/inksanepiercing.com\/fr\/shop\/15\/marquise-flower-14k-goud-volledige-piercing\/\" \/>\n<meta property=\"og:locale\" content=\"fr_FR\" \/>\n<meta property=\"og:type\" content=\"article\" \/>\n<meta property=\"og:title\" content=\"Marquise Flower - 14K Goud - Volledige piercing - inksanepiercing.com\" \/>\n<meta property=\"og:description\" content=\"14K goud gebogen barbell met een 3mm balletje en een marquise flower met mosagaat. Mosagaat is een halfedelsteen die behoort tot de agaatfamilie. Het staat bekend om zijn groenachtige kleur en de aanwezigheid van mos- of plantachtige patronen binnenin de steen, die vaak lijken op varens of andere plantvormen. Deze patronen bestaan doorgaans uit mineralen [&hellip;]\" \/>\n<meta property=\"og:url\" content=\"https:\/\/inksanepiercing.com\/fr\/shop\/15\/marquise-flower-14k-goud-volledige-piercing\/\" \/>\n<meta property=\"og:site_name\" content=\"inksanepiercing.com\" \/>\n<meta property=\"article:publisher\" content=\"https:\/\/www.facebook.com\/InksanePiercing\" \/>\n<meta property=\"article:modified_time\" content=\"2024-08-26T16:19:16+00:00\" \/>\n<meta property=\"og:image\" content=\"https:\/\/inksanepiercing.com\/wp-content\/uploads\/2024\/04\/DSC03814-Edit-kopie.jpg\" \/>\n\t<meta property=\"og:image:width\" content=\"1051\" \/>\n\t<meta property=\"og:image:height\" content=\"1051\" \/>\n\t<meta property=\"og:image:type\" content=\"image\/jpeg\" \/>\n<meta name=\"twitter:card\" content=\"summary_large_image\" \/>\n<meta name=\"twitter:label1\" content=\"Price\" \/>\n\t<meta name=\"twitter:data1\" content=\"\" \/>\n\t<meta name=\"twitter:label2\" content=\"Availability\" \/>\n\t<meta name=\"twitter:data2\" content=\"In stock\" \/>\n<script type=\"application\/ld+json\" class=\"yoast-schema-graph\">{\"@context\":\"https:\\\/\\\/schema.org\",\"@graph\":[{\"@type\":\"WebPage\",\"@id\":\"https:\\\/\\\/inksanepiercing.com\\\/shop\\\/15\\\/marquise-flower-14k-goud-volledige-piercing\\\/\",\"url\":\"https:\\\/\\\/inksanepiercing.com\\\/shop\\\/15\\\/marquise-flower-14k-goud-volledige-piercing\\\/\",\"name\":\"Marquise Flower - 14K Goud - Volledige piercing - inksanepiercing.com\",\"isPartOf\":{\"@id\":\"https:\\\/\\\/inksanepiercing.com\\\/#website\"},\"primaryImageOfPage\":{\"@id\":\"https:\\\/\\\/inksanepiercing.com\\\/shop\\\/15\\\/marquise-flower-14k-goud-volledige-piercing\\\/#primaryimage\"},\"image\":{\"@id\":\"https:\\\/\\\/inksanepiercing.com\\\/shop\\\/15\\\/marquise-flower-14k-goud-volledige-piercing\\\/#primaryimage\"},\"thumbnailUrl\":\"https:\\\/\\\/inksanepiercing.com\\\/wp-content\\\/uploads\\\/2024\\\/04\\\/DSC03814-Edit-kopie.jpg\",\"datePublished\":\"2024-04-11T12:22:04+00:00\",\"dateModified\":\"2024-08-26T16:19:16+00:00\",\"breadcrumb\":{\"@id\":\"https:\\\/\\\/inksanepiercing.com\\\/shop\\\/15\\\/marquise-flower-14k-goud-volledige-piercing\\\/#breadcrumb\"},\"inLanguage\":\"fr-BE\",\"potentialAction\":[{\"@type\":\"ReadAction\",\"target\":[\"https:\\\/\\\/inksanepiercing.com\\\/shop\\\/15\\\/marquise-flower-14k-goud-volledige-piercing\\\/\"]}]},{\"@type\":\"ImageObject\",\"inLanguage\":\"fr-BE\",\"@id\":\"https:\\\/\\\/inksanepiercing.com\\\/shop\\\/15\\\/marquise-flower-14k-goud-volledige-piercing\\\/#primaryimage\",\"url\":\"https:\\\/\\\/inksanepiercing.com\\\/wp-content\\\/uploads\\\/2024\\\/04\\\/DSC03814-Edit-kopie.jpg\",\"contentUrl\":\"https:\\\/\\\/inksanepiercing.com\\\/wp-content\\\/uploads\\\/2024\\\/04\\\/DSC03814-Edit-kopie.jpg\",\"width\":1051,\"height\":1051},{\"@type\":\"BreadcrumbList\",\"@id\":\"https:\\\/\\\/inksanepiercing.com\\\/shop\\\/15\\\/marquise-flower-14k-goud-volledige-piercing\\\/#breadcrumb\",\"itemListElement\":[{\"@type\":\"ListItem\",\"position\":1,\"name\":\"Shop\",\"item\":\"http:\\\/\\\/inksanepiercing.com\\\/en\\\/shop\\\/\"},{\"@type\":\"ListItem\",\"position\":2,\"name\":\"Marquise Flower &#8211; 14K Goud &#8211; Volledige piercing\"}]},{\"@type\":\"WebSite\",\"@id\":\"https:\\\/\\\/inksanepiercing.com\\\/#website\",\"url\":\"https:\\\/\\\/inksanepiercing.com\\\/\",\"name\":\"inksanepiercing.com\",\"description\":\"Inksane piercing en webshop\",\"publisher\":{\"@id\":\"https:\\\/\\\/inksanepiercing.com\\\/#organization\"},\"potentialAction\":[{\"@type\":\"SearchAction\",\"target\":{\"@type\":\"EntryPoint\",\"urlTemplate\":\"https:\\\/\\\/inksanepiercing.com\\\/?s={search_term_string}\"},\"query-input\":{\"@type\":\"PropertyValueSpecification\",\"valueRequired\":true,\"valueName\":\"search_term_string\"}}],\"inLanguage\":\"fr-BE\"},{\"@type\":\"Organization\",\"@id\":\"https:\\\/\\\/inksanepiercing.com\\\/#organization\",\"name\":\"inksanepiercing.com\",\"url\":\"https:\\\/\\\/inksanepiercing.com\\\/\",\"logo\":{\"@type\":\"ImageObject\",\"inLanguage\":\"fr-BE\",\"@id\":\"https:\\\/\\\/inksanepiercing.com\\\/#\\\/schema\\\/logo\\\/image\\\/\",\"url\":\"https:\\\/\\\/inksanepiercing.com\\\/wp-content\\\/uploads\\\/2023\\\/12\\\/cropped-cropped-logo-grijs-rozer.png\",\"contentUrl\":\"https:\\\/\\\/inksanepiercing.com\\\/wp-content\\\/uploads\\\/2023\\\/12\\\/cropped-cropped-logo-grijs-rozer.png\",\"width\":2131,\"height\":1067,\"caption\":\"inksanepiercing.com\"},\"image\":{\"@id\":\"https:\\\/\\\/inksanepiercing.com\\\/#\\\/schema\\\/logo\\\/image\\\/\"},\"sameAs\":[\"https:\\\/\\\/www.facebook.com\\\/InksanePiercing\",\"https:\\\/\\\/www.instagram.com\\\/inksane_piercing\\\/\"]}]}<\/script>\n<meta property=\"product:price:currency\" content=\"EUR\" \/>\n<meta property=\"og:availability\" content=\"instock\" \/>\n<meta property=\"product:availability\" content=\"instock\" \/>\n<meta property=\"product:condition\" content=\"new\" \/>\n<!-- \/ Yoast SEO Premium plugin. -->","yoast_head_json":{"title":"Fleur Marquise - Or 14K - Piercing complet - inksanepiercing.com","robots":{"index":"index","follow":"follow","max-snippet":"max-snippet:-1","max-image-preview":"max-image-preview:large","max-video-preview":"max-video-preview:-1"},"canonical":"https:\/\/inksanepiercing.com\/fr\/shop\/15\/marquise-flower-14k-goud-volledige-piercing\/","og_locale":"fr_FR","og_type":"article","og_title":"Marquise Flower - 14K Goud - Volledige piercing - inksanepiercing.com","og_description":"14K goud gebogen barbell met een 3mm balletje en een marquise flower met mosagaat. Mosagaat is een halfedelsteen die behoort tot de agaatfamilie. Het staat bekend om zijn groenachtige kleur en de aanwezigheid van mos- of plantachtige patronen binnenin de steen, die vaak lijken op varens of andere plantvormen. Deze patronen bestaan doorgaans uit mineralen [&hellip;]","og_url":"https:\/\/inksanepiercing.com\/fr\/shop\/15\/marquise-flower-14k-goud-volledige-piercing\/","og_site_name":"inksanepiercing.com","article_publisher":"https:\/\/www.facebook.com\/InksanePiercing","article_modified_time":"2024-08-26T16:19:16+00:00","og_image":[{"width":1051,"height":1051,"url":"https:\/\/inksanepiercing.com\/wp-content\/uploads\/2024\/04\/DSC03814-Edit-kopie.jpg","type":"image\/jpeg"}],"twitter_card":"summary_large_image","twitter_misc":{"Price":"","Availability":"In stock"},"schema":{"@context":"https:\/\/schema.org","@graph":[{"@type":"WebPage","@id":"https:\/\/inksanepiercing.com\/shop\/15\/marquise-flower-14k-goud-volledige-piercing\/","url":"https:\/\/inksanepiercing.com\/shop\/15\/marquise-flower-14k-goud-volledige-piercing\/","name":"Fleur Marquise - Or 14K - Piercing complet - inksanepiercing.com","isPartOf":{"@id":"https:\/\/inksanepiercing.com\/#website"},"primaryImageOfPage":{"@id":"https:\/\/inksanepiercing.com\/shop\/15\/marquise-flower-14k-goud-volledige-piercing\/#primaryimage"},"image":{"@id":"https:\/\/inksanepiercing.com\/shop\/15\/marquise-flower-14k-goud-volledige-piercing\/#primaryimage"},"thumbnailUrl":"https:\/\/inksanepiercing.com\/wp-content\/uploads\/2024\/04\/DSC03814-Edit-kopie.jpg","datePublished":"2024-04-11T12:22:04+00:00","dateModified":"2024-08-26T16:19:16+00:00","breadcrumb":{"@id":"https:\/\/inksanepiercing.com\/shop\/15\/marquise-flower-14k-goud-volledige-piercing\/#breadcrumb"},"inLanguage":"fr-BE","potentialAction":[{"@type":"ReadAction","target":["https:\/\/inksanepiercing.com\/shop\/15\/marquise-flower-14k-goud-volledige-piercing\/"]}]},{"@type":"ImageObject","inLanguage":"fr-BE","@id":"https:\/\/inksanepiercing.com\/shop\/15\/marquise-flower-14k-goud-volledige-piercing\/#primaryimage","url":"https:\/\/inksanepiercing.com\/wp-content\/uploads\/2024\/04\/DSC03814-Edit-kopie.jpg","contentUrl":"https:\/\/inksanepiercing.com\/wp-content\/uploads\/2024\/04\/DSC03814-Edit-kopie.jpg","width":1051,"height":1051},{"@type":"BreadcrumbList","@id":"https:\/\/inksanepiercing.com\/shop\/15\/marquise-flower-14k-goud-volledige-piercing\/#breadcrumb","itemListElement":[{"@type":"ListItem","position":1,"name":"Shop","item":"http:\/\/inksanepiercing.com\/en\/shop\/"},{"@type":"ListItem","position":2,"name":"Marquise Flower &#8211; 14K Goud &#8211; Volledige piercing"}]},{"@type":"WebSite","@id":"https:\/\/inksanepiercing.com\/#website","url":"https:\/\/inksanepiercing.com\/","name":"inksanepiercing.com","description":"Inksane piercing et boutique en ligne","publisher":{"@id":"https:\/\/inksanepiercing.com\/#organization"},"potentialAction":[{"@type":"SearchAction","target":{"@type":"EntryPoint","urlTemplate":"https:\/\/inksanepiercing.com\/?s={search_term_string}"},"query-input":{"@type":"PropertyValueSpecification","valueRequired":true,"valueName":"search_term_string"}}],"inLanguage":"fr-BE"},{"@type":"Organization","@id":"https:\/\/inksanepiercing.com\/#organization","name":"inksanepiercing.com","url":"https:\/\/inksanepiercing.com\/","logo":{"@type":"ImageObject","inLanguage":"fr-BE","@id":"https:\/\/inksanepiercing.com\/#\/schema\/logo\/image\/","url":"https:\/\/inksanepiercing.com\/wp-content\/uploads\/2023\/12\/cropped-cropped-logo-grijs-rozer.png","contentUrl":"https:\/\/inksanepiercing.com\/wp-content\/uploads\/2023\/12\/cropped-cropped-logo-grijs-rozer.png","width":2131,"height":1067,"caption":"inksanepiercing.com"},"image":{"@id":"https:\/\/inksanepiercing.com\/#\/schema\/logo\/image\/"},"sameAs":["https:\/\/www.facebook.com\/InksanePiercing","https:\/\/www.instagram.com\/inksane_piercing\/"]}]},"product_price_currency":"EUR","og_availability":"instock","product_availability":"instock","product_condition":"new"},"_links":{"self":[{"href":"https:\/\/inksanepiercing.com\/fr\/wp-json\/wp\/v2\/product\/12860","targetHints":{"allow":["GET"]}}],"collection":[{"href":"https:\/\/inksanepiercing.com\/fr\/wp-json\/wp\/v2\/product"}],"about":[{"href":"https:\/\/inksanepiercing.com\/fr\/wp-json\/wp\/v2\/types\/product"}],"wp:featuredmedia":[{"embeddable":true,"href":"https:\/\/inksanepiercing.com\/fr\/wp-json\/wp\/v2\/media\/12927"}],"wp:attachment":[{"href":"https:\/\/inksanepiercing.com\/fr\/wp-json\/wp\/v2\/media?parent=12860"}],"wp:term":[{"taxonomy":"product_brand","embeddable":true,"href":"https:\/\/inksanepiercing.com\/fr\/wp-json\/wp\/v2\/product_brand?post=12860"},{"taxonomy":"product_cat","embeddable":true,"href":"https:\/\/inksanepiercing.com\/fr\/wp-json\/wp\/v2\/product_cat?post=12860"},{"taxonomy":"product_tag","embeddable":true,"href":"https:\/\/inksanepiercing.com\/fr\/wp-json\/wp\/v2\/product_tag?post=12860"}],"curies":[{"name":"wp","href":"https:\/\/api.w.org\/{rel}","templated":true}]}}