{"id":2422,"date":"2021-10-20T10:08:58","date_gmt":"2021-10-20T08:08:58","guid":{"rendered":"https:\/\/inksanepiercing.com\/?post_type=product&#038;p=2422"},"modified":"2024-09-08T14:57:44","modified_gmt":"2024-09-08T12:57:44","slug":"navelpiercing-met-2-steentjes","status":"publish","type":"product","link":"https:\/\/inksanepiercing.com\/fr\/shop\/navel-piercing\/navelpiercing-met-2-steentjes\/","title":{"rendered":"Per\u00e7age du nombril avec 2 pierres (plusieurs couleurs)"},"content":{"rendered":"<h1><strong>Piercing au nombril avec 2 pierres, diff\u00e9rentes couleurs disponibles.<br \/>\n<\/strong><\/h1>\n<h2>Ces pierres pr\u00e9cieuses sont enfil\u00e9es. Elles sont utilis\u00e9es pour les piercings du nombril<\/h2>\n<h2><\/h2>\n<h3><strong>Bijoux sans nickel et sans plomb<br \/>\n<\/strong><\/h3>\n<ul>\n<li>Fermeture : viss\u00e9e \u00e0 l'int\u00e9rieur<\/li>\n<li>M\u00e9tal : titane de qualit\u00e9 implantaire (ASTM F-136)<\/li>\n<\/ul>\n<p><strong>Extra : <\/strong><\/p>\n<ul>\n<li>Le titane peut \u00eatre d\u00e9color\u00e9. Le blanc, le noir et le rouge ne sont pas des options. Si vous le souhaitez, vous pouvez le mentionner lors de la commande.<\/li>\n<\/ul>","protected":false},"excerpt":{"rendered":"<p>Piercing au nombril avec 2 pierres, diff\u00e9rentes couleurs disponibles. Ces bijoux sont filet\u00e9s. Ils sont utilis\u00e9s pour les piercings du nombril Bijoux sans nickel et sans plomb Fermeture : viss\u00e9e \u00e0 l'int\u00e9rieur M\u00e9tal : titane de qualit\u00e9 implantaire (ASTM F-136) Extra : Le titane peut se d\u00e9colorer. Le blanc, le noir et le rouge ne sont pas des options. Si vous le souhaitez, vous pouvez le mentionner lors de la commande.<\/p>","protected":false},"featured_media":6966,"template":"","meta":{"site-sidebar-layout":"default","site-content-layout":"default","ast-site-content-layout":"default","site-content-style":"default","site-sidebar-style":"default","ast-global-header-display":"","ast-banner-title-visibility":"","ast-main-header-display":"","ast-hfb-above-header-display":"","ast-hfb-below-header-display":"","ast-hfb-mobile-header-display":"","site-post-title":"","ast-breadcrumbs-content":"","ast-featured-img":"","footer-sml-layout":"","theme-transparent-header-meta":"default","adv-header-id-meta":"","stick-header-meta":"","header-above-stick-meta":"","header-main-stick-meta":"","header-below-stick-meta":"","astra-migrate-meta-layouts":"set","ast-page-background-enabled":"default","ast-page-background-meta":{"desktop":{"background-color":"","background-image":"","background-repeat":"repeat","background-position":"center center","background-size":"auto","background-attachment":"scroll","background-type":"","background-media":"","overlay-type":"","overlay-color":"","overlay-opacity":"","overlay-gradient":""},"tablet":{"background-color":"","background-image":"","background-repeat":"repeat","background-position":"center center","background-size":"auto","background-attachment":"scroll","background-type":"","background-media":"","overlay-type":"","overlay-color":"","overlay-opacity":"","overlay-gradient":""},"mobile":{"background-color":"","background-image":"","background-repeat":"repeat","background-position":"center center","background-size":"auto","background-attachment":"scroll","background-type":"","background-media":"","overlay-type":"","overlay-color":"","overlay-opacity":"","overlay-gradient":""}},"ast-content-background-meta":{"desktop":{"background-color":"var(--ast-global-color-5)","background-image":"","background-repeat":"repeat","background-position":"center center","background-size":"auto","background-attachment":"scroll","background-type":"","background-media":"","overlay-type":"","overlay-color":"","overlay-opacity":"","overlay-gradient":""},"tablet":{"background-color":"var(--ast-global-color-5)","background-image":"","background-repeat":"repeat","background-position":"center center","background-size":"auto","background-attachment":"scroll","background-type":"","background-media":"","overlay-type":"","overlay-color":"","overlay-opacity":"","overlay-gradient":""},"mobile":{"background-color":"var(--ast-global-color-5)","background-image":"","background-repeat":"repeat","background-position":"center center","background-size":"auto","background-attachment":"scroll","background-type":"","background-media":"","overlay-type":"","overlay-color":"","overlay-opacity":"","overlay-gradient":""}}},"product_brand":[],"product_cat":[25],"product_tag":[484,530],"class_list":{"0":"post-2422","1":"product","2":"type-product","3":"status-publish","4":"has-post-thumbnail","6":"product_cat-navel-piercing","7":"product_tag-navelpiercing","8":"product_tag-piercing","9":"desktop-align-center","10":"tablet-align-center","11":"mobile-align-center","12":"ast-product-gallery-layout-horizontal","13":"ast-product-tabs-layout-horizontal","14":"ast-qv-on-image","16":"first","17":"instock","18":"shipping-taxable","19":"product-type-simple"},"yoast_head":"<!-- This site is optimized with the Yoast SEO Premium plugin v21.9 (Yoast SEO v27.4) - https:\/\/yoast.com\/product\/yoast-seo-premium-wordpress\/ -->\n<title>Navelpiercing - titanium met 2 zirkonia | Inksane Piercing<\/title>\n<meta name=\"description\" content=\"Deze navelpiercing is gemaakt uit titanium en heeft aan beide kanten een zirkonia steen zitten. Is te verkrijgen in verschillende kleuren\" \/>\n<meta name=\"robots\" content=\"index, follow, max-snippet:-1, max-image-preview:large, max-video-preview:-1\" \/>\n<link rel=\"canonical\" href=\"https:\/\/inksanepiercing.com\/fr\/shop\/navel-piercing\/navelpiercing-met-2-steentjes\/\" \/>\n<meta property=\"og:locale\" content=\"fr_FR\" \/>\n<meta property=\"og:type\" content=\"article\" \/>\n<meta property=\"og:title\" content=\"Navelpiercing - titanium met 2 zirkonia | Inksane Piercing\" \/>\n<meta property=\"og:description\" content=\"Deze navelpiercing is gemaakt uit titanium en heeft aan beide kanten een zirkonia steen zitten. Is te verkrijgen in verschillende kleuren\" \/>\n<meta property=\"og:url\" content=\"https:\/\/inksanepiercing.com\/fr\/shop\/navel-piercing\/navelpiercing-met-2-steentjes\/\" \/>\n<meta property=\"og:site_name\" content=\"inksanepiercing.com\" \/>\n<meta property=\"article:publisher\" content=\"https:\/\/www.facebook.com\/InksanePiercing\" \/>\n<meta property=\"article:modified_time\" content=\"2024-09-08T12:57:44+00:00\" \/>\n<meta property=\"og:image\" content=\"https:\/\/inksanepiercing.com\/wp-content\/uploads\/2021\/10\/BDGN-600x600E25.jpg\" \/>\n\t<meta property=\"og:image:width\" content=\"600\" \/>\n\t<meta property=\"og:image:height\" content=\"600\" \/>\n\t<meta property=\"og:image:type\" content=\"image\/jpeg\" \/>\n<meta name=\"twitter:card\" content=\"summary_large_image\" \/>\n<meta name=\"twitter:label1\" content=\"Price\" \/>\n\t<meta name=\"twitter:data1\" content=\"\" \/>\n\t<meta name=\"twitter:label2\" content=\"Availability\" \/>\n\t<meta name=\"twitter:data2\" content=\"In stock\" \/>\n<script type=\"application\/ld+json\" class=\"yoast-schema-graph\">{\"@context\":\"https:\\\/\\\/schema.org\",\"@graph\":[{\"@type\":\"WebPage\",\"@id\":\"https:\\\/\\\/inksanepiercing.com\\\/shop\\\/navel-piercing\\\/navelpiercing-met-2-steentjes\\\/\",\"url\":\"https:\\\/\\\/inksanepiercing.com\\\/shop\\\/navel-piercing\\\/navelpiercing-met-2-steentjes\\\/\",\"name\":\"Navelpiercing - titanium met 2 zirkonia | Inksane Piercing\",\"isPartOf\":{\"@id\":\"https:\\\/\\\/inksanepiercing.com\\\/#website\"},\"primaryImageOfPage\":{\"@id\":\"https:\\\/\\\/inksanepiercing.com\\\/shop\\\/navel-piercing\\\/navelpiercing-met-2-steentjes\\\/#primaryimage\"},\"image\":{\"@id\":\"https:\\\/\\\/inksanepiercing.com\\\/shop\\\/navel-piercing\\\/navelpiercing-met-2-steentjes\\\/#primaryimage\"},\"thumbnailUrl\":\"https:\\\/\\\/inksanepiercing.com\\\/wp-content\\\/uploads\\\/2021\\\/10\\\/BDGN-600x600E25.jpg\",\"datePublished\":\"2021-10-20T08:08:58+00:00\",\"dateModified\":\"2024-09-08T12:57:44+00:00\",\"description\":\"Deze navelpiercing is gemaakt uit titanium en heeft aan beide kanten een zirkonia steen zitten. Is te verkrijgen in verschillende kleuren\",\"breadcrumb\":{\"@id\":\"https:\\\/\\\/inksanepiercing.com\\\/shop\\\/navel-piercing\\\/navelpiercing-met-2-steentjes\\\/#breadcrumb\"},\"inLanguage\":\"fr-BE\",\"potentialAction\":[{\"@type\":\"ReadAction\",\"target\":[\"https:\\\/\\\/inksanepiercing.com\\\/shop\\\/navel-piercing\\\/navelpiercing-met-2-steentjes\\\/\"]}]},{\"@type\":\"ImageObject\",\"inLanguage\":\"fr-BE\",\"@id\":\"https:\\\/\\\/inksanepiercing.com\\\/shop\\\/navel-piercing\\\/navelpiercing-met-2-steentjes\\\/#primaryimage\",\"url\":\"https:\\\/\\\/inksanepiercing.com\\\/wp-content\\\/uploads\\\/2021\\\/10\\\/BDGN-600x600E25.jpg\",\"contentUrl\":\"https:\\\/\\\/inksanepiercing.com\\\/wp-content\\\/uploads\\\/2021\\\/10\\\/BDGN-600x600E25.jpg\",\"width\":600,\"height\":600},{\"@type\":\"BreadcrumbList\",\"@id\":\"https:\\\/\\\/inksanepiercing.com\\\/shop\\\/navel-piercing\\\/navelpiercing-met-2-steentjes\\\/#breadcrumb\",\"itemListElement\":[{\"@type\":\"ListItem\",\"position\":1,\"name\":\"Shop\",\"item\":\"http:\\\/\\\/inksanepiercing.com\\\/en\\\/shop\\\/\"},{\"@type\":\"ListItem\",\"position\":2,\"name\":\"Navelpiercing met 2 steentjes (meerdere kleuren)\"}]},{\"@type\":\"WebSite\",\"@id\":\"https:\\\/\\\/inksanepiercing.com\\\/#website\",\"url\":\"https:\\\/\\\/inksanepiercing.com\\\/\",\"name\":\"inksanepiercing.com\",\"description\":\"Inksane piercing en webshop\",\"publisher\":{\"@id\":\"https:\\\/\\\/inksanepiercing.com\\\/#organization\"},\"potentialAction\":[{\"@type\":\"SearchAction\",\"target\":{\"@type\":\"EntryPoint\",\"urlTemplate\":\"https:\\\/\\\/inksanepiercing.com\\\/?s={search_term_string}\"},\"query-input\":{\"@type\":\"PropertyValueSpecification\",\"valueRequired\":true,\"valueName\":\"search_term_string\"}}],\"inLanguage\":\"fr-BE\"},{\"@type\":\"Organization\",\"@id\":\"https:\\\/\\\/inksanepiercing.com\\\/#organization\",\"name\":\"inksanepiercing.com\",\"url\":\"https:\\\/\\\/inksanepiercing.com\\\/\",\"logo\":{\"@type\":\"ImageObject\",\"inLanguage\":\"fr-BE\",\"@id\":\"https:\\\/\\\/inksanepiercing.com\\\/#\\\/schema\\\/logo\\\/image\\\/\",\"url\":\"https:\\\/\\\/inksanepiercing.com\\\/wp-content\\\/uploads\\\/2023\\\/12\\\/cropped-cropped-logo-grijs-rozer.png\",\"contentUrl\":\"https:\\\/\\\/inksanepiercing.com\\\/wp-content\\\/uploads\\\/2023\\\/12\\\/cropped-cropped-logo-grijs-rozer.png\",\"width\":2131,\"height\":1067,\"caption\":\"inksanepiercing.com\"},\"image\":{\"@id\":\"https:\\\/\\\/inksanepiercing.com\\\/#\\\/schema\\\/logo\\\/image\\\/\"},\"sameAs\":[\"https:\\\/\\\/www.facebook.com\\\/InksanePiercing\",\"https:\\\/\\\/www.instagram.com\\\/inksane_piercing\\\/\"]}]}<\/script>\n<meta property=\"product:price:currency\" content=\"EUR\" \/>\n<meta property=\"og:availability\" content=\"instock\" \/>\n<meta property=\"product:availability\" content=\"instock\" \/>\n<meta property=\"product:condition\" content=\"new\" \/>\n<!-- \/ Yoast SEO Premium plugin. -->","yoast_head_json":{"title":"Piercing nombril - titane avec 2 zircones | Inksane Piercing","description":"Ce piercing pour le nombril est en titane et comporte une pierre en zircone des deux c\u00f4t\u00e9s. Disponible en diff\u00e9rentes couleurs","robots":{"index":"index","follow":"follow","max-snippet":"max-snippet:-1","max-image-preview":"max-image-preview:large","max-video-preview":"max-video-preview:-1"},"canonical":"https:\/\/inksanepiercing.com\/fr\/shop\/navel-piercing\/navelpiercing-met-2-steentjes\/","og_locale":"fr_FR","og_type":"article","og_title":"Navelpiercing - titanium met 2 zirkonia | Inksane Piercing","og_description":"Deze navelpiercing is gemaakt uit titanium en heeft aan beide kanten een zirkonia steen zitten. Is te verkrijgen in verschillende kleuren","og_url":"https:\/\/inksanepiercing.com\/fr\/shop\/navel-piercing\/navelpiercing-met-2-steentjes\/","og_site_name":"inksanepiercing.com","article_publisher":"https:\/\/www.facebook.com\/InksanePiercing","article_modified_time":"2024-09-08T12:57:44+00:00","og_image":[{"width":600,"height":600,"url":"https:\/\/inksanepiercing.com\/wp-content\/uploads\/2021\/10\/BDGN-600x600E25.jpg","type":"image\/jpeg"}],"twitter_card":"summary_large_image","twitter_misc":{"Price":"","Availability":"In stock"},"schema":{"@context":"https:\/\/schema.org","@graph":[{"@type":"WebPage","@id":"https:\/\/inksanepiercing.com\/shop\/navel-piercing\/navelpiercing-met-2-steentjes\/","url":"https:\/\/inksanepiercing.com\/shop\/navel-piercing\/navelpiercing-met-2-steentjes\/","name":"Piercing nombril - titane avec 2 zircones | Inksane Piercing","isPartOf":{"@id":"https:\/\/inksanepiercing.com\/#website"},"primaryImageOfPage":{"@id":"https:\/\/inksanepiercing.com\/shop\/navel-piercing\/navelpiercing-met-2-steentjes\/#primaryimage"},"image":{"@id":"https:\/\/inksanepiercing.com\/shop\/navel-piercing\/navelpiercing-met-2-steentjes\/#primaryimage"},"thumbnailUrl":"https:\/\/inksanepiercing.com\/wp-content\/uploads\/2021\/10\/BDGN-600x600E25.jpg","datePublished":"2021-10-20T08:08:58+00:00","dateModified":"2024-09-08T12:57:44+00:00","description":"Ce piercing pour le nombril est en titane et comporte une pierre en zircone des deux c\u00f4t\u00e9s. Disponible en diff\u00e9rentes couleurs","breadcrumb":{"@id":"https:\/\/inksanepiercing.com\/shop\/navel-piercing\/navelpiercing-met-2-steentjes\/#breadcrumb"},"inLanguage":"fr-BE","potentialAction":[{"@type":"ReadAction","target":["https:\/\/inksanepiercing.com\/shop\/navel-piercing\/navelpiercing-met-2-steentjes\/"]}]},{"@type":"ImageObject","inLanguage":"fr-BE","@id":"https:\/\/inksanepiercing.com\/shop\/navel-piercing\/navelpiercing-met-2-steentjes\/#primaryimage","url":"https:\/\/inksanepiercing.com\/wp-content\/uploads\/2021\/10\/BDGN-600x600E25.jpg","contentUrl":"https:\/\/inksanepiercing.com\/wp-content\/uploads\/2021\/10\/BDGN-600x600E25.jpg","width":600,"height":600},{"@type":"BreadcrumbList","@id":"https:\/\/inksanepiercing.com\/shop\/navel-piercing\/navelpiercing-met-2-steentjes\/#breadcrumb","itemListElement":[{"@type":"ListItem","position":1,"name":"Shop","item":"http:\/\/inksanepiercing.com\/en\/shop\/"},{"@type":"ListItem","position":2,"name":"Navelpiercing met 2 steentjes (meerdere kleuren)"}]},{"@type":"WebSite","@id":"https:\/\/inksanepiercing.com\/#website","url":"https:\/\/inksanepiercing.com\/","name":"inksanepiercing.com","description":"Inksane piercing et boutique en ligne","publisher":{"@id":"https:\/\/inksanepiercing.com\/#organization"},"potentialAction":[{"@type":"SearchAction","target":{"@type":"EntryPoint","urlTemplate":"https:\/\/inksanepiercing.com\/?s={search_term_string}"},"query-input":{"@type":"PropertyValueSpecification","valueRequired":true,"valueName":"search_term_string"}}],"inLanguage":"fr-BE"},{"@type":"Organization","@id":"https:\/\/inksanepiercing.com\/#organization","name":"inksanepiercing.com","url":"https:\/\/inksanepiercing.com\/","logo":{"@type":"ImageObject","inLanguage":"fr-BE","@id":"https:\/\/inksanepiercing.com\/#\/schema\/logo\/image\/","url":"https:\/\/inksanepiercing.com\/wp-content\/uploads\/2023\/12\/cropped-cropped-logo-grijs-rozer.png","contentUrl":"https:\/\/inksanepiercing.com\/wp-content\/uploads\/2023\/12\/cropped-cropped-logo-grijs-rozer.png","width":2131,"height":1067,"caption":"inksanepiercing.com"},"image":{"@id":"https:\/\/inksanepiercing.com\/#\/schema\/logo\/image\/"},"sameAs":["https:\/\/www.facebook.com\/InksanePiercing","https:\/\/www.instagram.com\/inksane_piercing\/"]}]},"product_price_currency":"EUR","og_availability":"instock","product_availability":"instock","product_condition":"new"},"_links":{"self":[{"href":"https:\/\/inksanepiercing.com\/fr\/wp-json\/wp\/v2\/product\/2422","targetHints":{"allow":["GET"]}}],"collection":[{"href":"https:\/\/inksanepiercing.com\/fr\/wp-json\/wp\/v2\/product"}],"about":[{"href":"https:\/\/inksanepiercing.com\/fr\/wp-json\/wp\/v2\/types\/product"}],"wp:featuredmedia":[{"embeddable":true,"href":"https:\/\/inksanepiercing.com\/fr\/wp-json\/wp\/v2\/media\/6966"}],"wp:attachment":[{"href":"https:\/\/inksanepiercing.com\/fr\/wp-json\/wp\/v2\/media?parent=2422"}],"wp:term":[{"taxonomy":"product_brand","embeddable":true,"href":"https:\/\/inksanepiercing.com\/fr\/wp-json\/wp\/v2\/product_brand?post=2422"},{"taxonomy":"product_cat","embeddable":true,"href":"https:\/\/inksanepiercing.com\/fr\/wp-json\/wp\/v2\/product_cat?post=2422"},{"taxonomy":"product_tag","embeddable":true,"href":"https:\/\/inksanepiercing.com\/fr\/wp-json\/wp\/v2\/product_tag?post=2422"}],"curies":[{"name":"wp","href":"https:\/\/api.w.org\/{rel}","templated":true}]}}