{"id":2460,"date":"2021-10-20T11:35:47","date_gmt":"2021-10-20T09:35:47","guid":{"rendered":"https:\/\/inksanepiercing.com\/?post_type=product&#038;p=2460"},"modified":"2024-09-08T14:56:54","modified_gmt":"2024-09-08T12:56:54","slug":"schijfje-met-schroefdraad","status":"publish","type":"product","link":"https:\/\/inksanepiercing.com\/fr\/shop\/oorlelpiercings\/schijfje-met-schroefdraad\/","title":{"rendered":"Disque filet\u00e9"},"content":{"rendered":"<h1><strong>Disque en titane pour les piercings d'oreille ou de l\u00e8vre<br \/>\n<\/strong><\/h1>\n<p>Ces disques en titane sont filet\u00e9s et ne s'adaptent qu'aux tiges viss\u00e9es \u00e0 l'int\u00e9rieur.<\/p>\n<p>La partie sup\u00e9rieure peut \u00eatre utilis\u00e9e pour diff\u00e9rents piercings :<\/p>\n<ul>\n<li>\n<h2>Conque,<\/h2>\n<\/li>\n<li>\n<h2>Helix,<\/h2>\n<\/li>\n<li>\n<h2>Tragus,<\/h2>\n<\/li>\n<li>\n<h2>Lobe d'oreille,<\/h2>\n<\/li>\n<li>\n<h2>Plat,<\/h2>\n<\/li>\n<li>\n<h2>l\u00e8vre<\/h2>\n<\/li>\n<\/ul>\n<h3><strong>Bijoux sans nickel et sans plomb<br \/>\n<\/strong><\/h3>\n<ul>\n<li>Fermeture : viss\u00e9e \u00e0 l'int\u00e9rieur<\/li>\n<li>M\u00e9tal : titane de qualit\u00e9 implantaire (ASTM F-136)<\/li>\n<\/ul>\n<p><strong>Extra : <\/strong><\/p>\n<ul>\n<li>Ces disques ne sont compatibles qu'avec un <a href=\"https:\/\/inksanepiercing.com\/fr\/shop\/15\/labret-met-schroef\/\">tige viss\u00e9e \u00e0 l'int\u00e9rieur<\/a> (vendu s\u00e9par\u00e9ment)<\/li>\n<li>Le titane peut \u00eatre d\u00e9color\u00e9. Le blanc, le noir et le rouge ne sont pas des options. Si vous le souhaitez, vous pouvez le mentionner lors de la commande.<\/li>\n<\/ul>","protected":false},"excerpt":{"rendered":"<p>Titanium disk voor oorpiercings of lippiercings Deze titanium disks hebben een schroefdraad en passen enkel op intern geschroefde staafjes. De top kan voor verschillende piercings worden gebruikt: Conch, Helix, Tragus, Oorlel, Flat, Lip Nikkelvrije en loodvrije juwelen Sluiting: intern geschroefd Metaal: Implant grade titanium (ASTM F-136) Extra: Deze disks passen enkel op een intern geschroefd [&hellip;]<\/p>\n","protected":false},"featured_media":7572,"template":"","meta":{"site-sidebar-layout":"default","site-content-layout":"default","ast-site-content-layout":"default","site-content-style":"default","site-sidebar-style":"default","ast-global-header-display":"","ast-banner-title-visibility":"","ast-main-header-display":"","ast-hfb-above-header-display":"","ast-hfb-below-header-display":"","ast-hfb-mobile-header-display":"","site-post-title":"","ast-breadcrumbs-content":"","ast-featured-img":"","footer-sml-layout":"","theme-transparent-header-meta":"default","adv-header-id-meta":"","stick-header-meta":"","header-above-stick-meta":"","header-main-stick-meta":"","header-below-stick-meta":"","astra-migrate-meta-layouts":"set","ast-page-background-enabled":"default","ast-page-background-meta":{"desktop":{"background-color":"","background-image":"","background-repeat":"repeat","background-position":"center center","background-size":"auto","background-attachment":"scroll","background-type":"","background-media":"","overlay-type":"","overlay-color":"","overlay-opacity":"","overlay-gradient":""},"tablet":{"background-color":"","background-image":"","background-repeat":"repeat","background-position":"center center","background-size":"auto","background-attachment":"scroll","background-type":"","background-media":"","overlay-type":"","overlay-color":"","overlay-opacity":"","overlay-gradient":""},"mobile":{"background-color":"","background-image":"","background-repeat":"repeat","background-position":"center center","background-size":"auto","background-attachment":"scroll","background-type":"","background-media":"","overlay-type":"","overlay-color":"","overlay-opacity":"","overlay-gradient":""}},"ast-content-background-meta":{"desktop":{"background-color":"var(--ast-global-color-5)","background-image":"","background-repeat":"repeat","background-position":"center center","background-size":"auto","background-attachment":"scroll","background-type":"","background-media":"","overlay-type":"","overlay-color":"","overlay-opacity":"","overlay-gradient":""},"tablet":{"background-color":"var(--ast-global-color-5)","background-image":"","background-repeat":"repeat","background-position":"center center","background-size":"auto","background-attachment":"scroll","background-type":"","background-media":"","overlay-type":"","overlay-color":"","overlay-opacity":"","overlay-gradient":""},"mobile":{"background-color":"var(--ast-global-color-5)","background-image":"","background-repeat":"repeat","background-position":"center center","background-size":"auto","background-attachment":"scroll","background-type":"","background-media":"","overlay-type":"","overlay-color":"","overlay-opacity":"","overlay-gradient":""}}},"product_brand":[],"product_cat":[541,543,25,947,545,943],"product_tag":[513,54,60,61,53,518,51,515,56,50,517,484,514,530,519,516,59,451,443,55],"class_list":{"0":"post-2460","1":"product","2":"type-product","3":"status-publish","4":"has-post-thumbnail","6":"product_cat-conchpiercing","7":"product_cat-helixpiercing","8":"product_cat-navel-piercing","9":"product_cat-oorlelpiercings","10":"product_cat-tongpiercing","11":"product_cat-traguspiercing","12":"product_tag-bridge","13":"product_tag-conch","14":"product_tag-dermal","15":"product_tag-eyebrow","16":"product_tag-flat","17":"product_tag-forward-helix","18":"product_tag-helix","19":"product_tag-industrial","20":"product_tag-lip","21":"product_tag-lobe","22":"product_tag-medusa","23":"product_tag-navelpiercing","24":"product_tag-oorpiercing","25":"product_tag-piercing","26":"product_tag-rook","27":"product_tag-snake-bite","28":"product_tag-surface","29":"product_tag-tepel","30":"product_tag-tongue","31":"product_tag-tragus","32":"desktop-align-center","33":"tablet-align-center","34":"mobile-align-center","35":"ast-product-gallery-layout-horizontal","36":"ast-product-gallery-with-no-image","37":"ast-product-tabs-layout-horizontal","38":"ast-qv-on-image","40":"first","41":"instock","42":"shipping-taxable","43":"product-type-simple"},"yoast_head":"<!-- This site is optimized with the Yoast SEO Premium plugin v21.9 (Yoast SEO v27.5) - https:\/\/yoast.com\/product\/yoast-seo-premium-wordpress\/ -->\n<title>Schijfje met schroefdraad - inksanepiercing.com<\/title>\n<meta name=\"robots\" content=\"index, follow, max-snippet:-1, max-image-preview:large, max-video-preview:-1\" \/>\n<link rel=\"canonical\" href=\"https:\/\/inksanepiercing.com\/fr\/shop\/oorlelpiercings\/schijfje-met-schroefdraad\/\" \/>\n<meta property=\"og:locale\" content=\"fr_FR\" \/>\n<meta property=\"og:type\" content=\"article\" \/>\n<meta property=\"og:title\" content=\"Schijfje met schroefdraad - inksanepiercing.com\" \/>\n<meta property=\"og:description\" content=\"Titanium disk voor oorpiercings of lippiercings Deze titanium disks hebben een schroefdraad en passen enkel op intern geschroefde staafjes. De top kan voor verschillende piercings worden gebruikt: Conch, Helix, Tragus, Oorlel, Flat, Lip Nikkelvrije en loodvrije juwelen Sluiting: intern geschroefd Metaal: Implant grade titanium (ASTM F-136) Extra: Deze disks passen enkel op een intern geschroefd [&hellip;]\" \/>\n<meta property=\"og:url\" content=\"https:\/\/inksanepiercing.com\/fr\/shop\/oorlelpiercings\/schijfje-met-schroefdraad\/\" \/>\n<meta property=\"og:site_name\" content=\"inksanepiercing.com\" \/>\n<meta property=\"article:publisher\" content=\"https:\/\/www.facebook.com\/InksanePiercing\" \/>\n<meta property=\"article:modified_time\" content=\"2024-09-08T12:56:54+00:00\" \/>\n<meta property=\"og:image\" content=\"https:\/\/inksanepiercing.com\/wp-content\/uploads\/2021\/10\/disk.png\" \/>\n\t<meta property=\"og:image:width\" content=\"429\" \/>\n\t<meta property=\"og:image:height\" content=\"428\" \/>\n\t<meta property=\"og:image:type\" content=\"image\/png\" \/>\n<meta name=\"twitter:card\" content=\"summary_large_image\" \/>\n<meta name=\"twitter:label1\" content=\"Price\" \/>\n\t<meta name=\"twitter:data1\" content=\"\" \/>\n\t<meta name=\"twitter:label2\" content=\"Availability\" \/>\n\t<meta name=\"twitter:data2\" content=\"In stock\" \/>\n<script type=\"application\/ld+json\" class=\"yoast-schema-graph\">{\"@context\":\"https:\\\/\\\/schema.org\",\"@graph\":[{\"@type\":\"WebPage\",\"@id\":\"https:\\\/\\\/inksanepiercing.com\\\/shop\\\/oorlelpiercings\\\/schijfje-met-schroefdraad\\\/\",\"url\":\"https:\\\/\\\/inksanepiercing.com\\\/shop\\\/oorlelpiercings\\\/schijfje-met-schroefdraad\\\/\",\"name\":\"Schijfje met schroefdraad - inksanepiercing.com\",\"isPartOf\":{\"@id\":\"https:\\\/\\\/inksanepiercing.com\\\/#website\"},\"primaryImageOfPage\":{\"@id\":\"https:\\\/\\\/inksanepiercing.com\\\/shop\\\/oorlelpiercings\\\/schijfje-met-schroefdraad\\\/#primaryimage\"},\"image\":{\"@id\":\"https:\\\/\\\/inksanepiercing.com\\\/shop\\\/oorlelpiercings\\\/schijfje-met-schroefdraad\\\/#primaryimage\"},\"thumbnailUrl\":\"https:\\\/\\\/inksanepiercing.com\\\/wp-content\\\/uploads\\\/2021\\\/10\\\/disk.png\",\"datePublished\":\"2021-10-20T09:35:47+00:00\",\"dateModified\":\"2024-09-08T12:56:54+00:00\",\"breadcrumb\":{\"@id\":\"https:\\\/\\\/inksanepiercing.com\\\/shop\\\/oorlelpiercings\\\/schijfje-met-schroefdraad\\\/#breadcrumb\"},\"inLanguage\":\"fr-BE\",\"potentialAction\":[{\"@type\":\"ReadAction\",\"target\":[\"https:\\\/\\\/inksanepiercing.com\\\/shop\\\/oorlelpiercings\\\/schijfje-met-schroefdraad\\\/\"]}]},{\"@type\":\"ImageObject\",\"inLanguage\":\"fr-BE\",\"@id\":\"https:\\\/\\\/inksanepiercing.com\\\/shop\\\/oorlelpiercings\\\/schijfje-met-schroefdraad\\\/#primaryimage\",\"url\":\"https:\\\/\\\/inksanepiercing.com\\\/wp-content\\\/uploads\\\/2021\\\/10\\\/disk.png\",\"contentUrl\":\"https:\\\/\\\/inksanepiercing.com\\\/wp-content\\\/uploads\\\/2021\\\/10\\\/disk.png\",\"width\":429,\"height\":428},{\"@type\":\"BreadcrumbList\",\"@id\":\"https:\\\/\\\/inksanepiercing.com\\\/shop\\\/oorlelpiercings\\\/schijfje-met-schroefdraad\\\/#breadcrumb\",\"itemListElement\":[{\"@type\":\"ListItem\",\"position\":1,\"name\":\"Shop\",\"item\":\"http:\\\/\\\/inksanepiercing.com\\\/en\\\/shop\\\/\"},{\"@type\":\"ListItem\",\"position\":2,\"name\":\"Schijfje met schroefdraad\"}]},{\"@type\":\"WebSite\",\"@id\":\"https:\\\/\\\/inksanepiercing.com\\\/#website\",\"url\":\"https:\\\/\\\/inksanepiercing.com\\\/\",\"name\":\"inksanepiercing.com\",\"description\":\"Inksane piercing en webshop\",\"publisher\":{\"@id\":\"https:\\\/\\\/inksanepiercing.com\\\/#organization\"},\"potentialAction\":[{\"@type\":\"SearchAction\",\"target\":{\"@type\":\"EntryPoint\",\"urlTemplate\":\"https:\\\/\\\/inksanepiercing.com\\\/?s={search_term_string}\"},\"query-input\":{\"@type\":\"PropertyValueSpecification\",\"valueRequired\":true,\"valueName\":\"search_term_string\"}}],\"inLanguage\":\"fr-BE\"},{\"@type\":\"Organization\",\"@id\":\"https:\\\/\\\/inksanepiercing.com\\\/#organization\",\"name\":\"inksanepiercing.com\",\"url\":\"https:\\\/\\\/inksanepiercing.com\\\/\",\"logo\":{\"@type\":\"ImageObject\",\"inLanguage\":\"fr-BE\",\"@id\":\"https:\\\/\\\/inksanepiercing.com\\\/#\\\/schema\\\/logo\\\/image\\\/\",\"url\":\"https:\\\/\\\/inksanepiercing.com\\\/wp-content\\\/uploads\\\/2023\\\/12\\\/cropped-cropped-logo-grijs-rozer.png\",\"contentUrl\":\"https:\\\/\\\/inksanepiercing.com\\\/wp-content\\\/uploads\\\/2023\\\/12\\\/cropped-cropped-logo-grijs-rozer.png\",\"width\":2131,\"height\":1067,\"caption\":\"inksanepiercing.com\"},\"image\":{\"@id\":\"https:\\\/\\\/inksanepiercing.com\\\/#\\\/schema\\\/logo\\\/image\\\/\"},\"sameAs\":[\"https:\\\/\\\/www.facebook.com\\\/InksanePiercing\",\"https:\\\/\\\/www.instagram.com\\\/inksane_piercing\\\/\"]}]}<\/script>\n<meta property=\"product:price:currency\" content=\"EUR\" \/>\n<meta property=\"og:availability\" content=\"instock\" \/>\n<meta property=\"product:availability\" content=\"instock\" \/>\n<meta property=\"product:condition\" content=\"new\" \/>\n<!-- \/ Yoast SEO Premium plugin. -->","yoast_head_json":{"title":"Disque filet\u00e9 - inksanepiercing.com","robots":{"index":"index","follow":"follow","max-snippet":"max-snippet:-1","max-image-preview":"max-image-preview:large","max-video-preview":"max-video-preview:-1"},"canonical":"https:\/\/inksanepiercing.com\/fr\/shop\/oorlelpiercings\/schijfje-met-schroefdraad\/","og_locale":"fr_FR","og_type":"article","og_title":"Schijfje met schroefdraad - inksanepiercing.com","og_description":"Titanium disk voor oorpiercings of lippiercings Deze titanium disks hebben een schroefdraad en passen enkel op intern geschroefde staafjes. De top kan voor verschillende piercings worden gebruikt: Conch, Helix, Tragus, Oorlel, Flat, Lip Nikkelvrije en loodvrije juwelen Sluiting: intern geschroefd Metaal: Implant grade titanium (ASTM F-136) Extra: Deze disks passen enkel op een intern geschroefd [&hellip;]","og_url":"https:\/\/inksanepiercing.com\/fr\/shop\/oorlelpiercings\/schijfje-met-schroefdraad\/","og_site_name":"inksanepiercing.com","article_publisher":"https:\/\/www.facebook.com\/InksanePiercing","article_modified_time":"2024-09-08T12:56:54+00:00","og_image":[{"width":429,"height":428,"url":"https:\/\/inksanepiercing.com\/wp-content\/uploads\/2021\/10\/disk.png","type":"image\/png"}],"twitter_card":"summary_large_image","twitter_misc":{"Price":"","Availability":"In stock"},"schema":{"@context":"https:\/\/schema.org","@graph":[{"@type":"WebPage","@id":"https:\/\/inksanepiercing.com\/shop\/oorlelpiercings\/schijfje-met-schroefdraad\/","url":"https:\/\/inksanepiercing.com\/shop\/oorlelpiercings\/schijfje-met-schroefdraad\/","name":"Disque filet\u00e9 - inksanepiercing.com","isPartOf":{"@id":"https:\/\/inksanepiercing.com\/#website"},"primaryImageOfPage":{"@id":"https:\/\/inksanepiercing.com\/shop\/oorlelpiercings\/schijfje-met-schroefdraad\/#primaryimage"},"image":{"@id":"https:\/\/inksanepiercing.com\/shop\/oorlelpiercings\/schijfje-met-schroefdraad\/#primaryimage"},"thumbnailUrl":"https:\/\/inksanepiercing.com\/wp-content\/uploads\/2021\/10\/disk.png","datePublished":"2021-10-20T09:35:47+00:00","dateModified":"2024-09-08T12:56:54+00:00","breadcrumb":{"@id":"https:\/\/inksanepiercing.com\/shop\/oorlelpiercings\/schijfje-met-schroefdraad\/#breadcrumb"},"inLanguage":"fr-BE","potentialAction":[{"@type":"ReadAction","target":["https:\/\/inksanepiercing.com\/shop\/oorlelpiercings\/schijfje-met-schroefdraad\/"]}]},{"@type":"ImageObject","inLanguage":"fr-BE","@id":"https:\/\/inksanepiercing.com\/shop\/oorlelpiercings\/schijfje-met-schroefdraad\/#primaryimage","url":"https:\/\/inksanepiercing.com\/wp-content\/uploads\/2021\/10\/disk.png","contentUrl":"https:\/\/inksanepiercing.com\/wp-content\/uploads\/2021\/10\/disk.png","width":429,"height":428},{"@type":"BreadcrumbList","@id":"https:\/\/inksanepiercing.com\/shop\/oorlelpiercings\/schijfje-met-schroefdraad\/#breadcrumb","itemListElement":[{"@type":"ListItem","position":1,"name":"Shop","item":"http:\/\/inksanepiercing.com\/en\/shop\/"},{"@type":"ListItem","position":2,"name":"Schijfje met schroefdraad"}]},{"@type":"WebSite","@id":"https:\/\/inksanepiercing.com\/#website","url":"https:\/\/inksanepiercing.com\/","name":"inksanepiercing.com","description":"Inksane piercing et boutique en ligne","publisher":{"@id":"https:\/\/inksanepiercing.com\/#organization"},"potentialAction":[{"@type":"SearchAction","target":{"@type":"EntryPoint","urlTemplate":"https:\/\/inksanepiercing.com\/?s={search_term_string}"},"query-input":{"@type":"PropertyValueSpecification","valueRequired":true,"valueName":"search_term_string"}}],"inLanguage":"fr-BE"},{"@type":"Organization","@id":"https:\/\/inksanepiercing.com\/#organization","name":"inksanepiercing.com","url":"https:\/\/inksanepiercing.com\/","logo":{"@type":"ImageObject","inLanguage":"fr-BE","@id":"https:\/\/inksanepiercing.com\/#\/schema\/logo\/image\/","url":"https:\/\/inksanepiercing.com\/wp-content\/uploads\/2023\/12\/cropped-cropped-logo-grijs-rozer.png","contentUrl":"https:\/\/inksanepiercing.com\/wp-content\/uploads\/2023\/12\/cropped-cropped-logo-grijs-rozer.png","width":2131,"height":1067,"caption":"inksanepiercing.com"},"image":{"@id":"https:\/\/inksanepiercing.com\/#\/schema\/logo\/image\/"},"sameAs":["https:\/\/www.facebook.com\/InksanePiercing","https:\/\/www.instagram.com\/inksane_piercing\/"]}]},"product_price_currency":"EUR","og_availability":"instock","product_availability":"instock","product_condition":"new"},"_links":{"self":[{"href":"https:\/\/inksanepiercing.com\/fr\/wp-json\/wp\/v2\/product\/2460","targetHints":{"allow":["GET"]}}],"collection":[{"href":"https:\/\/inksanepiercing.com\/fr\/wp-json\/wp\/v2\/product"}],"about":[{"href":"https:\/\/inksanepiercing.com\/fr\/wp-json\/wp\/v2\/types\/product"}],"wp:featuredmedia":[{"embeddable":true,"href":"https:\/\/inksanepiercing.com\/fr\/wp-json\/wp\/v2\/media\/7572"}],"wp:attachment":[{"href":"https:\/\/inksanepiercing.com\/fr\/wp-json\/wp\/v2\/media?parent=2460"}],"wp:term":[{"taxonomy":"product_brand","embeddable":true,"href":"https:\/\/inksanepiercing.com\/fr\/wp-json\/wp\/v2\/product_brand?post=2460"},{"taxonomy":"product_cat","embeddable":true,"href":"https:\/\/inksanepiercing.com\/fr\/wp-json\/wp\/v2\/product_cat?post=2460"},{"taxonomy":"product_tag","embeddable":true,"href":"https:\/\/inksanepiercing.com\/fr\/wp-json\/wp\/v2\/product_tag?post=2460"}],"curies":[{"name":"wp","href":"https:\/\/api.w.org\/{rel}","templated":true}]}}