{"id":9031,"date":"2023-11-23T16:42:13","date_gmt":"2023-11-23T15:42:13","guid":{"rendered":"https:\/\/inksanepiercing.com\/?post_type=product&#038;p=9031"},"modified":"2024-09-08T14:47:44","modified_gmt":"2024-09-08T12:47:44","slug":"elevate-rutilated-quartz-cz-14k-gold-threadless-end","status":"publish","type":"product","link":"https:\/\/inksanepiercing.com\/fr\/shop\/15\/elevate-rutilated-quartz-cz-14k-gold-threadless-end\/","title":{"rendered":"Elevate - Quartz Rutil\u00e9 + CZ - Or 14K - Piercing top"},"content":{"rendered":"<p>Le chic \u00e9l\u00e9gant rencontre la mode divine dans ce design audacieux en quartz rutile et CZ.<\/p>\n<p>Les pierres pr\u00e9cieuses que nous pr\u00e9sentons sont sp\u00e9cialement choisies pour leur coupe parfaite et leur qualit\u00e9 afin d'illuminer nos bijoux.<\/p>\n<p>D\u00e9tails<\/p>\n<p>Or massif 14kt - Disponible en or jaune, rose et blanc (1) 1,5 mm x 2,5 mm x 4,5 mm Quartz Rutile, et (10) 0,8 mm CZs Embout universel sans filetage Vendu en tant que pi\u00e8ce unique Dos vendu s\u00e9par\u00e9ment<\/p>\n<p>D\u00e9lai de livraison de 4 \u00e0 5 semaines<\/p>","protected":false},"excerpt":{"rendered":"<p>Elegante chic ontmoet goddelijke mode in dit gedurfde ontwerp van Rutielkwarts + CZ. De edelstenen die we presenteren, zijn speciaal gekozen vanwege hun perfecte snit en kwaliteit om onze sieraden te verlichten. Details Massief 14kt Goud &#8211; Verkrijgbaar in Geel, Ros\u00e9 &amp; Wit goud (1) 1,5 mm x 2,5 mm x 4,5 mm Rutielkwarts, en [&hellip;]<\/p>\n","protected":false},"featured_media":9047,"template":"","meta":{"site-sidebar-layout":"default","site-content-layout":"default","ast-site-content-layout":"default","site-content-style":"default","site-sidebar-style":"default","ast-global-header-display":"","ast-banner-title-visibility":"","ast-main-header-display":"","ast-hfb-above-header-display":"","ast-hfb-below-header-display":"","ast-hfb-mobile-header-display":"","site-post-title":"","ast-breadcrumbs-content":"","ast-featured-img":"","footer-sml-layout":"","theme-transparent-header-meta":"default","adv-header-id-meta":"","stick-header-meta":"","header-above-stick-meta":"","header-main-stick-meta":"","header-below-stick-meta":"","astra-migrate-meta-layouts":"set","ast-page-background-enabled":"default","ast-page-background-meta":{"desktop":{"background-color":"","background-image":"","background-repeat":"repeat","background-position":"center center","background-size":"auto","background-attachment":"scroll","background-type":"","background-media":"","overlay-type":"","overlay-color":"","overlay-opacity":"","overlay-gradient":""},"tablet":{"background-color":"","background-image":"","background-repeat":"repeat","background-position":"center center","background-size":"auto","background-attachment":"scroll","background-type":"","background-media":"","overlay-type":"","overlay-color":"","overlay-opacity":"","overlay-gradient":""},"mobile":{"background-color":"","background-image":"","background-repeat":"repeat","background-position":"center center","background-size":"auto","background-attachment":"scroll","background-type":"","background-media":"","overlay-type":"","overlay-color":"","overlay-opacity":"","overlay-gradient":""}},"ast-content-background-meta":{"desktop":{"background-color":"var(--ast-global-color-5)","background-image":"","background-repeat":"repeat","background-position":"center center","background-size":"auto","background-attachment":"scroll","background-type":"","background-media":"","overlay-type":"","overlay-color":"","overlay-opacity":"","overlay-gradient":""},"tablet":{"background-color":"var(--ast-global-color-5)","background-image":"","background-repeat":"repeat","background-position":"center center","background-size":"auto","background-attachment":"scroll","background-type":"","background-media":"","overlay-type":"","overlay-color":"","overlay-opacity":"","overlay-gradient":""},"mobile":{"background-color":"var(--ast-global-color-5)","background-image":"","background-repeat":"repeat","background-position":"center center","background-size":"auto","background-attachment":"scroll","background-type":"","background-media":"","overlay-type":"","overlay-color":"","overlay-opacity":"","overlay-gradient":""}}},"product_brand":[],"product_cat":[15,541,543,947,943],"product_tag":[],"class_list":{"0":"post-9031","1":"product","2":"type-product","3":"status-publish","4":"has-post-thumbnail","6":"product_cat-15","7":"product_cat-conchpiercing","8":"product_cat-helixpiercing","9":"product_cat-oorlelpiercings","10":"product_cat-traguspiercing","11":"desktop-align-center","12":"tablet-align-center","13":"mobile-align-center","14":"ast-product-gallery-layout-horizontal","15":"ast-product-tabs-layout-horizontal","16":"ast-qv-on-image","18":"first","19":"instock","20":"shipping-taxable","21":"product-type-simple"},"yoast_head":"<!-- This site is optimized with the Yoast SEO Premium plugin v21.9 (Yoast SEO v27.5) - https:\/\/yoast.com\/product\/yoast-seo-premium-wordpress\/ -->\n<title>Elevate - Rutilated Quartz + CZ - 14K Goud - Piercing top - inksanepiercing.com<\/title>\n<meta name=\"robots\" content=\"index, follow, max-snippet:-1, max-image-preview:large, max-video-preview:-1\" \/>\n<link rel=\"canonical\" href=\"https:\/\/inksanepiercing.com\/fr\/shop\/15\/elevate-rutilated-quartz-cz-14k-gold-threadless-end\/\" \/>\n<meta property=\"og:locale\" content=\"fr_FR\" \/>\n<meta property=\"og:type\" content=\"article\" \/>\n<meta property=\"og:title\" content=\"Elevate - Rutilated Quartz + CZ - 14K Goud - Piercing top - inksanepiercing.com\" \/>\n<meta property=\"og:description\" content=\"Elegante chic ontmoet goddelijke mode in dit gedurfde ontwerp van Rutielkwarts + CZ. De edelstenen die we presenteren, zijn speciaal gekozen vanwege hun perfecte snit en kwaliteit om onze sieraden te verlichten. Details Massief 14kt Goud &#8211; Verkrijgbaar in Geel, Ros\u00e9 &amp; Wit goud (1) 1,5 mm x 2,5 mm x 4,5 mm Rutielkwarts, en [&hellip;]\" \/>\n<meta property=\"og:url\" content=\"https:\/\/inksanepiercing.com\/fr\/shop\/15\/elevate-rutilated-quartz-cz-14k-gold-threadless-end\/\" \/>\n<meta property=\"og:site_name\" content=\"inksanepiercing.com\" \/>\n<meta property=\"article:publisher\" content=\"https:\/\/www.facebook.com\/InksanePiercing\" \/>\n<meta property=\"article:modified_time\" content=\"2024-09-08T12:47:44+00:00\" \/>\n<meta property=\"og:image\" content=\"https:\/\/inksanepiercing.com\/wp-content\/uploads\/2023\/11\/ElevateGoldenRutile_YG_800x.webp\" \/>\n\t<meta property=\"og:image:width\" content=\"800\" \/>\n\t<meta property=\"og:image:height\" content=\"800\" \/>\n\t<meta property=\"og:image:type\" content=\"image\/webp\" \/>\n<meta name=\"twitter:card\" content=\"summary_large_image\" \/>\n<meta name=\"twitter:label1\" content=\"Price\" \/>\n\t<meta name=\"twitter:data1\" content=\"\" \/>\n\t<meta name=\"twitter:label2\" content=\"Availability\" \/>\n\t<meta name=\"twitter:data2\" content=\"In stock\" \/>\n<script type=\"application\/ld+json\" class=\"yoast-schema-graph\">{\"@context\":\"https:\\\/\\\/schema.org\",\"@graph\":[{\"@type\":\"WebPage\",\"@id\":\"https:\\\/\\\/inksanepiercing.com\\\/shop\\\/15\\\/elevate-rutilated-quartz-cz-14k-gold-threadless-end\\\/\",\"url\":\"https:\\\/\\\/inksanepiercing.com\\\/shop\\\/15\\\/elevate-rutilated-quartz-cz-14k-gold-threadless-end\\\/\",\"name\":\"Elevate - Rutilated Quartz + CZ - 14K Goud - Piercing top - inksanepiercing.com\",\"isPartOf\":{\"@id\":\"https:\\\/\\\/inksanepiercing.com\\\/#website\"},\"primaryImageOfPage\":{\"@id\":\"https:\\\/\\\/inksanepiercing.com\\\/shop\\\/15\\\/elevate-rutilated-quartz-cz-14k-gold-threadless-end\\\/#primaryimage\"},\"image\":{\"@id\":\"https:\\\/\\\/inksanepiercing.com\\\/shop\\\/15\\\/elevate-rutilated-quartz-cz-14k-gold-threadless-end\\\/#primaryimage\"},\"thumbnailUrl\":\"https:\\\/\\\/inksanepiercing.com\\\/wp-content\\\/uploads\\\/2023\\\/11\\\/ElevateGoldenRutile_YG_800x.webp\",\"datePublished\":\"2023-11-23T15:42:13+00:00\",\"dateModified\":\"2024-09-08T12:47:44+00:00\",\"breadcrumb\":{\"@id\":\"https:\\\/\\\/inksanepiercing.com\\\/shop\\\/15\\\/elevate-rutilated-quartz-cz-14k-gold-threadless-end\\\/#breadcrumb\"},\"inLanguage\":\"fr-BE\",\"potentialAction\":[{\"@type\":\"ReadAction\",\"target\":[\"https:\\\/\\\/inksanepiercing.com\\\/shop\\\/15\\\/elevate-rutilated-quartz-cz-14k-gold-threadless-end\\\/\"]}]},{\"@type\":\"ImageObject\",\"inLanguage\":\"fr-BE\",\"@id\":\"https:\\\/\\\/inksanepiercing.com\\\/shop\\\/15\\\/elevate-rutilated-quartz-cz-14k-gold-threadless-end\\\/#primaryimage\",\"url\":\"https:\\\/\\\/inksanepiercing.com\\\/wp-content\\\/uploads\\\/2023\\\/11\\\/ElevateGoldenRutile_YG_800x.webp\",\"contentUrl\":\"https:\\\/\\\/inksanepiercing.com\\\/wp-content\\\/uploads\\\/2023\\\/11\\\/ElevateGoldenRutile_YG_800x.webp\",\"width\":800,\"height\":800},{\"@type\":\"BreadcrumbList\",\"@id\":\"https:\\\/\\\/inksanepiercing.com\\\/shop\\\/15\\\/elevate-rutilated-quartz-cz-14k-gold-threadless-end\\\/#breadcrumb\",\"itemListElement\":[{\"@type\":\"ListItem\",\"position\":1,\"name\":\"Shop\",\"item\":\"http:\\\/\\\/inksanepiercing.com\\\/en\\\/shop\\\/\"},{\"@type\":\"ListItem\",\"position\":2,\"name\":\"Elevate &#8211; Rutilated Quartz + CZ &#8211; 14K Goud &#8211; Piercing top\"}]},{\"@type\":\"WebSite\",\"@id\":\"https:\\\/\\\/inksanepiercing.com\\\/#website\",\"url\":\"https:\\\/\\\/inksanepiercing.com\\\/\",\"name\":\"inksanepiercing.com\",\"description\":\"Inksane piercing en webshop\",\"publisher\":{\"@id\":\"https:\\\/\\\/inksanepiercing.com\\\/#organization\"},\"potentialAction\":[{\"@type\":\"SearchAction\",\"target\":{\"@type\":\"EntryPoint\",\"urlTemplate\":\"https:\\\/\\\/inksanepiercing.com\\\/?s={search_term_string}\"},\"query-input\":{\"@type\":\"PropertyValueSpecification\",\"valueRequired\":true,\"valueName\":\"search_term_string\"}}],\"inLanguage\":\"fr-BE\"},{\"@type\":\"Organization\",\"@id\":\"https:\\\/\\\/inksanepiercing.com\\\/#organization\",\"name\":\"inksanepiercing.com\",\"url\":\"https:\\\/\\\/inksanepiercing.com\\\/\",\"logo\":{\"@type\":\"ImageObject\",\"inLanguage\":\"fr-BE\",\"@id\":\"https:\\\/\\\/inksanepiercing.com\\\/#\\\/schema\\\/logo\\\/image\\\/\",\"url\":\"https:\\\/\\\/inksanepiercing.com\\\/wp-content\\\/uploads\\\/2023\\\/12\\\/cropped-cropped-logo-grijs-rozer.png\",\"contentUrl\":\"https:\\\/\\\/inksanepiercing.com\\\/wp-content\\\/uploads\\\/2023\\\/12\\\/cropped-cropped-logo-grijs-rozer.png\",\"width\":2131,\"height\":1067,\"caption\":\"inksanepiercing.com\"},\"image\":{\"@id\":\"https:\\\/\\\/inksanepiercing.com\\\/#\\\/schema\\\/logo\\\/image\\\/\"},\"sameAs\":[\"https:\\\/\\\/www.facebook.com\\\/InksanePiercing\",\"https:\\\/\\\/www.instagram.com\\\/inksane_piercing\\\/\"]}]}<\/script>\n<meta property=\"product:price:currency\" content=\"EUR\" \/>\n<meta property=\"og:availability\" content=\"instock\" \/>\n<meta property=\"product:availability\" content=\"instock\" \/>\n<meta property=\"product:condition\" content=\"new\" \/>\n<!-- \/ Yoast SEO Premium plugin. -->","yoast_head_json":{"title":"Elevate - Quartz Rutil\u00e9 + CZ - Or 14K - Top piercing - inksanepiercing.com","robots":{"index":"index","follow":"follow","max-snippet":"max-snippet:-1","max-image-preview":"max-image-preview:large","max-video-preview":"max-video-preview:-1"},"canonical":"https:\/\/inksanepiercing.com\/fr\/shop\/15\/elevate-rutilated-quartz-cz-14k-gold-threadless-end\/","og_locale":"fr_FR","og_type":"article","og_title":"Elevate - Rutilated Quartz + CZ - 14K Goud - Piercing top - inksanepiercing.com","og_description":"Elegante chic ontmoet goddelijke mode in dit gedurfde ontwerp van Rutielkwarts + CZ. De edelstenen die we presenteren, zijn speciaal gekozen vanwege hun perfecte snit en kwaliteit om onze sieraden te verlichten. Details Massief 14kt Goud &#8211; Verkrijgbaar in Geel, Ros\u00e9 &amp; Wit goud (1) 1,5 mm x 2,5 mm x 4,5 mm Rutielkwarts, en [&hellip;]","og_url":"https:\/\/inksanepiercing.com\/fr\/shop\/15\/elevate-rutilated-quartz-cz-14k-gold-threadless-end\/","og_site_name":"inksanepiercing.com","article_publisher":"https:\/\/www.facebook.com\/InksanePiercing","article_modified_time":"2024-09-08T12:47:44+00:00","og_image":[{"width":800,"height":800,"url":"https:\/\/inksanepiercing.com\/wp-content\/uploads\/2023\/11\/ElevateGoldenRutile_YG_800x.webp","type":"image\/webp"}],"twitter_card":"summary_large_image","twitter_misc":{"Price":"","Availability":"In stock"},"schema":{"@context":"https:\/\/schema.org","@graph":[{"@type":"WebPage","@id":"https:\/\/inksanepiercing.com\/shop\/15\/elevate-rutilated-quartz-cz-14k-gold-threadless-end\/","url":"https:\/\/inksanepiercing.com\/shop\/15\/elevate-rutilated-quartz-cz-14k-gold-threadless-end\/","name":"Elevate - Quartz Rutil\u00e9 + CZ - Or 14K - Top piercing - inksanepiercing.com","isPartOf":{"@id":"https:\/\/inksanepiercing.com\/#website"},"primaryImageOfPage":{"@id":"https:\/\/inksanepiercing.com\/shop\/15\/elevate-rutilated-quartz-cz-14k-gold-threadless-end\/#primaryimage"},"image":{"@id":"https:\/\/inksanepiercing.com\/shop\/15\/elevate-rutilated-quartz-cz-14k-gold-threadless-end\/#primaryimage"},"thumbnailUrl":"https:\/\/inksanepiercing.com\/wp-content\/uploads\/2023\/11\/ElevateGoldenRutile_YG_800x.webp","datePublished":"2023-11-23T15:42:13+00:00","dateModified":"2024-09-08T12:47:44+00:00","breadcrumb":{"@id":"https:\/\/inksanepiercing.com\/shop\/15\/elevate-rutilated-quartz-cz-14k-gold-threadless-end\/#breadcrumb"},"inLanguage":"fr-BE","potentialAction":[{"@type":"ReadAction","target":["https:\/\/inksanepiercing.com\/shop\/15\/elevate-rutilated-quartz-cz-14k-gold-threadless-end\/"]}]},{"@type":"ImageObject","inLanguage":"fr-BE","@id":"https:\/\/inksanepiercing.com\/shop\/15\/elevate-rutilated-quartz-cz-14k-gold-threadless-end\/#primaryimage","url":"https:\/\/inksanepiercing.com\/wp-content\/uploads\/2023\/11\/ElevateGoldenRutile_YG_800x.webp","contentUrl":"https:\/\/inksanepiercing.com\/wp-content\/uploads\/2023\/11\/ElevateGoldenRutile_YG_800x.webp","width":800,"height":800},{"@type":"BreadcrumbList","@id":"https:\/\/inksanepiercing.com\/shop\/15\/elevate-rutilated-quartz-cz-14k-gold-threadless-end\/#breadcrumb","itemListElement":[{"@type":"ListItem","position":1,"name":"Shop","item":"http:\/\/inksanepiercing.com\/en\/shop\/"},{"@type":"ListItem","position":2,"name":"Elevate &#8211; Rutilated Quartz + CZ &#8211; 14K Goud &#8211; Piercing top"}]},{"@type":"WebSite","@id":"https:\/\/inksanepiercing.com\/#website","url":"https:\/\/inksanepiercing.com\/","name":"inksanepiercing.com","description":"Inksane piercing et boutique en ligne","publisher":{"@id":"https:\/\/inksanepiercing.com\/#organization"},"potentialAction":[{"@type":"SearchAction","target":{"@type":"EntryPoint","urlTemplate":"https:\/\/inksanepiercing.com\/?s={search_term_string}"},"query-input":{"@type":"PropertyValueSpecification","valueRequired":true,"valueName":"search_term_string"}}],"inLanguage":"fr-BE"},{"@type":"Organization","@id":"https:\/\/inksanepiercing.com\/#organization","name":"inksanepiercing.com","url":"https:\/\/inksanepiercing.com\/","logo":{"@type":"ImageObject","inLanguage":"fr-BE","@id":"https:\/\/inksanepiercing.com\/#\/schema\/logo\/image\/","url":"https:\/\/inksanepiercing.com\/wp-content\/uploads\/2023\/12\/cropped-cropped-logo-grijs-rozer.png","contentUrl":"https:\/\/inksanepiercing.com\/wp-content\/uploads\/2023\/12\/cropped-cropped-logo-grijs-rozer.png","width":2131,"height":1067,"caption":"inksanepiercing.com"},"image":{"@id":"https:\/\/inksanepiercing.com\/#\/schema\/logo\/image\/"},"sameAs":["https:\/\/www.facebook.com\/InksanePiercing","https:\/\/www.instagram.com\/inksane_piercing\/"]}]},"product_price_currency":"EUR","og_availability":"instock","product_availability":"instock","product_condition":"new"},"_links":{"self":[{"href":"https:\/\/inksanepiercing.com\/fr\/wp-json\/wp\/v2\/product\/9031","targetHints":{"allow":["GET"]}}],"collection":[{"href":"https:\/\/inksanepiercing.com\/fr\/wp-json\/wp\/v2\/product"}],"about":[{"href":"https:\/\/inksanepiercing.com\/fr\/wp-json\/wp\/v2\/types\/product"}],"wp:featuredmedia":[{"embeddable":true,"href":"https:\/\/inksanepiercing.com\/fr\/wp-json\/wp\/v2\/media\/9047"}],"wp:attachment":[{"href":"https:\/\/inksanepiercing.com\/fr\/wp-json\/wp\/v2\/media?parent=9031"}],"wp:term":[{"taxonomy":"product_brand","embeddable":true,"href":"https:\/\/inksanepiercing.com\/fr\/wp-json\/wp\/v2\/product_brand?post=9031"},{"taxonomy":"product_cat","embeddable":true,"href":"https:\/\/inksanepiercing.com\/fr\/wp-json\/wp\/v2\/product_cat?post=9031"},{"taxonomy":"product_tag","embeddable":true,"href":"https:\/\/inksanepiercing.com\/fr\/wp-json\/wp\/v2\/product_tag?post=9031"}],"curies":[{"name":"wp","href":"https:\/\/api.w.org\/{rel}","templated":true}]}}