{"id":9094,"date":"2023-11-23T17:23:09","date_gmt":"2023-11-23T16:23:09","guid":{"rendered":"https:\/\/inksanepiercing.com\/?post_type=product&#038;p=9094"},"modified":"2024-09-08T15:02:33","modified_gmt":"2024-09-08T13:02:33","slug":"rise-shine-citrine-ombre-14k-goud","status":"publish","type":"product","link":"https:\/\/inksanepiercing.com\/fr\/shop\/15\/rise-shine-citrine-ombre-14k-goud\/","title":{"rendered":"Rise + Shine - Citrine Ombre - Or 14K - Dessus de piercing"},"content":{"rendered":"<p>Pr\u00e9parez-vous \u00e0 des nuances enchanteresses pour illuminer votre style ! Rise + Shine est la pi\u00e8ce parfaite pour ajouter une touche de couleur \u00e0 votre lobe d'oreille, votre septum et votre daith. Orn\u00e9 de diff\u00e9rentes teintes de citrine, Rise + Shine manifestera le succ\u00e8s.<\/p>\n<p>D\u00e9lai de livraison de 4 \u00e0 5 semaines<\/p>\n<p>Jauge 16 Or massif 14kt<\/p>","protected":false},"excerpt":{"rendered":"<p>Pr\u00e9parez-vous \u00e0 des nuances enchanteresses pour illuminer votre style ! Rise + Shine est la pi\u00e8ce parfaite pour ajouter une touche de couleur \u00e0 votre lobe d'oreille, votre septum et votre daith. Orn\u00e9 de diff\u00e9rentes teintes de citrine, Rise + Shine manifestera le succ\u00e8s. D\u00e9lai de livraison : 4-5 semaines Or massif 14kt de calibre 16<\/p>","protected":false},"featured_media":9096,"template":"","meta":{"site-sidebar-layout":"default","site-content-layout":"default","ast-site-content-layout":"default","site-content-style":"default","site-sidebar-style":"default","ast-global-header-display":"","ast-banner-title-visibility":"","ast-main-header-display":"","ast-hfb-above-header-display":"","ast-hfb-below-header-display":"","ast-hfb-mobile-header-display":"","site-post-title":"","ast-breadcrumbs-content":"","ast-featured-img":"","footer-sml-layout":"","theme-transparent-header-meta":"default","adv-header-id-meta":"","stick-header-meta":"","header-above-stick-meta":"","header-main-stick-meta":"","header-below-stick-meta":"","astra-migrate-meta-layouts":"set","ast-page-background-enabled":"default","ast-page-background-meta":{"desktop":{"background-color":"","background-image":"","background-repeat":"repeat","background-position":"center center","background-size":"auto","background-attachment":"scroll","background-type":"","background-media":"","overlay-type":"","overlay-color":"","overlay-opacity":"","overlay-gradient":""},"tablet":{"background-color":"","background-image":"","background-repeat":"repeat","background-position":"center center","background-size":"auto","background-attachment":"scroll","background-type":"","background-media":"","overlay-type":"","overlay-color":"","overlay-opacity":"","overlay-gradient":""},"mobile":{"background-color":"","background-image":"","background-repeat":"repeat","background-position":"center center","background-size":"auto","background-attachment":"scroll","background-type":"","background-media":"","overlay-type":"","overlay-color":"","overlay-opacity":"","overlay-gradient":""}},"ast-content-background-meta":{"desktop":{"background-color":"var(--ast-global-color-5)","background-image":"","background-repeat":"repeat","background-position":"center center","background-size":"auto","background-attachment":"scroll","background-type":"","background-media":"","overlay-type":"","overlay-color":"","overlay-opacity":"","overlay-gradient":""},"tablet":{"background-color":"var(--ast-global-color-5)","background-image":"","background-repeat":"repeat","background-position":"center center","background-size":"auto","background-attachment":"scroll","background-type":"","background-media":"","overlay-type":"","overlay-color":"","overlay-opacity":"","overlay-gradient":""},"mobile":{"background-color":"var(--ast-global-color-5)","background-image":"","background-repeat":"repeat","background-position":"center center","background-size":"auto","background-attachment":"scroll","background-type":"","background-media":"","overlay-type":"","overlay-color":"","overlay-opacity":"","overlay-gradient":""}}},"product_brand":[],"product_cat":[15,542,543,65,547],"product_tag":[],"class_list":{"0":"post-9094","1":"product","2":"type-product","3":"status-publish","4":"has-post-thumbnail","6":"product_cat-15","7":"product_cat-daithpiercing","8":"product_cat-helixpiercing","9":"product_cat-ring","10":"product_cat-septumpiercing","11":"desktop-align-center","12":"tablet-align-center","13":"mobile-align-center","14":"ast-product-gallery-layout-horizontal","15":"ast-product-tabs-layout-horizontal","16":"ast-qv-on-image","18":"first","19":"instock","20":"shipping-taxable","21":"product-type-simple"},"yoast_head":"<!-- This site is optimized with the Yoast SEO Premium plugin v21.9 (Yoast SEO v27.4) - https:\/\/yoast.com\/product\/yoast-seo-premium-wordpress\/ -->\n<title>Rise + Shine - Citrine Ombre - 14K Goud - Piercing top - inksanepiercing.com<\/title>\n<meta name=\"robots\" content=\"index, follow, max-snippet:-1, max-image-preview:large, max-video-preview:-1\" \/>\n<link rel=\"canonical\" href=\"https:\/\/inksanepiercing.com\/fr\/shop\/15\/rise-shine-citrine-ombre-14k-goud\/\" \/>\n<meta property=\"og:locale\" content=\"fr_FR\" \/>\n<meta property=\"og:type\" content=\"article\" \/>\n<meta property=\"og:title\" content=\"Rise + Shine - Citrine Ombre - 14K Goud - Piercing top - inksanepiercing.com\" \/>\n<meta property=\"og:description\" content=\"Maak je klaar voor betoverende tinten om je stijl te verhelderen! Rise + Shine is het perfecte stuk om een vleugje kleur toe te voegen aan je oorlel, septum en daith. Versierd met verschillende tonen van Citrien, zal Rise + Shine succes manifesteren. 4-5 weken leveringstermijn 16 Gauge Massief 14kt goud\" \/>\n<meta property=\"og:url\" content=\"https:\/\/inksanepiercing.com\/fr\/shop\/15\/rise-shine-citrine-ombre-14k-goud\/\" \/>\n<meta property=\"og:site_name\" content=\"inksanepiercing.com\" \/>\n<meta property=\"article:publisher\" content=\"https:\/\/www.facebook.com\/InksanePiercing\" \/>\n<meta property=\"article:modified_time\" content=\"2024-09-08T13:02:33+00:00\" \/>\n<meta property=\"og:image\" content=\"https:\/\/inksanepiercing.com\/wp-content\/uploads\/2023\/11\/RiseShine-CitrineOmbre_YG_800x-1.webp\" \/>\n\t<meta property=\"og:image:width\" content=\"800\" \/>\n\t<meta property=\"og:image:height\" content=\"800\" \/>\n\t<meta property=\"og:image:type\" content=\"image\/webp\" \/>\n<meta name=\"twitter:card\" content=\"summary_large_image\" \/>\n<meta name=\"twitter:label1\" content=\"Price\" \/>\n\t<meta name=\"twitter:data1\" content=\"\" \/>\n\t<meta name=\"twitter:label2\" content=\"Availability\" \/>\n\t<meta name=\"twitter:data2\" content=\"In stock\" \/>\n<script type=\"application\/ld+json\" class=\"yoast-schema-graph\">{\"@context\":\"https:\\\/\\\/schema.org\",\"@graph\":[{\"@type\":\"WebPage\",\"@id\":\"https:\\\/\\\/inksanepiercing.com\\\/shop\\\/15\\\/rise-shine-citrine-ombre-14k-goud\\\/\",\"url\":\"https:\\\/\\\/inksanepiercing.com\\\/shop\\\/15\\\/rise-shine-citrine-ombre-14k-goud\\\/\",\"name\":\"Rise + Shine - Citrine Ombre - 14K Goud - Piercing top - inksanepiercing.com\",\"isPartOf\":{\"@id\":\"https:\\\/\\\/inksanepiercing.com\\\/#website\"},\"primaryImageOfPage\":{\"@id\":\"https:\\\/\\\/inksanepiercing.com\\\/shop\\\/15\\\/rise-shine-citrine-ombre-14k-goud\\\/#primaryimage\"},\"image\":{\"@id\":\"https:\\\/\\\/inksanepiercing.com\\\/shop\\\/15\\\/rise-shine-citrine-ombre-14k-goud\\\/#primaryimage\"},\"thumbnailUrl\":\"https:\\\/\\\/inksanepiercing.com\\\/wp-content\\\/uploads\\\/2023\\\/11\\\/RiseShine-CitrineOmbre_YG_800x-1.webp\",\"datePublished\":\"2023-11-23T16:23:09+00:00\",\"dateModified\":\"2024-09-08T13:02:33+00:00\",\"breadcrumb\":{\"@id\":\"https:\\\/\\\/inksanepiercing.com\\\/shop\\\/15\\\/rise-shine-citrine-ombre-14k-goud\\\/#breadcrumb\"},\"inLanguage\":\"fr-BE\",\"potentialAction\":[{\"@type\":\"ReadAction\",\"target\":[\"https:\\\/\\\/inksanepiercing.com\\\/shop\\\/15\\\/rise-shine-citrine-ombre-14k-goud\\\/\"]}]},{\"@type\":\"ImageObject\",\"inLanguage\":\"fr-BE\",\"@id\":\"https:\\\/\\\/inksanepiercing.com\\\/shop\\\/15\\\/rise-shine-citrine-ombre-14k-goud\\\/#primaryimage\",\"url\":\"https:\\\/\\\/inksanepiercing.com\\\/wp-content\\\/uploads\\\/2023\\\/11\\\/RiseShine-CitrineOmbre_YG_800x-1.webp\",\"contentUrl\":\"https:\\\/\\\/inksanepiercing.com\\\/wp-content\\\/uploads\\\/2023\\\/11\\\/RiseShine-CitrineOmbre_YG_800x-1.webp\",\"width\":800,\"height\":800},{\"@type\":\"BreadcrumbList\",\"@id\":\"https:\\\/\\\/inksanepiercing.com\\\/shop\\\/15\\\/rise-shine-citrine-ombre-14k-goud\\\/#breadcrumb\",\"itemListElement\":[{\"@type\":\"ListItem\",\"position\":1,\"name\":\"Shop\",\"item\":\"http:\\\/\\\/inksanepiercing.com\\\/en\\\/shop\\\/\"},{\"@type\":\"ListItem\",\"position\":2,\"name\":\"Rise + Shine &#8211; Citrine Ombre &#8211; 14K Goud &#8211; Piercing top\"}]},{\"@type\":\"WebSite\",\"@id\":\"https:\\\/\\\/inksanepiercing.com\\\/#website\",\"url\":\"https:\\\/\\\/inksanepiercing.com\\\/\",\"name\":\"inksanepiercing.com\",\"description\":\"Inksane piercing en webshop\",\"publisher\":{\"@id\":\"https:\\\/\\\/inksanepiercing.com\\\/#organization\"},\"potentialAction\":[{\"@type\":\"SearchAction\",\"target\":{\"@type\":\"EntryPoint\",\"urlTemplate\":\"https:\\\/\\\/inksanepiercing.com\\\/?s={search_term_string}\"},\"query-input\":{\"@type\":\"PropertyValueSpecification\",\"valueRequired\":true,\"valueName\":\"search_term_string\"}}],\"inLanguage\":\"fr-BE\"},{\"@type\":\"Organization\",\"@id\":\"https:\\\/\\\/inksanepiercing.com\\\/#organization\",\"name\":\"inksanepiercing.com\",\"url\":\"https:\\\/\\\/inksanepiercing.com\\\/\",\"logo\":{\"@type\":\"ImageObject\",\"inLanguage\":\"fr-BE\",\"@id\":\"https:\\\/\\\/inksanepiercing.com\\\/#\\\/schema\\\/logo\\\/image\\\/\",\"url\":\"https:\\\/\\\/inksanepiercing.com\\\/wp-content\\\/uploads\\\/2023\\\/12\\\/cropped-cropped-logo-grijs-rozer.png\",\"contentUrl\":\"https:\\\/\\\/inksanepiercing.com\\\/wp-content\\\/uploads\\\/2023\\\/12\\\/cropped-cropped-logo-grijs-rozer.png\",\"width\":2131,\"height\":1067,\"caption\":\"inksanepiercing.com\"},\"image\":{\"@id\":\"https:\\\/\\\/inksanepiercing.com\\\/#\\\/schema\\\/logo\\\/image\\\/\"},\"sameAs\":[\"https:\\\/\\\/www.facebook.com\\\/InksanePiercing\",\"https:\\\/\\\/www.instagram.com\\\/inksane_piercing\\\/\"]}]}<\/script>\n<meta property=\"product:price:currency\" content=\"EUR\" \/>\n<meta property=\"og:availability\" content=\"instock\" \/>\n<meta property=\"product:availability\" content=\"instock\" \/>\n<meta property=\"product:condition\" content=\"new\" \/>\n<!-- \/ Yoast SEO Premium plugin. -->","yoast_head_json":{"title":"Rise + Shine - Citrine Ombre - Or 14K - Piercing top - inksanepiercing.com","robots":{"index":"index","follow":"follow","max-snippet":"max-snippet:-1","max-image-preview":"max-image-preview:large","max-video-preview":"max-video-preview:-1"},"canonical":"https:\/\/inksanepiercing.com\/fr\/shop\/15\/rise-shine-citrine-ombre-14k-goud\/","og_locale":"fr_FR","og_type":"article","og_title":"Rise + Shine - Citrine Ombre - 14K Goud - Piercing top - inksanepiercing.com","og_description":"Maak je klaar voor betoverende tinten om je stijl te verhelderen! Rise + Shine is het perfecte stuk om een vleugje kleur toe te voegen aan je oorlel, septum en daith. Versierd met verschillende tonen van Citrien, zal Rise + Shine succes manifesteren. 4-5 weken leveringstermijn 16 Gauge Massief 14kt goud","og_url":"https:\/\/inksanepiercing.com\/fr\/shop\/15\/rise-shine-citrine-ombre-14k-goud\/","og_site_name":"inksanepiercing.com","article_publisher":"https:\/\/www.facebook.com\/InksanePiercing","article_modified_time":"2024-09-08T13:02:33+00:00","og_image":[{"width":800,"height":800,"url":"https:\/\/inksanepiercing.com\/wp-content\/uploads\/2023\/11\/RiseShine-CitrineOmbre_YG_800x-1.webp","type":"image\/webp"}],"twitter_card":"summary_large_image","twitter_misc":{"Price":"","Availability":"In stock"},"schema":{"@context":"https:\/\/schema.org","@graph":[{"@type":"WebPage","@id":"https:\/\/inksanepiercing.com\/shop\/15\/rise-shine-citrine-ombre-14k-goud\/","url":"https:\/\/inksanepiercing.com\/shop\/15\/rise-shine-citrine-ombre-14k-goud\/","name":"Rise + Shine - Citrine Ombre - Or 14K - Piercing top - inksanepiercing.com","isPartOf":{"@id":"https:\/\/inksanepiercing.com\/#website"},"primaryImageOfPage":{"@id":"https:\/\/inksanepiercing.com\/shop\/15\/rise-shine-citrine-ombre-14k-goud\/#primaryimage"},"image":{"@id":"https:\/\/inksanepiercing.com\/shop\/15\/rise-shine-citrine-ombre-14k-goud\/#primaryimage"},"thumbnailUrl":"https:\/\/inksanepiercing.com\/wp-content\/uploads\/2023\/11\/RiseShine-CitrineOmbre_YG_800x-1.webp","datePublished":"2023-11-23T16:23:09+00:00","dateModified":"2024-09-08T13:02:33+00:00","breadcrumb":{"@id":"https:\/\/inksanepiercing.com\/shop\/15\/rise-shine-citrine-ombre-14k-goud\/#breadcrumb"},"inLanguage":"fr-BE","potentialAction":[{"@type":"ReadAction","target":["https:\/\/inksanepiercing.com\/shop\/15\/rise-shine-citrine-ombre-14k-goud\/"]}]},{"@type":"ImageObject","inLanguage":"fr-BE","@id":"https:\/\/inksanepiercing.com\/shop\/15\/rise-shine-citrine-ombre-14k-goud\/#primaryimage","url":"https:\/\/inksanepiercing.com\/wp-content\/uploads\/2023\/11\/RiseShine-CitrineOmbre_YG_800x-1.webp","contentUrl":"https:\/\/inksanepiercing.com\/wp-content\/uploads\/2023\/11\/RiseShine-CitrineOmbre_YG_800x-1.webp","width":800,"height":800},{"@type":"BreadcrumbList","@id":"https:\/\/inksanepiercing.com\/shop\/15\/rise-shine-citrine-ombre-14k-goud\/#breadcrumb","itemListElement":[{"@type":"ListItem","position":1,"name":"Shop","item":"http:\/\/inksanepiercing.com\/en\/shop\/"},{"@type":"ListItem","position":2,"name":"Rise + Shine &#8211; Citrine Ombre &#8211; 14K Goud &#8211; Piercing top"}]},{"@type":"WebSite","@id":"https:\/\/inksanepiercing.com\/#website","url":"https:\/\/inksanepiercing.com\/","name":"inksanepiercing.com","description":"Inksane piercing et boutique en ligne","publisher":{"@id":"https:\/\/inksanepiercing.com\/#organization"},"potentialAction":[{"@type":"SearchAction","target":{"@type":"EntryPoint","urlTemplate":"https:\/\/inksanepiercing.com\/?s={search_term_string}"},"query-input":{"@type":"PropertyValueSpecification","valueRequired":true,"valueName":"search_term_string"}}],"inLanguage":"fr-BE"},{"@type":"Organization","@id":"https:\/\/inksanepiercing.com\/#organization","name":"inksanepiercing.com","url":"https:\/\/inksanepiercing.com\/","logo":{"@type":"ImageObject","inLanguage":"fr-BE","@id":"https:\/\/inksanepiercing.com\/#\/schema\/logo\/image\/","url":"https:\/\/inksanepiercing.com\/wp-content\/uploads\/2023\/12\/cropped-cropped-logo-grijs-rozer.png","contentUrl":"https:\/\/inksanepiercing.com\/wp-content\/uploads\/2023\/12\/cropped-cropped-logo-grijs-rozer.png","width":2131,"height":1067,"caption":"inksanepiercing.com"},"image":{"@id":"https:\/\/inksanepiercing.com\/#\/schema\/logo\/image\/"},"sameAs":["https:\/\/www.facebook.com\/InksanePiercing","https:\/\/www.instagram.com\/inksane_piercing\/"]}]},"product_price_currency":"EUR","og_availability":"instock","product_availability":"instock","product_condition":"new"},"_links":{"self":[{"href":"https:\/\/inksanepiercing.com\/fr\/wp-json\/wp\/v2\/product\/9094","targetHints":{"allow":["GET"]}}],"collection":[{"href":"https:\/\/inksanepiercing.com\/fr\/wp-json\/wp\/v2\/product"}],"about":[{"href":"https:\/\/inksanepiercing.com\/fr\/wp-json\/wp\/v2\/types\/product"}],"wp:featuredmedia":[{"embeddable":true,"href":"https:\/\/inksanepiercing.com\/fr\/wp-json\/wp\/v2\/media\/9096"}],"wp:attachment":[{"href":"https:\/\/inksanepiercing.com\/fr\/wp-json\/wp\/v2\/media?parent=9094"}],"wp:term":[{"taxonomy":"product_brand","embeddable":true,"href":"https:\/\/inksanepiercing.com\/fr\/wp-json\/wp\/v2\/product_brand?post=9094"},{"taxonomy":"product_cat","embeddable":true,"href":"https:\/\/inksanepiercing.com\/fr\/wp-json\/wp\/v2\/product_cat?post=9094"},{"taxonomy":"product_tag","embeddable":true,"href":"https:\/\/inksanepiercing.com\/fr\/wp-json\/wp\/v2\/product_tag?post=9094"}],"curies":[{"name":"wp","href":"https:\/\/api.w.org\/{rel}","templated":true}]}}